{"id":5371,"date":"2022-11-18T19:47:48","date_gmt":"2022-11-18T18:47:48","guid":{"rendered":"https:\/\/regeszet.bibl.u-szeged.hu\/?page_id=5371"},"modified":"2023-04-18T20:18:36","modified_gmt":"2023-04-18T18:18:36","slug":"2022-2023-i-felev","status":"publish","type":"page","link":"https:\/\/regeszet.bibl.u-szeged.hu\/index.php\/tehetseggondozas\/tdk-otdk\/2022-2023-i-felev\/","title":{"rendered":"2022\/2023. I. f\u00e9l\u00e9v TDK"},"content":{"rendered":"<p>A szegedi R\u00e9g\u00e9szeti Tansz\u00e9ken 2022. november 17-\u00e9n ker\u00fclt megrendez\u00e9sre a Tudom\u00e1nyos Di\u00e1kk\u00f6ri Konferencia \u0151szi helyi fordul\u00f3ja, melynek keret\u00e9ben n\u00e9gy hallgat\u00f3 mutatta be kutat\u00e1si eredm\u00e9nyeit.<\/p>\n<ul>\n<li><strong>Major R\u00e9ka<\/strong>: A Mak\u00f3\u2013Kosihy\u2013\u0108aka-kult\u00fara kapcsolatai egy kiskundorozsmai telep\u00fcl\u00e9sr\u00e9szlet alapj\u00e1n<br \/>\nT\u00e9mavezet\u0151: Kulcs\u00e1r Val\u00e9ria<\/li>\n<li><strong>Farkas Anna<\/strong>: A vajdas\u00e1gi B\u00e1ns\u00e1g avar kori temet\u0151i \u00e9s s\u00edrleletei. Adatok a t\u00e9rs\u00e9g avar kori temetkez\u00e9si szok\u00e1saihoz<br \/>\nT\u00e9mavezet\u0151: Pint\u00e9r-Nagy Katalin<\/li>\n<li><strong>Horv\u00e1th Patr\u00edcia<\/strong>: Adatok a sz\u00e1dv\u00e1ri v\u00e1r kora \u00fajkori k\u00e1lyhacsempe leleteihez<br \/>\nT\u00e9mavezet\u0151: Wolf M\u00e1ria<\/li>\n<li><strong>Dorozsmai Bal\u00e1zs<\/strong>: \u00d3lomplomb\u00e1k a k\u00f6z\u00e9pkori Gerend\u00e1s falu ter\u00fclet\u00e9r\u0151l<br \/>\nT\u00e9mavezet\u0151: Wolf M\u00e1ria<\/li>\n<\/ul>\n<p>A TDK-dolgozatok t\u00e9mavezet\u0151i\/opponensi v\u00e9lem\u00e9nyez\u00e9se, valamint az el\u0151ad\u00e1sok \u00e9rt\u00e9kel\u00e9se alapj\u00e1n a zs\u0171ribizotts\u00e1g (R\u00e9v\u00e9sz L\u00e1szl\u00f3, V\u00f6r\u00f6s Gabriella, Felf\u00f6ldi Szabolcs) d\u00f6nt\u00e9se \u00e9rtelm\u00e9ben mind a n\u00e9gy hallgat\u00f3 tov\u00e1bbjutott az OTDK-ra.<\/p>\n<p><img loading=\"lazy\" decoding=\"async\" class=\"aligncenter wp-image-5231 size-full\" src=\"http:\/\/regeszet.bibl.u-szeged.hu\/wp-content\/uploads\/2022\/11\/TDK_2022.jpg\" alt=\"\" width=\"1190\" height=\"1683\" srcset=\"https:\/\/regeszet.bibl.u-szeged.hu\/wp-content\/uploads\/2022\/11\/TDK_2022.jpg 1190w, https:\/\/regeszet.bibl.u-szeged.hu\/wp-content\/uploads\/2022\/11\/TDK_2022-212x300.jpg 212w, https:\/\/regeszet.bibl.u-szeged.hu\/wp-content\/uploads\/2022\/11\/TDK_2022-724x1024.jpg 724w, https:\/\/regeszet.bibl.u-szeged.hu\/wp-content\/uploads\/2022\/11\/TDK_2022-768x1086.jpg 768w, https:\/\/regeszet.bibl.u-szeged.hu\/wp-content\/uploads\/2022\/11\/TDK_2022-1086x1536.jpg 1086w\" sizes=\"auto, (max-width: 1190px) 100vw, 1190px\" \/><\/p>\n","protected":false},"excerpt":{"rendered":"<p>A szegedi R\u00e9g\u00e9szeti Tansz\u00e9ken 2022. november 17-\u00e9n ker\u00fclt megrendez\u00e9sre a Tudom\u00e1nyos Di\u00e1kk\u00f6ri Konferencia \u0151szi helyi fordul\u00f3ja, melynek keret\u00e9ben n\u00e9gy hallgat\u00f3 mutatta be kutat\u00e1si eredm\u00e9nyeit. Major R\u00e9ka: A Mak\u00f3\u2013Kosihy\u2013\u0108aka-kult\u00fara kapcsolatai egy kiskundorozsmai telep\u00fcl\u00e9sr\u00e9szlet alapj\u00e1n T\u00e9mavezet\u0151: Kulcs\u00e1r Val\u00e9ria Farkas Anna: A vajdas\u00e1gi B\u00e1ns\u00e1g avar kori temet\u0151i \u00e9s s\u00edrleletei. Adatok a t\u00e9rs\u00e9g avar kori temetkez\u00e9si szok\u00e1saihoz T\u00e9mavezet\u0151: Pint\u00e9r-Nagy &hellip; <a href=\"https:\/\/regeszet.bibl.u-szeged.hu\/index.php\/tehetseggondozas\/tdk-otdk\/2022-2023-i-felev\/\" class=\"more-link\"><span class=\"screen-reader-text\">2022\/2023. I. f\u00e9l\u00e9v TDK<\/span> b\u0151vebben&#8230; <span class=\"meta-nav\">&rarr;<\/span><\/a><\/p>\n","protected":false},"author":1,"featured_media":0,"parent":174,"menu_order":0,"comment_status":"closed","ping_status":"closed","template":"","meta":{"footnotes":""},"class_list":["post-5371","page","type-page","status-publish","hentry"],"_links":{"self":[{"href":"https:\/\/regeszet.bibl.u-szeged.hu\/index.php\/wp-json\/wp\/v2\/pages\/5371","targetHints":{"allow":["GET"]}}],"collection":[{"href":"https:\/\/regeszet.bibl.u-szeged.hu\/index.php\/wp-json\/wp\/v2\/pages"}],"about":[{"href":"https:\/\/regeszet.bibl.u-szeged.hu\/index.php\/wp-json\/wp\/v2\/types\/page"}],"author":[{"embeddable":true,"href":"https:\/\/regeszet.bibl.u-szeged.hu\/index.php\/wp-json\/wp\/v2\/users\/1"}],"replies":[{"embeddable":true,"href":"https:\/\/regeszet.bibl.u-szeged.hu\/index.php\/wp-json\/wp\/v2\/comments?post=5371"}],"version-history":[{"count":3,"href":"https:\/\/regeszet.bibl.u-szeged.hu\/index.php\/wp-json\/wp\/v2\/pages\/5371\/revisions"}],"predecessor-version":[{"id":5381,"href":"https:\/\/regeszet.bibl.u-szeged.hu\/index.php\/wp-json\/wp\/v2\/pages\/5371\/revisions\/5381"}],"up":[{"embeddable":true,"href":"https:\/\/regeszet.bibl.u-szeged.hu\/index.php\/wp-json\/wp\/v2\/pages\/174"}],"wp:attachment":[{"href":"https:\/\/regeszet.bibl.u-szeged.hu\/index.php\/wp-json\/wp\/v2\/media?parent=5371"}],"curies":[{"name":"wp","href":"https:\/\/api.w.org\/{rel}","templated":true}]}}