{"id":5382,"date":"2023-04-18T20:35:25","date_gmt":"2023-04-18T18:35:25","guid":{"rendered":"https:\/\/regeszet.bibl.u-szeged.hu\/?page_id=5382"},"modified":"2023-04-18T20:49:06","modified_gmt":"2023-04-18T18:49:06","slug":"2023-as-otdk","status":"publish","type":"page","link":"https:\/\/regeszet.bibl.u-szeged.hu\/index.php\/tehetseggondozas\/2023-as-otdk\/","title":{"rendered":"2023-as OTDK"},"content":{"rendered":"<header class=\"entry-header\">\n<h1 class=\"entry-title\"><strong style=\"font-family: 'Source Sans Pro', Helvetica, sans-serif; font-size: 16px;\">A XXXVI. OTDK eredm\u00e9nyei<\/strong><\/h1>\n<\/header>\n<div class=\"entry-content\">\n<p>A K\u00e1roli G\u00e1sp\u00e1r Reform\u00e1tus Egyetem \u00e1ltal megrendezett XXXVI. Orsz\u00e1gos Tudom\u00e1nyos Di\u00e1kk\u00f6ri Konferenci\u00e1n tansz\u00e9k\u00fcnket h\u00e1rom hallgat\u00f3nk k\u00e9pviselte. Di\u00e1kjaink az <em>\u00d3kori el\u0151-\u00e1zsiai \u00e9s antik r\u00e9g\u00e9szet<\/em>, illetve az <em>\u0150skori, n\u00e9pv\u00e1ndorl\u00e1skori \u00e9s k\u00f6z\u00e9pkori r\u00e9g\u00e9szet<\/em> altagozatban adt\u00e1k el\u0151 sz\u00ednvonalas el\u0151ad\u00e1saikat.<\/p>\n<p><strong>A XXXVI. OTDK-\u00e1n r\u00e9sztvev\u0151 hallgat\u00f3ink:<\/strong><\/p>\n<ul>\n<li>Horv\u00e1th Patr\u00edcia:\u00a0Adatok a sz\u00e1dv\u00e1ri v\u00e1r kora \u00fajkori k\u00e1lyhacsempe leleteihez<br \/>\nT\u00e9mavezet\u0151: Wolf M\u00e1ria<\/li>\n<li>Major R\u00e9ka: A Mak\u00f3\u2013Kosihy\u2013\u0108aka-kult\u00fara kapcsolatai egy kiskundorozsmai telep\u00fcl\u00e9sr\u00e9szlet alapj\u00e1n<br \/>\nT\u00e9mavezet\u0151: Kulcs\u00e1r Val\u00e9ria<\/li>\n<li>Pill\u00e9r P\u00e9ter: R\u00f3mai t\u00e9rdfibul\u00e1k az alf\u00f6ldi szarmata Barbaricum ter\u00fclet\u00e9r\u0151l<br \/>\nT\u00e9mavezet\u0151: V\u00f6r\u00f6s Gabriella<\/li>\n<\/ul>\n<div class=\"rgg-container\" data-rgg-id=\"1\">    <div class=\"rgg-imagegrid captions-title captions-effect-none \" data-rgg-id=\"1\">\n                    <a href=\"https:\/\/regeszet.bibl.u-szeged.hu\/wp-content\/uploads\/2023\/04\/Horvath-Patricia_-1024x768.jpg\" data-rel=\"rgg\" rel=\"rgg\" title=\"\" class=\"rgg-disabled size-medium rgg-img\" data-src=\"https:\/\/regeszet.bibl.u-szeged.hu\/wp-content\/uploads\/2023\/04\/Horvath-Patricia_-300x225.jpg\" data-ratio=\"1.3333333333333\" data-height=\"225\" data-width=\"300\" aria-label=\"\">\n                            <\/a>\n                    <a href=\"https:\/\/regeszet.bibl.u-szeged.hu\/wp-content\/uploads\/2023\/04\/Major-Reka_-1024x768.jpg\" data-rel=\"rgg\" rel=\"rgg\" title=\"\" class=\"rgg-disabled size-medium rgg-img\" data-src=\"https:\/\/regeszet.bibl.u-szeged.hu\/wp-content\/uploads\/2023\/04\/Major-Reka_-300x225.jpg\" data-ratio=\"1.3333333333333\" data-height=\"225\" data-width=\"300\" aria-label=\"\">\n                            <\/a>\n                    <a href=\"https:\/\/regeszet.bibl.u-szeged.hu\/wp-content\/uploads\/2023\/04\/Piller-Peter_-1024x768.jpg\" data-rel=\"rgg\" rel=\"rgg\" title=\"\" class=\"rgg-disabled size-medium rgg-img\" data-src=\"https:\/\/regeszet.bibl.u-szeged.hu\/wp-content\/uploads\/2023\/04\/Piller-Peter_-300x225.jpg\" data-ratio=\"1.3333333333333\" data-height=\"225\" data-width=\"300\" aria-label=\"\">\n                            <\/a>\n            <\/div>\n<\/div>\n<\/div>\n","protected":false},"excerpt":{"rendered":"<p>A XXXVI. OTDK eredm\u00e9nyei A K\u00e1roli G\u00e1sp\u00e1r Reform\u00e1tus Egyetem \u00e1ltal megrendezett XXXVI. Orsz\u00e1gos Tudom\u00e1nyos Di\u00e1kk\u00f6ri Konferenci\u00e1n tansz\u00e9k\u00fcnket h\u00e1rom hallgat\u00f3nk k\u00e9pviselte. Di\u00e1kjaink az \u00d3kori el\u0151-\u00e1zsiai \u00e9s antik r\u00e9g\u00e9szet, illetve az \u0150skori, n\u00e9pv\u00e1ndorl\u00e1skori \u00e9s k\u00f6z\u00e9pkori r\u00e9g\u00e9szet altagozatban adt\u00e1k el\u0151 sz\u00ednvonalas el\u0151ad\u00e1saikat. A XXXVI. OTDK-\u00e1n r\u00e9sztvev\u0151 hallgat\u00f3ink: Horv\u00e1th Patr\u00edcia:\u00a0Adatok a sz\u00e1dv\u00e1ri v\u00e1r kora \u00fajkori k\u00e1lyhacsempe leleteihez T\u00e9mavezet\u0151: Wolf &hellip; <a href=\"https:\/\/regeszet.bibl.u-szeged.hu\/index.php\/tehetseggondozas\/2023-as-otdk\/\" class=\"more-link\"><span class=\"screen-reader-text\">2023-as OTDK<\/span> b\u0151vebben&#8230; <span class=\"meta-nav\">&rarr;<\/span><\/a><\/p>\n","protected":false},"author":1,"featured_media":0,"parent":49,"menu_order":0,"comment_status":"closed","ping_status":"closed","template":"","meta":{"footnotes":""},"class_list":["post-5382","page","type-page","status-publish","hentry"],"_links":{"self":[{"href":"https:\/\/regeszet.bibl.u-szeged.hu\/index.php\/wp-json\/wp\/v2\/pages\/5382","targetHints":{"allow":["GET"]}}],"collection":[{"href":"https:\/\/regeszet.bibl.u-szeged.hu\/index.php\/wp-json\/wp\/v2\/pages"}],"about":[{"href":"https:\/\/regeszet.bibl.u-szeged.hu\/index.php\/wp-json\/wp\/v2\/types\/page"}],"author":[{"embeddable":true,"href":"https:\/\/regeszet.bibl.u-szeged.hu\/index.php\/wp-json\/wp\/v2\/users\/1"}],"replies":[{"embeddable":true,"href":"https:\/\/regeszet.bibl.u-szeged.hu\/index.php\/wp-json\/wp\/v2\/comments?post=5382"}],"version-history":[{"count":3,"href":"https:\/\/regeszet.bibl.u-szeged.hu\/index.php\/wp-json\/wp\/v2\/pages\/5382\/revisions"}],"predecessor-version":[{"id":5392,"href":"https:\/\/regeszet.bibl.u-szeged.hu\/index.php\/wp-json\/wp\/v2\/pages\/5382\/revisions\/5392"}],"up":[{"embeddable":true,"href":"https:\/\/regeszet.bibl.u-szeged.hu\/index.php\/wp-json\/wp\/v2\/pages\/49"}],"wp:attachment":[{"href":"https:\/\/regeszet.bibl.u-szeged.hu\/index.php\/wp-json\/wp\/v2\/media?parent=5382"}],"curies":[{"name":"wp","href":"https:\/\/api.w.org\/{rel}","templated":true}]}}