{"id":544,"date":"2017-11-23T11:30:06","date_gmt":"2017-11-23T10:30:06","guid":{"rendered":"http:\/\/regeszet.bibl.u-szeged.hu\/?page_id=544"},"modified":"2017-11-23T13:25:57","modified_gmt":"2017-11-23T12:25:57","slug":"latvanytar-2015","status":"publish","type":"page","link":"https:\/\/regeszet.bibl.u-szeged.hu\/index.php\/tanszeki-gyujtemeny\/kiallitasaink\/latvanytar-2015\/","title":{"rendered":"L\u00e1tv\u00e1nyt\u00e1r 2015"},"content":{"rendered":"<p>R\u00e9g\u00e9szeti gy\u0171jtem\u00e9ny\u00fcnk 2015 m\u00e1jus\u00e1ban k\u00f6lt\u00f6z\u00f6tt vissza tansz\u00e9k\u00fcnkre. Jelenleg a r\u00e9g\u00e9szeti t\u00e1r rev\u00edzi\u00f3ja, feldolgoz\u00e1sa zajlik. 2015 nyar\u00e1n tansz\u00e9k\u00fcnk oktat\u00f3i ideiglenesen a gy\u0171jtem\u00e9ny legjelent\u0151sebb darabjaib\u00f3l l\u00e1tv\u00e1nyt\u00e1rat rendeztek be. H\u00e1rom \u00fcveges t\u00e1rl\u00f3ban a gy\u0171jtem\u00e9ny leg\u00e9pebb, legjellegzetesebb darabjait mutatjuk be, melyeket id\u0151rendben (\u0151skort\u00f3l a k\u00f6z\u00e9pkorig) helyezt\u00fck el a t\u00e1rl\u00f3k polcain. A negyedik vitrinben tansz\u00e9k\u00fcnk 2009-es gorzsai \u00e1sat\u00e1s\u00e1nak legszebb darabjai l\u00e1that\u00f3k.<\/p>\n<p><a href=\"http:\/\/regeszet.bibl.u-szeged.hu\/wp-content\/uploads\/2017\/11\/004.jpg\"><img loading=\"lazy\" decoding=\"async\" class=\"aligncenter wp-image-555\" src=\"http:\/\/regeszet.bibl.u-szeged.hu\/wp-content\/uploads\/2017\/11\/004.jpg\" alt=\"\" width=\"500\" height=\"375\" \/><\/a><\/p>\n<p><a href=\"http:\/\/regeszet.bibl.u-szeged.hu\/wp-content\/uploads\/2017\/11\/005.jpg\"><img loading=\"lazy\" decoding=\"async\" class=\"aligncenter wp-image-556\" src=\"http:\/\/regeszet.bibl.u-szeged.hu\/wp-content\/uploads\/2017\/11\/005.jpg\" alt=\"\" width=\"500\" height=\"375\" \/><\/a><\/p>\n<p><a href=\"http:\/\/regeszet.bibl.u-szeged.hu\/wp-content\/uploads\/2017\/11\/008.jpg\"><img loading=\"lazy\" decoding=\"async\" class=\"aligncenter wp-image-557\" src=\"http:\/\/regeszet.bibl.u-szeged.hu\/wp-content\/uploads\/2017\/11\/008.jpg\" alt=\"\" width=\"500\" height=\"375\" \/><\/a><\/p>\n<p><a href=\"http:\/\/regeszet.bibl.u-szeged.hu\/wp-content\/uploads\/2017\/11\/018.jpg\"><img loading=\"lazy\" decoding=\"async\" class=\"aligncenter wp-image-558\" src=\"http:\/\/regeszet.bibl.u-szeged.hu\/wp-content\/uploads\/2017\/11\/018.jpg\" alt=\"\" width=\"500\" height=\"375\" \/><\/a><\/p>\n<p><a href=\"http:\/\/regeszet.bibl.u-szeged.hu\/wp-content\/uploads\/2017\/11\/024.jpg\"><img loading=\"lazy\" decoding=\"async\" class=\"aligncenter wp-image-559\" src=\"http:\/\/regeszet.bibl.u-szeged.hu\/wp-content\/uploads\/2017\/11\/024.jpg\" alt=\"\" width=\"500\" height=\"375\" \/><\/a><\/p>\n<p><a href=\"http:\/\/regeszet.bibl.u-szeged.hu\/wp-content\/uploads\/2017\/11\/027.jpg\"><img loading=\"lazy\" decoding=\"async\" class=\"aligncenter wp-image-560\" src=\"http:\/\/regeszet.bibl.u-szeged.hu\/wp-content\/uploads\/2017\/11\/027.jpg\" alt=\"\" width=\"375\" height=\"500\" \/><\/a><\/p>\n<p><a href=\"http:\/\/regeszet.bibl.u-szeged.hu\/wp-content\/uploads\/2017\/11\/039.jpg\"><img loading=\"lazy\" decoding=\"async\" class=\"aligncenter wp-image-561\" src=\"http:\/\/regeszet.bibl.u-szeged.hu\/wp-content\/uploads\/2017\/11\/039.jpg\" alt=\"\" width=\"375\" height=\"500\" \/><\/a><\/p>\n<p><a href=\"http:\/\/regeszet.bibl.u-szeged.hu\/wp-content\/uploads\/2017\/11\/060.jpg\"><img loading=\"lazy\" decoding=\"async\" class=\"aligncenter wp-image-562\" src=\"http:\/\/regeszet.bibl.u-szeged.hu\/wp-content\/uploads\/2017\/11\/060.jpg\" alt=\"\" width=\"375\" height=\"500\" \/><\/a><\/p>\n<p><a href=\"http:\/\/regeszet.bibl.u-szeged.hu\/wp-content\/uploads\/2017\/11\/072.jpg\"><img loading=\"lazy\" decoding=\"async\" class=\"aligncenter wp-image-563\" src=\"http:\/\/regeszet.bibl.u-szeged.hu\/wp-content\/uploads\/2017\/11\/072.jpg\" alt=\"\" width=\"375\" height=\"500\" \/><\/a><\/p>\n","protected":false},"excerpt":{"rendered":"<p>R\u00e9g\u00e9szeti gy\u0171jtem\u00e9ny\u00fcnk 2015 m\u00e1jus\u00e1ban k\u00f6lt\u00f6z\u00f6tt vissza tansz\u00e9k\u00fcnkre. Jelenleg a r\u00e9g\u00e9szeti t\u00e1r rev\u00edzi\u00f3ja, feldolgoz\u00e1sa zajlik. 2015 nyar\u00e1n tansz\u00e9k\u00fcnk oktat\u00f3i ideiglenesen a gy\u0171jtem\u00e9ny legjelent\u0151sebb darabjaib\u00f3l l\u00e1tv\u00e1nyt\u00e1rat rendeztek be. H\u00e1rom \u00fcveges t\u00e1rl\u00f3ban a gy\u0171jtem\u00e9ny leg\u00e9pebb, legjellegzetesebb darabjait mutatjuk be, melyeket id\u0151rendben (\u0151skort\u00f3l a k\u00f6z\u00e9pkorig) helyezt\u00fck el a t\u00e1rl\u00f3k polcain. A negyedik vitrinben tansz\u00e9k\u00fcnk 2009-es gorzsai \u00e1sat\u00e1s\u00e1nak legszebb darabjai &hellip; <a href=\"https:\/\/regeszet.bibl.u-szeged.hu\/index.php\/tanszeki-gyujtemeny\/kiallitasaink\/latvanytar-2015\/\" class=\"more-link\"><span class=\"screen-reader-text\">L\u00e1tv\u00e1nyt\u00e1r 2015<\/span> b\u0151vebben&#8230; <span class=\"meta-nav\">&rarr;<\/span><\/a><\/p>\n","protected":false},"author":1,"featured_media":0,"parent":269,"menu_order":1,"comment_status":"closed","ping_status":"closed","template":"","meta":{"footnotes":""},"class_list":["post-544","page","type-page","status-publish","hentry"],"_links":{"self":[{"href":"https:\/\/regeszet.bibl.u-szeged.hu\/index.php\/wp-json\/wp\/v2\/pages\/544","targetHints":{"allow":["GET"]}}],"collection":[{"href":"https:\/\/regeszet.bibl.u-szeged.hu\/index.php\/wp-json\/wp\/v2\/pages"}],"about":[{"href":"https:\/\/regeszet.bibl.u-szeged.hu\/index.php\/wp-json\/wp\/v2\/types\/page"}],"author":[{"embeddable":true,"href":"https:\/\/regeszet.bibl.u-szeged.hu\/index.php\/wp-json\/wp\/v2\/users\/1"}],"replies":[{"embeddable":true,"href":"https:\/\/regeszet.bibl.u-szeged.hu\/index.php\/wp-json\/wp\/v2\/comments?post=544"}],"version-history":[{"count":9,"href":"https:\/\/regeszet.bibl.u-szeged.hu\/index.php\/wp-json\/wp\/v2\/pages\/544\/revisions"}],"predecessor-version":[{"id":594,"href":"https:\/\/regeszet.bibl.u-szeged.hu\/index.php\/wp-json\/wp\/v2\/pages\/544\/revisions\/594"}],"up":[{"embeddable":true,"href":"https:\/\/regeszet.bibl.u-szeged.hu\/index.php\/wp-json\/wp\/v2\/pages\/269"}],"wp:attachment":[{"href":"https:\/\/regeszet.bibl.u-szeged.hu\/index.php\/wp-json\/wp\/v2\/media?parent=544"}],"curies":[{"name":"wp","href":"https:\/\/api.w.org\/{rel}","templated":true}]}}