{"id":55,"date":"2017-11-22T08:03:10","date_gmt":"2017-11-22T07:03:10","guid":{"rendered":"http:\/\/regeszet.bibl.u-szeged.hu\/?page_id=55"},"modified":"2017-11-23T13:23:28","modified_gmt":"2017-11-23T12:23:28","slug":"tanszeki-konyvtar","status":"publish","type":"page","link":"https:\/\/regeszet.bibl.u-szeged.hu\/index.php\/tanszeki-konyvtar\/","title":{"rendered":"Tansz\u00e9ki k\u00f6nyvt\u00e1r"},"content":{"rendered":"<p>Tansz\u00e9k\u00fcnk k\u00f6nyvt\u00e1r\u00e1ban k\u00f6zel k\u00e9tezer k\u00f6tet magyar \u00e9s idegen nyelv\u0171 szakk\u00f6nyv \u00e1ll a hallgat\u00f3k \u00e9s az oktat\u00f3k rendelkez\u00e9s\u00e9re. A k\u00f6nyvt\u00e1r r\u00e9sz\u00e9t k\u00e9pezik a hossz\u00fa \u00e9vek \u00f3ta gy\u0171jt\u00f6tt, t\u00f6bb mint 1500 k\u00f6tetet tartalmaz\u00f3 szakfoly\u00f3irat-\u00e1llom\u00e1ny is. Bibliot\u00e9k\u00e1nk jelent\u0151s mennyis\u00e9g\u0171, k\u00f6zel 1500 darab k\u00fcl\u00f6nlenyomat-\u00e1llom\u00e1nnyal is rendelkezik, amely mag\u00e1ban foglalja t\u00f6bbek k\u00f6z\u00f6tt Banner J\u00e1nos \u00e9s Bende L\u00edvia hagyat\u00e9k\u00e1t is. A tansz\u00e9ki k\u00f6nyvt\u00e1runkban tal\u00e1lhat\u00f3k tov\u00e1bb\u00e1 az itt k\u00e9sz\u00fclt szakdolgozatok is.<\/p>\n<p>A k\u00f6nyvt\u00e1r \u00fan. k\u00e9zik\u00f6nyvt\u00e1r, azaz nem k\u00f6lcs\u00f6n\u00f6z k\u00f6nyveket, azok csak helyben haszn\u00e1lhat\u00f3k.<\/p>\n<p>A tansz\u00e9k k\u00f6nyv\u00e1llom\u00e1ny\u00e1nak a felm\u00e9r\u00e9se, rendszerez\u00e9se \u00e9s katalogiz\u00e1l\u00e1sa folyamatban van.<\/p>\n<p><a href=\"http:\/\/regeszet.bibl.u-szeged.hu\/wp-content\/uploads\/2017\/11\/DSC09952.jpg\"><img loading=\"lazy\" decoding=\"async\" class=\"wp-image-511 aligncenter\" src=\"http:\/\/regeszet.bibl.u-szeged.hu\/wp-content\/uploads\/2017\/11\/DSC09952.jpg\" alt=\"\" width=\"450\" height=\"600\" \/><\/a><\/p>\n<p><a href=\"http:\/\/regeszet.bibl.u-szeged.hu\/wp-content\/uploads\/2017\/11\/DSC09953.jpg\"><img loading=\"lazy\" decoding=\"async\" class=\"wp-image-512 aligncenter\" src=\"http:\/\/regeszet.bibl.u-szeged.hu\/wp-content\/uploads\/2017\/11\/DSC09953.jpg\" alt=\"\" width=\"450\" height=\"600\" \/><\/a><\/p>\n<p><a href=\"http:\/\/regeszet.bibl.u-szeged.hu\/wp-content\/uploads\/2017\/11\/DSC09955.jpg\"><img loading=\"lazy\" decoding=\"async\" class=\"wp-image-513 aligncenter\" src=\"http:\/\/regeszet.bibl.u-szeged.hu\/wp-content\/uploads\/2017\/11\/DSC09955.jpg\" alt=\"\" width=\"450\" height=\"600\" \/><\/a><\/p>\n<p><a href=\"http:\/\/regeszet.bibl.u-szeged.hu\/wp-content\/uploads\/2017\/11\/DSC09956.jpg\"><img loading=\"lazy\" decoding=\"async\" class=\"wp-image-514 aligncenter\" src=\"http:\/\/regeszet.bibl.u-szeged.hu\/wp-content\/uploads\/2017\/11\/DSC09956.jpg\" alt=\"\" width=\"450\" height=\"600\" \/><\/a><\/p>\n","protected":false},"excerpt":{"rendered":"<p>Tansz\u00e9k\u00fcnk k\u00f6nyvt\u00e1r\u00e1ban k\u00f6zel k\u00e9tezer k\u00f6tet magyar \u00e9s idegen nyelv\u0171 szakk\u00f6nyv \u00e1ll a hallgat\u00f3k \u00e9s az oktat\u00f3k rendelkez\u00e9s\u00e9re. A k\u00f6nyvt\u00e1r r\u00e9sz\u00e9t k\u00e9pezik a hossz\u00fa \u00e9vek \u00f3ta gy\u0171jt\u00f6tt, t\u00f6bb mint 1500 k\u00f6tetet tartalmaz\u00f3 szakfoly\u00f3irat-\u00e1llom\u00e1ny is. Bibliot\u00e9k\u00e1nk jelent\u0151s mennyis\u00e9g\u0171, k\u00f6zel 1500 darab k\u00fcl\u00f6nlenyomat-\u00e1llom\u00e1nnyal is rendelkezik, amely mag\u00e1ban foglalja t\u00f6bbek k\u00f6z\u00f6tt Banner J\u00e1nos \u00e9s Bende L\u00edvia hagyat\u00e9k\u00e1t is. A &hellip; <a href=\"https:\/\/regeszet.bibl.u-szeged.hu\/index.php\/tanszeki-konyvtar\/\" class=\"more-link\"><span class=\"screen-reader-text\">Tansz\u00e9ki k\u00f6nyvt\u00e1r<\/span> b\u0151vebben&#8230; <span class=\"meta-nav\">&rarr;<\/span><\/a><\/p>\n","protected":false},"author":1,"featured_media":0,"parent":0,"menu_order":8,"comment_status":"closed","ping_status":"closed","template":"","meta":{"footnotes":""},"class_list":["post-55","page","type-page","status-publish","hentry"],"_links":{"self":[{"href":"https:\/\/regeszet.bibl.u-szeged.hu\/index.php\/wp-json\/wp\/v2\/pages\/55","targetHints":{"allow":["GET"]}}],"collection":[{"href":"https:\/\/regeszet.bibl.u-szeged.hu\/index.php\/wp-json\/wp\/v2\/pages"}],"about":[{"href":"https:\/\/regeszet.bibl.u-szeged.hu\/index.php\/wp-json\/wp\/v2\/types\/page"}],"author":[{"embeddable":true,"href":"https:\/\/regeszet.bibl.u-szeged.hu\/index.php\/wp-json\/wp\/v2\/users\/1"}],"replies":[{"embeddable":true,"href":"https:\/\/regeszet.bibl.u-szeged.hu\/index.php\/wp-json\/wp\/v2\/comments?post=55"}],"version-history":[{"count":4,"href":"https:\/\/regeszet.bibl.u-szeged.hu\/index.php\/wp-json\/wp\/v2\/pages\/55\/revisions"}],"predecessor-version":[{"id":591,"href":"https:\/\/regeszet.bibl.u-szeged.hu\/index.php\/wp-json\/wp\/v2\/pages\/55\/revisions\/591"}],"wp:attachment":[{"href":"https:\/\/regeszet.bibl.u-szeged.hu\/index.php\/wp-json\/wp\/v2\/media?parent=55"}],"curies":[{"name":"wp","href":"https:\/\/api.w.org\/{rel}","templated":true}]}}