{"id":5578,"date":"2023-05-31T12:07:10","date_gmt":"2023-05-31T10:07:10","guid":{"rendered":"https:\/\/regeszet.bibl.u-szeged.hu\/?page_id=5578"},"modified":"2023-05-31T12:26:10","modified_gmt":"2023-05-31T10:26:10","slug":"2024-2","status":"publish","type":"page","link":"https:\/\/regeszet.bibl.u-szeged.hu\/index.php\/oktatas\/felvetelizoknek\/felveteli-elokeszito\/2024-2\/","title":{"rendered":"2024"},"content":{"rendered":"<ul>\n<li><a href=\"https:\/\/regeszet.bibl.u-szeged.hu\/index.php\/oktatas\/felvetelizoknek\/felveteli-elokeszito\/2024-2\/levelezorendszeru-felveteli-elokeszito\/\" target=\"_blank\" rel=\"noopener\">Levelez\u0151rendszer\u0171 \/ online felv\u00e9teli el\u0151k\u00e9sz\u00edt\u0151<\/a><\/li>\n<li><a href=\"https:\/\/regeszet.bibl.u-szeged.hu\/index.php\/oktatas\/felvetelizoknek\/felveteli-elokeszito\/2024-2\/nyari-felveteli-elokeszito\/\" target=\"_blank\" rel=\"noopener\">Ny\u00e1ri felv\u00e9teli el\u0151k\u00e9sz\u00edt\u0151<\/a><\/li>\n<\/ul>\n","protected":false},"excerpt":{"rendered":"<p>Levelez\u0151rendszer\u0171 \/ online felv\u00e9teli el\u0151k\u00e9sz\u00edt\u0151 Ny\u00e1ri felv\u00e9teli el\u0151k\u00e9sz\u00edt\u0151<\/p>\n","protected":false},"author":1,"featured_media":0,"parent":5575,"menu_order":0,"comment_status":"closed","ping_status":"closed","template":"","meta":{"footnotes":""},"class_list":["post-5578","page","type-page","status-publish","hentry"],"_links":{"self":[{"href":"https:\/\/regeszet.bibl.u-szeged.hu\/index.php\/wp-json\/wp\/v2\/pages\/5578","targetHints":{"allow":["GET"]}}],"collection":[{"href":"https:\/\/regeszet.bibl.u-szeged.hu\/index.php\/wp-json\/wp\/v2\/pages"}],"about":[{"href":"https:\/\/regeszet.bibl.u-szeged.hu\/index.php\/wp-json\/wp\/v2\/types\/page"}],"author":[{"embeddable":true,"href":"https:\/\/regeszet.bibl.u-szeged.hu\/index.php\/wp-json\/wp\/v2\/users\/1"}],"replies":[{"embeddable":true,"href":"https:\/\/regeszet.bibl.u-szeged.hu\/index.php\/wp-json\/wp\/v2\/comments?post=5578"}],"version-history":[{"count":2,"href":"https:\/\/regeszet.bibl.u-szeged.hu\/index.php\/wp-json\/wp\/v2\/pages\/5578\/revisions"}],"predecessor-version":[{"id":5590,"href":"https:\/\/regeszet.bibl.u-szeged.hu\/index.php\/wp-json\/wp\/v2\/pages\/5578\/revisions\/5590"}],"up":[{"embeddable":true,"href":"https:\/\/regeszet.bibl.u-szeged.hu\/index.php\/wp-json\/wp\/v2\/pages\/5575"}],"wp:attachment":[{"href":"https:\/\/regeszet.bibl.u-szeged.hu\/index.php\/wp-json\/wp\/v2\/media?parent=5578"}],"curies":[{"name":"wp","href":"https:\/\/api.w.org\/{rel}","templated":true}]}}