{"id":58,"date":"2017-11-22T08:03:21","date_gmt":"2017-11-22T07:03:21","guid":{"rendered":"http:\/\/regeszet.bibl.u-szeged.hu\/?page_id=58"},"modified":"2026-03-22T07:53:14","modified_gmt":"2026-03-22T06:53:14","slug":"tanszeki-gyujtemeny","status":"publish","type":"page","link":"https:\/\/regeszet.bibl.u-szeged.hu\/index.php\/tanszeki-gyujtemeny\/","title":{"rendered":"Tansz\u00e9ki gy\u0171jtem\u00e9ny"},"content":{"rendered":"<p>Tansz\u00e9k\u00fcnk r\u00e9g\u00e9szeti gy\u0171jtem\u00e9nye a k\u00e9t vil\u00e1gh\u00e1bor\u00fa k\u00f6z\u00f6tti id\u0151szakban j\u00f6tt l\u00e9tre. Az eredetileg k\u00f6zel 12000 t\u00e9telsz\u00e1m\u00fa gy\u0171jtem\u00e9ny f\u0151k\u00e9nt a tansz\u00e9k oktat\u00f3inak \u00e1sat\u00e1sai anyagait tartalmazza. K\u00f6zt\u00fck Banner J\u00e1nos\u00e9t, akinek a vezet\u00e9s\u00e9vel sorozatos, szakszer\u0171 tansz\u00e9ki \u00e1sat\u00e1sok folytak H\u00f3dmez\u0151v\u00e1s\u00e1rhely hat\u00e1r\u00e1ban (p\u00e9ld\u00e1ul K\u00f6k\u00e9nydomb, Kop\u00e1ncs\u2013Zsoldostanya). A Csongr\u00e1d megyei felt\u00e1r\u00e1sok k\u00f6z\u00fcl a legnagyobb szab\u00e1s\u00fanak az \u00f3szentiv\u00e1ni \u00e1sat\u00e1sok mondhat\u00f3k, ahol t\u00f6bb \u00e9ven \u00e1t jelent\u0151s ter\u00fcleteket, t\u00f6bb korszakhoz (az \u0151skort\u00f3l a k\u00f6z\u00e9pkorig) sorolhat\u00f3 objektumokat t\u00e1rtak fel a tansz\u00e9k r\u00e9g\u00e9szei. A lelt\u00e1rk\u00f6nyvi adatokb\u00f3l kider\u00fcl, hogy a Csongr\u00e1d megyei \u00e1sat\u00e1sok mellett a tansz\u00e9k oktat\u00f3i rendszeresen v\u00e9geztek \u00e1sat\u00e1sokat B\u00e9k\u00e9s megy\u00e9ben is. Erre j\u00f3 p\u00e9lda B\u00e1lint Alajos B\u00e1nk\u00fat\u2013R\u00f3zsamajor lel\u0151helye, ahol a M\u00f3ra Ferenc M\u00fazeum k\u00e9s\u0151bbi igazgat\u00f3ja honfoglal\u00e1s kori s\u00edrokat t\u00e1rt fel. A leletanyag m\u00e1sik r\u00e9sze mag\u00e1nszem\u00e9lyek (p\u00e9ld\u00e1ul Krecsmarik Endre, Gy\u0151rffy Istv\u00e1n) \u00e9s m\u00fazeumok (p\u00e9ld\u00e1ul Magyar Nemzeti M\u00fazeum) aj\u00e1nd\u00e9kak\u00e9nt ker\u00fclt a gy\u0171jtem\u00e9nybe. A r\u00e9g\u00e9szeti t\u00e1r mag\u00e1ba foglal tov\u00e1bb\u00e1 egy jelent\u0151s sz\u00e1m\u00fa gipszm\u00e1solat kollekci\u00f3t, melynek egy r\u00e9sze k\u00fclf\u00f6ldi sz\u00e1rmaz\u00e1s\u00fa (B\u00e9cs, Hannover).\u00a0 Eml\u00edt\u00e9sre m\u00e9lt\u00f3 m\u00e9g a tetemes \u00f3kori, k\u00f6z\u00e9pkori \u00e9s \u00fajkori darabokat tartalmaz\u00f3 \u00e9remgy\u0171jtem\u00e9ny, amely jelen pillanatban a M\u00f3ra Ferenc M\u00fazeum \u00e9remt\u00e1r\u00e1ban tal\u00e1lhat\u00f3.<\/p>\n<p>Tansz\u00e9k\u00fcnk r\u00e9g\u00e9szeti gy\u0171jtem\u00e9ny\u00e9nek anyaga a paleolitikumt\u00f3l a k\u00e9s\u0151k\u00f6z\u00e9pkorig szinte az \u00f6sszes korszakot, kult\u00far\u00e1t reprezent\u00e1lja. Fontos hangs\u00falyozni, hogy nem csak a mai Magyarorsz\u00e1g t\u00e9rs\u00e9g\u00e9b\u0151l tal\u00e1lhat\u00f3k anyagok, hanem p\u00e9ld\u00e1ul a mai Bulg\u00e1ria, G\u00f6r\u00f6gorsz\u00e1g \u00e9s Olaszorsz\u00e1g ter\u00fclet\u00e9r\u0151l is. Egykori oktat\u00f3ink tudatosan t\u00f6rekedtek arra, hogy lehet\u0151s\u00e9g szerint minden korszak t\u00e1rgyi anyaga k\u00e9pviselje mag\u00e1t a gy\u0171jtem\u00e9nyben ezzel is biztos\u00edtva a tansz\u00e9k hallgat\u00f3inak sz\u00e9lesk\u00f6r\u0171 r\u00e9g\u00e9szeti anyagismeret\u00e9t.<\/p>\n<p>A gy\u0171jtem\u00e9ny a tansz\u00e9k egykori hely\u00e9n, az Egyetem utca \u00e9p\u00fclet harmadik emeleti folyos\u00f3j\u00e1n tal\u00e1lhat\u00f3 vitrines t\u00e1rl\u00f3szekr\u00e9nyekben foglalt helyet eg\u00e9szen 1995-ig, amikor az anyagot a M\u00f3ra Ferenc M\u00fazeumba k\u00f6lt\u00f6ztett\u00e9k. Tansz\u00e9k\u00fcnk\u00f6n 2015-re j\u00f6tt l\u00e9tre az az infrastruktur\u00e1lis h\u00e1tt\u00e9r, amely lehet\u0151v\u00e9 tette, hogy a r\u00e9g\u00e9szeti gy\u0171jtem\u00e9ny\u00fcnket visszak\u00f6lt\u00f6ztess\u00fck egykori otthon\u00e1ba. A T\u00c1MOP-4.2.1.D-15\/1\/KONV-2015-0002 p\u00e1ly\u00e1zat keret\u00e9ben 2015. m\u00e1jus 25-\u00e9n sz\u00e1ll\u00edtottuk \u00e1t a m\u00fazeumb\u00f3l a 162 db dobozb\u00f3l \u00e9s az 51 db \u00f6nmag\u00e1ban \u00e1ll\u00f3 (csomagol\u00e1s n\u00e9lk\u00fcli) t\u00e1rgyb\u00f3l (f\u0151k\u00e9nt eg\u00e9sz ker\u00e1mia) \u00e1ll\u00f3 anyagot. Id\u0151k\u00f6zben \u00fajabb leletekkel b\u0151v\u00fclt a kollekci\u00f3nk. 2011-ben Moln\u00e1r J\u00f3zsef aj\u00e1nd\u00e9kozta mag\u00e1ngy\u0171jtem\u00e9ny\u00e9t tansz\u00e9k\u00fcnknek, mely f\u0151k\u00e9nt bronzkori, kelta \u00e9s avar kori leleteket foglal mag\u00e1ban.<\/p>\n<p>Az id\u0151 a mi t\u00e1rgyainkat sem k\u00edm\u00e9lte. M\u00e1ra m\u00e1r lecs\u00f6kkent a gy\u0171jtem\u00e9nyben tal\u00e1lhat\u00f3 leletek sz\u00e1ma, \u00e9s jelent\u0151s a mennyis\u00e9ge a beazonos\u00edthatatlan, lelt\u00e1ri sz\u00e1m n\u00e9lk\u00fcli daraboknak is. Jelenleg zajlik a rev\u00edzi\u00f3 \u00e9s feldolgoz\u00e1s. C\u00e9lunk, hogy mint egykor Buday \u00c1rp\u00e1d \u00e9s Banner J\u00e1nos, a gy\u0171jtem\u00e9nyt \u00fajb\u00f3l oktat\u00e1si c\u00e9lokra haszn\u00e1lhassuk.<\/p>\n<p>2020-ban megjelent a Szegedi Tudom\u00e1nyegyetem R\u00e9g\u00e9szeti Tansz\u00e9k\u00e9nek gy\u0171jtem\u00e9ny\u00e9t bemutat\u00f3 k\u00f6tet <em>\u201eAz\u00e9rt m\u00e9gis csin\u00e1lunk int\u00e9zetet is, gy\u0171jtem\u00e9nyt is\u2026\u201d V\u00e1logat\u00e1s a szegedi egyetem R\u00e9g\u00e9szeti Tansz\u00e9k\u00e9nek leleteib\u0151l<\/em> c\u00edmmel. Err\u0151l <a href=\"https:\/\/regeszet.bibl.u-szeged.hu\/index.php\/kiadvanyaink\/valogatas-a-szegedi-egyetem-regeszeti-tanszekenek-leleteibol\/\" target=\"_blank\" rel=\"noopener\">itt olvashatnak<\/a> b\u0151vebben.<\/p>\n<div>A gy\u0171jtem\u00e9ny kezel\u0151je: Pint\u00e9r-Nagy Katalin<\/p>\n<\/div>\n<div><\/div>\n<p><a href=\"http:\/\/regeszet.bibl.u-szeged.hu\/wp-content\/uploads\/2017\/11\/DSC09944.jpg\"><img loading=\"lazy\" decoding=\"async\" class=\"alignnone wp-image-533 size-full\" src=\"http:\/\/regeszet.bibl.u-szeged.hu\/wp-content\/uploads\/2017\/11\/DSC09944.jpg\" alt=\"\" width=\"900\" height=\"675\" \/><\/a><\/p>\n<p><a href=\"http:\/\/regeszet.bibl.u-szeged.hu\/wp-content\/uploads\/2017\/11\/DSC09945.jpg\"><img loading=\"lazy\" decoding=\"async\" class=\"alignnone wp-image-534 size-full\" src=\"http:\/\/regeszet.bibl.u-szeged.hu\/wp-content\/uploads\/2017\/11\/DSC09945.jpg\" alt=\"\" width=\"900\" height=\"675\" \/><\/a><\/p>\n<p><a href=\"http:\/\/regeszet.bibl.u-szeged.hu\/wp-content\/uploads\/2017\/11\/DSC09947.jpg\"><img loading=\"lazy\" decoding=\"async\" class=\"alignnone wp-image-535 size-full\" src=\"http:\/\/regeszet.bibl.u-szeged.hu\/wp-content\/uploads\/2017\/11\/DSC09947.jpg\" alt=\"\" width=\"900\" height=\"675\" \/><\/a><a href=\"http:\/\/regeszet.bibl.u-szeged.hu\/wp-content\/uploads\/2017\/11\/DSC09949.jpg\"><img loading=\"lazy\" decoding=\"async\" class=\"alignnone wp-image-536 size-full\" src=\"http:\/\/regeszet.bibl.u-szeged.hu\/wp-content\/uploads\/2017\/11\/DSC09949.jpg\" alt=\"\" width=\"900\" height=\"675\" \/><\/a><\/p>\n","protected":false},"excerpt":{"rendered":"<p>Tansz\u00e9k\u00fcnk r\u00e9g\u00e9szeti gy\u0171jtem\u00e9nye a k\u00e9t vil\u00e1gh\u00e1bor\u00fa k\u00f6z\u00f6tti id\u0151szakban j\u00f6tt l\u00e9tre. Az eredetileg k\u00f6zel 12000 t\u00e9telsz\u00e1m\u00fa gy\u0171jtem\u00e9ny f\u0151k\u00e9nt a tansz\u00e9k oktat\u00f3inak \u00e1sat\u00e1sai anyagait tartalmazza. K\u00f6zt\u00fck Banner J\u00e1nos\u00e9t, akinek a vezet\u00e9s\u00e9vel sorozatos, szakszer\u0171 tansz\u00e9ki \u00e1sat\u00e1sok folytak H\u00f3dmez\u0151v\u00e1s\u00e1rhely hat\u00e1r\u00e1ban (p\u00e9ld\u00e1ul K\u00f6k\u00e9nydomb, Kop\u00e1ncs\u2013Zsoldostanya). A Csongr\u00e1d megyei felt\u00e1r\u00e1sok k\u00f6z\u00fcl a legnagyobb szab\u00e1s\u00fanak az \u00f3szentiv\u00e1ni \u00e1sat\u00e1sok mondhat\u00f3k, ahol t\u00f6bb \u00e9ven \u00e1t &hellip; <a href=\"https:\/\/regeszet.bibl.u-szeged.hu\/index.php\/tanszeki-gyujtemeny\/\" class=\"more-link\"><span class=\"screen-reader-text\">Tansz\u00e9ki gy\u0171jtem\u00e9ny<\/span> b\u0151vebben&#8230; <span class=\"meta-nav\">&rarr;<\/span><\/a><\/p>\n","protected":false},"author":1,"featured_media":0,"parent":0,"menu_order":9,"comment_status":"closed","ping_status":"closed","template":"","meta":{"footnotes":""},"class_list":["post-58","page","type-page","status-publish","hentry"],"_links":{"self":[{"href":"https:\/\/regeszet.bibl.u-szeged.hu\/index.php\/wp-json\/wp\/v2\/pages\/58","targetHints":{"allow":["GET"]}}],"collection":[{"href":"https:\/\/regeszet.bibl.u-szeged.hu\/index.php\/wp-json\/wp\/v2\/pages"}],"about":[{"href":"https:\/\/regeszet.bibl.u-szeged.hu\/index.php\/wp-json\/wp\/v2\/types\/page"}],"author":[{"embeddable":true,"href":"https:\/\/regeszet.bibl.u-szeged.hu\/index.php\/wp-json\/wp\/v2\/users\/1"}],"replies":[{"embeddable":true,"href":"https:\/\/regeszet.bibl.u-szeged.hu\/index.php\/wp-json\/wp\/v2\/comments?post=58"}],"version-history":[{"count":9,"href":"https:\/\/regeszet.bibl.u-szeged.hu\/index.php\/wp-json\/wp\/v2\/pages\/58\/revisions"}],"predecessor-version":[{"id":7209,"href":"https:\/\/regeszet.bibl.u-szeged.hu\/index.php\/wp-json\/wp\/v2\/pages\/58\/revisions\/7209"}],"wp:attachment":[{"href":"https:\/\/regeszet.bibl.u-szeged.hu\/index.php\/wp-json\/wp\/v2\/media?parent=58"}],"curies":[{"name":"wp","href":"https:\/\/api.w.org\/{rel}","templated":true}]}}