{"id":5810,"date":"2023-09-12T10:39:15","date_gmt":"2023-09-12T08:39:15","guid":{"rendered":"https:\/\/regeszet.bibl.u-szeged.hu\/?page_id=5810"},"modified":"2025-10-31T16:23:50","modified_gmt":"2025-10-31T15:23:50","slug":"dr-dani-janos","status":"publish","type":"page","link":"https:\/\/regeszet.bibl.u-szeged.hu\/index.php\/munkatarsak\/oktatoink\/dr-dani-janos\/","title":{"rendered":"Dr. habil. Dani J\u00e1nos"},"content":{"rendered":"<p><img loading=\"lazy\" decoding=\"async\" class=\"alignright wp-image-5813\" src=\"http:\/\/regeszet.bibl.u-szeged.hu\/wp-content\/uploads\/2023\/09\/Dani-Janos-298x300.jpg\" alt=\"\" width=\"300\" height=\"302\" srcset=\"https:\/\/regeszet.bibl.u-szeged.hu\/wp-content\/uploads\/2023\/09\/Dani-Janos-298x300.jpg 298w, https:\/\/regeszet.bibl.u-szeged.hu\/wp-content\/uploads\/2023\/09\/Dani-Janos-1018x1024.jpg 1018w, https:\/\/regeszet.bibl.u-szeged.hu\/wp-content\/uploads\/2023\/09\/Dani-Janos-150x150.jpg 150w, https:\/\/regeszet.bibl.u-szeged.hu\/wp-content\/uploads\/2023\/09\/Dani-Janos-768x772.jpg 768w, https:\/\/regeszet.bibl.u-szeged.hu\/wp-content\/uploads\/2023\/09\/Dani-Janos.jpg 1060w\" sizes=\"auto, (max-width: 300px) 100vw, 300px\" \/>habilit\u00e1lt egyetemi adjunktus<\/p>\n<p><strong>V\u00e9gzetts\u00e9g:<\/strong> r\u00e9g\u00e9sz<\/p>\n<p><strong>Kutat\u00e1si ter\u00fclet:<\/strong> K\u00e1rp\u00e1t-medence k\u00e9s\u0151 r\u00e9zkora \u00e9s bronzkora; korai arany \u00e9s r\u00e9z metallurgia, bior\u00e9g\u00e9szet<\/p>\n<p><strong>E-mail:<\/strong> drdanij@gmail.com<\/p>\n<p><strong>Fogad\u00f3\u00f3ra:<\/strong> cs\u00fct\u00f6rt\u00f6k 16:00\u201318:00, illetve el\u0151zetes egyeztet\u00e9s alapj\u00e1n<\/p>\n<p><strong>Linkek:<\/strong><br \/>\n<a href=\"http:\/\/regeszet.bibl.u-szeged.hu\/wp-content\/uploads\/2023\/09\/Dani-Janos_szakmai-eletrajz_2023.pdf\" target=\"_blank\" rel=\"noopener\">Szakmai \u00f6n\u00e9letrajz<\/a><br \/>\n<a href=\"https:\/\/m2.mtmt.hu\/gui2\/?type=authors&amp;mode=browse&amp;sel=10062982\" target=\"_blank\" rel=\"noopener\">Publik\u00e1ci\u00f3k<\/a><br \/>\n<a href=\"https:\/\/derimuzeum.academia.edu\/J%C3%A1nosDani\" target=\"_blank\" rel=\"noopener\">Academia.edu profil<\/a><br \/>\n<a href=\"https:\/\/www.researchgate.net\/profile\/Janos-Dani-2\" target=\"_blank\" rel=\"noopener\">ResearchGate profil<\/a><\/p>\n","protected":false},"excerpt":{"rendered":"<p>habilit\u00e1lt egyetemi adjunktus V\u00e9gzetts\u00e9g: r\u00e9g\u00e9sz Kutat\u00e1si ter\u00fclet: K\u00e1rp\u00e1t-medence k\u00e9s\u0151 r\u00e9zkora \u00e9s bronzkora; korai arany \u00e9s r\u00e9z metallurgia, bior\u00e9g\u00e9szet E-mail: drdanij@gmail.com Fogad\u00f3\u00f3ra: cs\u00fct\u00f6rt\u00f6k 16:00\u201318:00, illetve el\u0151zetes egyeztet\u00e9s alapj\u00e1n Linkek: Szakmai \u00f6n\u00e9letrajz Publik\u00e1ci\u00f3k Academia.edu profil ResearchGate profil<\/p>\n","protected":false},"author":1,"featured_media":0,"parent":102,"menu_order":0,"comment_status":"closed","ping_status":"closed","template":"","meta":{"footnotes":""},"class_list":["post-5810","page","type-page","status-publish","hentry"],"_links":{"self":[{"href":"https:\/\/regeszet.bibl.u-szeged.hu\/index.php\/wp-json\/wp\/v2\/pages\/5810","targetHints":{"allow":["GET"]}}],"collection":[{"href":"https:\/\/regeszet.bibl.u-szeged.hu\/index.php\/wp-json\/wp\/v2\/pages"}],"about":[{"href":"https:\/\/regeszet.bibl.u-szeged.hu\/index.php\/wp-json\/wp\/v2\/types\/page"}],"author":[{"embeddable":true,"href":"https:\/\/regeszet.bibl.u-szeged.hu\/index.php\/wp-json\/wp\/v2\/users\/1"}],"replies":[{"embeddable":true,"href":"https:\/\/regeszet.bibl.u-szeged.hu\/index.php\/wp-json\/wp\/v2\/comments?post=5810"}],"version-history":[{"count":4,"href":"https:\/\/regeszet.bibl.u-szeged.hu\/index.php\/wp-json\/wp\/v2\/pages\/5810\/revisions"}],"predecessor-version":[{"id":7000,"href":"https:\/\/regeszet.bibl.u-szeged.hu\/index.php\/wp-json\/wp\/v2\/pages\/5810\/revisions\/7000"}],"up":[{"embeddable":true,"href":"https:\/\/regeszet.bibl.u-szeged.hu\/index.php\/wp-json\/wp\/v2\/pages\/102"}],"wp:attachment":[{"href":"https:\/\/regeszet.bibl.u-szeged.hu\/index.php\/wp-json\/wp\/v2\/media?parent=5810"}],"curies":[{"name":"wp","href":"https:\/\/api.w.org\/{rel}","templated":true}]}}