{"id":5993,"date":"2024-02-06T22:43:23","date_gmt":"2024-02-06T21:43:23","guid":{"rendered":"https:\/\/regeszet.bibl.u-szeged.hu\/?page_id=5993"},"modified":"2024-10-11T09:33:45","modified_gmt":"2024-10-11T07:33:45","slug":"100-eves-a-szegedi-regeszkepzes","status":"publish","type":"page","link":"https:\/\/regeszet.bibl.u-szeged.hu\/index.php\/tanszekunk\/100-eves-a-szegedi-regeszkepzes\/","title":{"rendered":"100 \u00e9ves a szegedi r\u00e9g\u00e9szk\u00e9pz\u00e9s"},"content":{"rendered":"<p><img loading=\"lazy\" decoding=\"async\" class=\"aligncenter size-full wp-image-5994\" src=\"http:\/\/regeszet.bibl.u-szeged.hu\/wp-content\/uploads\/2024\/02\/cover-weblap-01.jpg\" alt=\"\" width=\"2400\" height=\"984\" srcset=\"https:\/\/regeszet.bibl.u-szeged.hu\/wp-content\/uploads\/2024\/02\/cover-weblap-01.jpg 2400w, https:\/\/regeszet.bibl.u-szeged.hu\/wp-content\/uploads\/2024\/02\/cover-weblap-01-300x123.jpg 300w, https:\/\/regeszet.bibl.u-szeged.hu\/wp-content\/uploads\/2024\/02\/cover-weblap-01-1024x420.jpg 1024w, https:\/\/regeszet.bibl.u-szeged.hu\/wp-content\/uploads\/2024\/02\/cover-weblap-01-768x315.jpg 768w, https:\/\/regeszet.bibl.u-szeged.hu\/wp-content\/uploads\/2024\/02\/cover-weblap-01-1536x630.jpg 1536w, https:\/\/regeszet.bibl.u-szeged.hu\/wp-content\/uploads\/2024\/02\/cover-weblap-01-2048x840.jpg 2048w\" sizes=\"auto, (max-width: 2400px) 100vw, 2400px\" \/><\/p>\n<h3 style=\"text-align: center;\">100 \u00e9ves a szegedi r\u00e9g\u00e9szk\u00e9pz\u00e9s<\/h3>\n<h5 style=\"text-align: center;\">\u00dcnnepi rendezv\u00e9nysorozat<\/h5>\n<p>A Kolozsv\u00e1rr\u00f3l Szegedre k\u00f6lt\u00f6z\u00f6tt Magyar Kir\u00e1lyi Ferencz J\u00f3zsef Tudom\u00e1nyegyetemen 100 \u00e9vvel ezel\u0151tt, 1924-ben Buday \u00c1rp\u00e1d \u00e9s Banner J\u00e1nos kinevez\u00e9s\u00e9vel indult meg a r\u00e9g\u00e9szeti int\u00e9zet m\u0171k\u00f6d\u00e9se. Az elm\u00falt 100 \u00e9vben kisebb kihagy\u00e1ssal ugyan, de folytonos volt a r\u00e9g\u00e9szeti oktat\u00e1s, \u00e9s tudom\u00e1nyunk olyan meghat\u00e1roz\u00f3 alakjai tan\u00edtottak \u00e9s kutattak az int\u00e9zetben\/tansz\u00e9ken, mint Trogmayer Ott\u00f3 \u00e9s Fodor Istv\u00e1n. Az egykori oktat\u00f3inkra is megeml\u00e9kezve az int\u00e9zet\/tansz\u00e9k fenn\u00e1ll\u00e1s\u00e1nak centen\u00e1rium\u00e1t t\u00f6bb, az esem\u00e9ny fontoss\u00e1g\u00e1hoz m\u00e9lt\u00f3 programmal \u00fcnnepelj\u00fck meg 2024. m\u00e1jus 21. \u00e9s 23. k\u00f6z\u00f6tt.<\/p>\n<ul>\n<li><a href=\"https:\/\/regeszet.bibl.u-szeged.hu\/index.php\/tanszekunk\/100-eves-a-szegedi-regeszkepzes\/100-eves-a-szegedi-regeszkepzes-konferencia\/\" target=\"_blank\" rel=\"noopener\"><span style=\"font-size: 14pt;\">100 \u00e9ves a szegedi r\u00e9g\u00e9szk\u00e9pz\u00e9s konferencia<\/span><\/a><\/li>\n<li><a href=\"https:\/\/regeszet.bibl.u-szeged.hu\/index.php\/tanszekunk\/100-eves-a-szegedi-regeszkepzes\/a-trogmayer-otto-es-a-fodor-istvan-dijak-alapitasa-es-atadasa\/\" target=\"_blank\" rel=\"noopener\"><span style=\"font-size: 14pt;\">A Trogmayer Ott\u00f3 \u00e9s a Fodor Istv\u00e1n d\u00edjak alap\u00edt\u00e1sa \u00e9s \u00e1tad\u00e1sa<\/span><\/a><\/li>\n<li><a href=\"https:\/\/regeszet.bibl.u-szeged.hu\/index.php\/tanszekunk\/100-eves-a-szegedi-regeszkepzes\/emlektablak-avatasa-buday-arpad-es-banner-janos-tiszteletere\/\" target=\"_blank\" rel=\"noopener\"><span style=\"font-size: 14pt;\">Eml\u00e9kt\u00e1bl\u00e1k avat\u00e1sa Buday \u00c1rp\u00e1d \u00e9s Banner J\u00e1nos tisztelet\u00e9re<\/span><\/a><\/li>\n<li><a href=\"https:\/\/regeszet.bibl.u-szeged.hu\/index.php\/tanszekunk\/100-eves-a-szegedi-regeszkepzes\/rideg-regesztartas-pillanatkepek-a-100-eves-szegedi-regeszkepzes-tortenetebol\/\" target=\"_blank\" rel=\"noopener\"><span style=\"font-size: 14pt;\">\u201eRideg r\u00e9g\u00e9sztart\u00e1s\u201d \u2013 Pillanatk\u00e9pek a 100 \u00e9ves szegedi r\u00e9g\u00e9szk\u00e9pz\u00e9s t\u00f6rt\u00e9net\u00e9b\u0151l<\/span><\/a><\/li>\n<li><span style=\"font-size: 14pt;\"><span style=\"font-size: 14pt;\"><a href=\"https:\/\/regeszet.bibl.u-szeged.hu\/index.php\/tanszekunk\/100-eves-a-szegedi-regeszkepzes\/szemelvenyek-a-tanszekunk-intezetunk-tortenetebol\/\" target=\"_blank\" rel=\"noopener\">Szemelv\u00e9nyek a tansz\u00e9k\u00fcnk t\u00f6rt\u00e9net\u00e9b\u0151l<\/a><br \/>\n<\/span><\/span><\/li>\n<li><a href=\"https:\/\/regeszet.bibl.u-szeged.hu\/index.php\/tanszekunk\/100-eves-a-szegedi-regeszkepzes\/regeszhallgatok-orszagos-konfererenciaja-iii\/\" target=\"_blank\" rel=\"noopener\"><span style=\"font-size: 14pt;\">R\u00e9g\u00e9szhallgat\u00f3k Orsz\u00e1gos Konferenci\u00e1ja III.<\/span><\/a><\/li>\n<\/ul>\n<p>&nbsp;<\/p>\n<p><img loading=\"lazy\" decoding=\"async\" class=\"aligncenter wp-image-6282\" src=\"http:\/\/regeszet.bibl.u-szeged.hu\/wp-content\/uploads\/2024\/05\/MEGHIVO_100_eves_a_szegedi_regeszkepzes.jpg\" alt=\"\" width=\"700\" height=\"495\" srcset=\"https:\/\/regeszet.bibl.u-szeged.hu\/wp-content\/uploads\/2024\/05\/MEGHIVO_100_eves_a_szegedi_regeszkepzes.jpg 900w, https:\/\/regeszet.bibl.u-szeged.hu\/wp-content\/uploads\/2024\/05\/MEGHIVO_100_eves_a_szegedi_regeszkepzes-300x212.jpg 300w, https:\/\/regeszet.bibl.u-szeged.hu\/wp-content\/uploads\/2024\/05\/MEGHIVO_100_eves_a_szegedi_regeszkepzes-768x543.jpg 768w\" sizes=\"auto, (max-width: 700px) 100vw, 700px\" \/><\/p>\n<h6 style=\"text-align: center;\">A rendezv\u00e9nysorozathoz kapcsol\u00f3d\u00f3 bejegyz\u00e9sek<\/h6>\n<ul>\n<li><span style=\"font-size: 14pt;\"><a href=\"https:\/\/regeszet.bibl.u-szeged.hu\/index.php\/2024\/05\/19\/100-eves-a-szegedi-regeszkepzes-unnepi-rendezvenysorozat\/\" target=\"_blank\" rel=\"noopener\">100 \u00e9ves a szegedi r\u00e9g\u00e9szk\u00e9pz\u00e9s \u2013 \u00dcnnepi rendezv\u00e9nysorozat<\/a><\/span><\/li>\n<li><span style=\"font-size: 14pt;\"><a href=\"https:\/\/regeszet.bibl.u-szeged.hu\/index.php\/2024\/05\/28\/a-szegedi-regeszkepzes-100-evfordulojat-unnepeltuk\/\" target=\"_blank\" rel=\"noopener\">A szegedi r\u00e9g\u00e9szk\u00e9pz\u00e9s 100. \u00e9vfordul\u00f3j\u00e1t \u00fcnnepelt\u00fck<\/a><\/span><\/li>\n<li><span style=\"font-size: 14pt;\"><a href=\"https:\/\/regeszet.bibl.u-szeged.hu\/index.php\/2024\/06\/06\/egyetemi-beszamolo-a-tanszeki-kiallitasunkrol\/\" target=\"_blank\" rel=\"noopener\">Egyetemi besz\u00e1mol\u00f3 a tansz\u00e9ki ki\u00e1ll\u00edt\u00e1sunkr\u00f3l<\/a><\/span><\/li>\n<li><span style=\"font-size: 14pt;\"><a href=\"https:\/\/regeszet.bibl.u-szeged.hu\/index.php\/2024\/06\/14\/100-eves-a-szegedi-regeszkepzes-konferencia\/\" target=\"_blank\" rel=\"noopener\">\u201e100 \u00e9ves a szegedi r\u00e9g\u00e9szk\u00e9pz\u00e9s\u201d \u2013 konferencia<\/a><\/span><\/li>\n<li><span style=\"font-size: 14pt;\"><a href=\"https:\/\/regeszet.bibl.u-szeged.hu\/index.php\/2024\/06\/16\/trogmayer-otto-dij\/\" target=\"_blank\" rel=\"noopener\">Trogmayer Ott\u00f3-d\u00edj<\/a><\/span><\/li>\n<li><span style=\"font-size: 14pt;\"><a href=\"https:\/\/regeszet.bibl.u-szeged.hu\/index.php\/2024\/06\/18\/fodor-istvan-dij\/\" target=\"_blank\" rel=\"noopener\">Fodor Istv\u00e1n-d\u00edj<\/a><\/span><\/li>\n<li><span style=\"font-size: 14pt;\"><a href=\"https:\/\/regeszet.bibl.u-szeged.hu\/index.php\/2024\/06\/20\/emlektabla-buday-arpad-tiszteletere\/\" target=\"_blank\" rel=\"noopener\">Eml\u00e9kt\u00e1bla Buday \u00c1rp\u00e1d tisztelet\u00e9re<\/a><\/span><\/li>\n<li style=\"text-align: left;\"><span style=\"font-size: 14pt;\"><a href=\"https:\/\/regeszet.bibl.u-szeged.hu\/index.php\/2024\/06\/21\/emlektabla-banner-janos-tiszteletere\/\" target=\"_blank\" rel=\"noopener\">Eml\u00e9kt\u00e1bla Banner J\u00e1nos tisztelet\u00e9re<\/a><\/span><\/li>\n<li><a href=\"https:\/\/regeszet.bibl.u-szeged.hu\/index.php\/2024\/06\/24\/kiallitas-a-szegedi-regeszhallgatok-mindennapjairol\/\" target=\"_blank\" rel=\"noopener\"><span style=\"font-size: 14pt;\">Ki\u00e1ll\u00edt\u00e1s a szegedi r\u00e9g\u00e9szhallgat\u00f3k mindennapjair\u00f3l<\/span><\/a><\/li>\n<li><span style=\"font-size: 14pt;\"><a href=\"https:\/\/regeszet.bibl.u-szeged.hu\/index.php\/2024\/06\/30\/tanszeki-fozoverseny-2024\/\" target=\"_blank\" rel=\"noopener\">Tansz\u00e9ki f\u0151z\u0151verseny 2024<\/a><br \/>\n<\/span><\/li>\n<\/ul>\n<h6 style=\"text-align: center;\">A rendezv\u00e9ny t\u00e1mogat\u00f3i<\/h6>\n<table style=\"border-collapse: collapse; width: 100%;\">\n<tbody>\n<tr>\n<td style=\"width: 33.3333%;\"><a href=\"https:\/\/regeszet.bibl.u-szeged.hu\/\" target=\"_blank\" rel=\"noopener\"><img loading=\"lazy\" decoding=\"async\" class=\"aligncenter wp-image-6290 size-thumbnail\" style=\"font-size: 16px;\" src=\"http:\/\/regeszet.bibl.u-szeged.hu\/wp-content\/uploads\/2024\/05\/tanszeki_logo100-02-150x150.jpg\" alt=\"\" width=\"150\" height=\"150\" \/><\/a><\/td>\n<td style=\"width: 33.3333%;\"><a href=\"https:\/\/arts.u-szeged.hu\/\" target=\"_blank\" rel=\"noopener\"><img loading=\"lazy\" decoding=\"async\" class=\"aligncenter wp-image-6292 size-thumbnail\" style=\"font-size: 16px;\" src=\"http:\/\/regeszet.bibl.u-szeged.hu\/wp-content\/uploads\/2024\/05\/SZTE_BTK_logo_ezust_kekthatter_feher-150x150.jpg\" alt=\"\" width=\"150\" height=\"150\" srcset=\"https:\/\/regeszet.bibl.u-szeged.hu\/wp-content\/uploads\/2024\/05\/SZTE_BTK_logo_ezust_kekthatter_feher-150x150.jpg 150w, https:\/\/regeszet.bibl.u-szeged.hu\/wp-content\/uploads\/2024\/05\/SZTE_BTK_logo_ezust_kekthatter_feher-300x300.jpg 300w, https:\/\/regeszet.bibl.u-szeged.hu\/wp-content\/uploads\/2024\/05\/SZTE_BTK_logo_ezust_kekthatter_feher.jpg 609w\" sizes=\"auto, (max-width: 150px) 100vw, 150px\" \/><\/a><\/td>\n<td style=\"width: 33.3333%;\"><a href=\"https:\/\/regeszet.bibl.u-szeged.hu\/index.php\/del-alfoldi-regeszeti-egylet\/\" target=\"_blank\" rel=\"noopener\"><img loading=\"lazy\" decoding=\"async\" class=\"aligncenter wp-image-6293 size-thumbnail\" style=\"font-size: 16px;\" src=\"http:\/\/regeszet.bibl.u-szeged.hu\/wp-content\/uploads\/2024\/05\/DelRegEgy_logo-150x150.jpg\" alt=\"\" width=\"150\" height=\"150\" srcset=\"https:\/\/regeszet.bibl.u-szeged.hu\/wp-content\/uploads\/2024\/05\/DelRegEgy_logo-150x150.jpg 150w, https:\/\/regeszet.bibl.u-szeged.hu\/wp-content\/uploads\/2024\/05\/DelRegEgy_logo-300x300.jpg 300w, https:\/\/regeszet.bibl.u-szeged.hu\/wp-content\/uploads\/2024\/05\/DelRegEgy_logo.jpg 500w\" sizes=\"auto, (max-width: 150px) 100vw, 150px\" \/><\/a><\/td>\n<\/tr>\n<tr>\n<td style=\"width: 33.3333%;\"><a href=\"https:\/\/tab.mta.hu\/szegedi-teruleti-bizottsag\" target=\"_blank\" rel=\"noopener\"><img loading=\"lazy\" decoding=\"async\" class=\"aligncenter wp-image-6295 size-thumbnail\" style=\"font-size: 16px;\" src=\"http:\/\/regeszet.bibl.u-szeged.hu\/wp-content\/uploads\/2024\/05\/SZAB_logo_kicsi-150x150.jpg\" alt=\"\" width=\"150\" height=\"150\" srcset=\"https:\/\/regeszet.bibl.u-szeged.hu\/wp-content\/uploads\/2024\/05\/SZAB_logo_kicsi-150x150.jpg 150w, https:\/\/regeszet.bibl.u-szeged.hu\/wp-content\/uploads\/2024\/05\/SZAB_logo_kicsi-300x300.jpg 300w, https:\/\/regeszet.bibl.u-szeged.hu\/wp-content\/uploads\/2024\/05\/SZAB_logo_kicsi-768x769.jpg 768w, https:\/\/regeszet.bibl.u-szeged.hu\/wp-content\/uploads\/2024\/05\/SZAB_logo_kicsi.jpg 799w\" sizes=\"auto, (max-width: 150px) 100vw, 150px\" \/><\/a><\/td>\n<td style=\"width: 33.3333%;\"><a href=\"https:\/\/moramuzeum.hu\/\" target=\"_blank\" rel=\"noopener\"><img loading=\"lazy\" decoding=\"async\" class=\"aligncenter wp-image-6297 size-thumbnail\" style=\"font-size: 16px;\" src=\"http:\/\/regeszet.bibl.u-szeged.hu\/wp-content\/uploads\/2024\/05\/MFM-150x150.jpg\" alt=\"\" width=\"150\" height=\"150\" srcset=\"https:\/\/regeszet.bibl.u-szeged.hu\/wp-content\/uploads\/2024\/05\/MFM-150x150.jpg 150w, https:\/\/regeszet.bibl.u-szeged.hu\/wp-content\/uploads\/2024\/05\/MFM-300x300.jpg 300w, https:\/\/regeszet.bibl.u-szeged.hu\/wp-content\/uploads\/2024\/05\/MFM-768x768.jpg 768w, https:\/\/regeszet.bibl.u-szeged.hu\/wp-content\/uploads\/2024\/05\/MFM.jpg 800w\" sizes=\"auto, (max-width: 150px) 100vw, 150px\" \/><\/a><\/td>\n<td style=\"width: 33.3333%;\"><a href=\"https:\/\/tisztaformak.hu\/\" target=\"_blank\" rel=\"noopener\"><img loading=\"lazy\" decoding=\"async\" class=\"aligncenter wp-image-6298 size-thumbnail\" style=\"font-size: 16px;\" src=\"http:\/\/regeszet.bibl.u-szeged.hu\/wp-content\/uploads\/2024\/05\/TisztaFormak-logo-cmyk_kicsi-150x150.jpg\" alt=\"\" width=\"150\" height=\"150\" srcset=\"https:\/\/regeszet.bibl.u-szeged.hu\/wp-content\/uploads\/2024\/05\/TisztaFormak-logo-cmyk_kicsi-150x150.jpg 150w, https:\/\/regeszet.bibl.u-szeged.hu\/wp-content\/uploads\/2024\/05\/TisztaFormak-logo-cmyk_kicsi-300x300.jpg 300w, https:\/\/regeszet.bibl.u-szeged.hu\/wp-content\/uploads\/2024\/05\/TisztaFormak-logo-cmyk_kicsi-768x769.jpg 768w, https:\/\/regeszet.bibl.u-szeged.hu\/wp-content\/uploads\/2024\/05\/TisztaFormak-logo-cmyk_kicsi.jpg 799w\" sizes=\"auto, (max-width: 150px) 100vw, 150px\" \/><\/a><\/td>\n<\/tr>\n<\/tbody>\n<\/table>\n<p>&nbsp;<\/p>\n","protected":false},"excerpt":{"rendered":"<p>100 \u00e9ves a szegedi r\u00e9g\u00e9szk\u00e9pz\u00e9s \u00dcnnepi rendezv\u00e9nysorozat A Kolozsv\u00e1rr\u00f3l Szegedre k\u00f6lt\u00f6z\u00f6tt Magyar Kir\u00e1lyi Ferencz J\u00f3zsef Tudom\u00e1nyegyetemen 100 \u00e9vvel ezel\u0151tt, 1924-ben Buday \u00c1rp\u00e1d \u00e9s Banner J\u00e1nos kinevez\u00e9s\u00e9vel indult meg a r\u00e9g\u00e9szeti int\u00e9zet m\u0171k\u00f6d\u00e9se. Az elm\u00falt 100 \u00e9vben kisebb kihagy\u00e1ssal ugyan, de folytonos volt a r\u00e9g\u00e9szeti oktat\u00e1s, \u00e9s tudom\u00e1nyunk olyan meghat\u00e1roz\u00f3 alakjai tan\u00edtottak \u00e9s kutattak az int\u00e9zetben\/tansz\u00e9ken, &hellip; <a href=\"https:\/\/regeszet.bibl.u-szeged.hu\/index.php\/tanszekunk\/100-eves-a-szegedi-regeszkepzes\/\" class=\"more-link\"><span class=\"screen-reader-text\">100 \u00e9ves a szegedi r\u00e9g\u00e9szk\u00e9pz\u00e9s<\/span> b\u0151vebben&#8230; <span class=\"meta-nav\">&rarr;<\/span><\/a><\/p>\n","protected":false},"author":1,"featured_media":0,"parent":37,"menu_order":0,"comment_status":"closed","ping_status":"closed","template":"","meta":{"footnotes":""},"class_list":["post-5993","page","type-page","status-publish","hentry"],"_links":{"self":[{"href":"https:\/\/regeszet.bibl.u-szeged.hu\/index.php\/wp-json\/wp\/v2\/pages\/5993","targetHints":{"allow":["GET"]}}],"collection":[{"href":"https:\/\/regeszet.bibl.u-szeged.hu\/index.php\/wp-json\/wp\/v2\/pages"}],"about":[{"href":"https:\/\/regeszet.bibl.u-szeged.hu\/index.php\/wp-json\/wp\/v2\/types\/page"}],"author":[{"embeddable":true,"href":"https:\/\/regeszet.bibl.u-szeged.hu\/index.php\/wp-json\/wp\/v2\/users\/1"}],"replies":[{"embeddable":true,"href":"https:\/\/regeszet.bibl.u-szeged.hu\/index.php\/wp-json\/wp\/v2\/comments?post=5993"}],"version-history":[{"count":22,"href":"https:\/\/regeszet.bibl.u-szeged.hu\/index.php\/wp-json\/wp\/v2\/pages\/5993\/revisions"}],"predecessor-version":[{"id":6684,"href":"https:\/\/regeszet.bibl.u-szeged.hu\/index.php\/wp-json\/wp\/v2\/pages\/5993\/revisions\/6684"}],"up":[{"embeddable":true,"href":"https:\/\/regeszet.bibl.u-szeged.hu\/index.php\/wp-json\/wp\/v2\/pages\/37"}],"wp:attachment":[{"href":"https:\/\/regeszet.bibl.u-szeged.hu\/index.php\/wp-json\/wp\/v2\/media?parent=5993"}],"curies":[{"name":"wp","href":"https:\/\/api.w.org\/{rel}","templated":true}]}}