{"id":6066,"date":"2024-03-11T14:44:55","date_gmt":"2024-03-11T13:44:55","guid":{"rendered":"https:\/\/regeszet.bibl.u-szeged.hu\/?page_id=6066"},"modified":"2025-01-08T22:35:51","modified_gmt":"2025-01-08T21:35:51","slug":"levelezorendszeru-felveteli-elokeszito","status":"publish","type":"page","link":"https:\/\/regeszet.bibl.u-szeged.hu\/index.php\/oktatas\/felvetelizoknek\/felveteli-elokeszito\/2025-2\/levelezorendszeru-felveteli-elokeszito\/","title":{"rendered":"Levelez\u0151rendszer\u0171 felv\u00e9teli el\u0151k\u00e9sz\u00edt\u0151"},"content":{"rendered":"<p>Amennyiben a szegedi egyetem r\u00e9g\u00e9szet alapk\u00e9pz\u00e9s\u00e9re jelentkeznek, a levelez\u0151rendszer\u0171 felv\u00e9teli el\u0151k\u00e9sz\u00edt\u0151 sor\u00e1n megszerzett pontokat besz\u00e1m\u00edtj\u00e1k a felv\u00e9teli pontjaikba (maximum 100 pontot). A Szegedi Tudom\u00e1nyegyetem B\u00f6lcs\u00e9szet- \u00e9s T\u00e1rsadalomtudom\u00e1nyi Kar R\u00e9g\u00e9szeti Tansz\u00e9ke \u00e1ltal szervezett levelez\u0151rendszer\u0171 felv\u00e9teli el\u0151k\u00e9sz\u00edt\u0151 n\u00e9gy fordul\u00f3b\u00f3l \u00e1ll. A feladatlapokat email-ben k\u00fcldj\u00fck ki, melyeket a r\u00e9sztvev\u0151k kit\u00f6lt\u00e9s ut\u00e1n elektronikusan juttatnak vissza. Mind a n\u00e9gy fordul\u00f3 feladatlapja tartalmaz egyszer\u0171, r\u00f6vid \u00e9s k\u00f6zepes hossz\u00fas\u00e1g\u00fa v\u00e1laszt ig\u00e9nyl\u0151 k\u00e9rd\u00e9seket, t\u00e1rgyfelismer\u00e9st, r\u00e9g\u00e9szeti jelens\u00e9gek meghat\u00e1roz\u00e1s\u00e1t, vakt\u00e9rk\u00e9pet, valamint 1500\u20133000 karakter hossz\u00fas\u00e1g\u00fa terjedelemben kifejthet\u0151 essz\u00e9ket. A felv\u00e9teli el\u0151k\u00e9sz\u00edt\u0151 minden egyes fordul\u00f3j\u00e1nak feladatlapj\u00e1hoz csatolunk egy irodalomlist\u00e1t (amelynek t\u00e9telei egy \u00e1tlagos k\u00f6nyvt\u00e1rban is el\u00e9rhet\u0151ek), valamint egy linkgy\u0171jtem\u00e9nyt. Ezek seg\u00edts\u00e9get, mank\u00f3t ny\u00fajtanak a feladatok megold\u00e1s\u00e1ban. Ha egy-egy feladat megold\u00e1s\u00e1ban, \u00e9rtelmez\u00e9s\u00e9ben megakadnak a r\u00e9szvev\u0151k, email-ben k\u00e9rhetnek seg\u00edts\u00e9get, valamint a tansz\u00e9k munkat\u00e1rsaival online konzult\u00e1ci\u00f3ra van lehet\u0151s\u00e9g.<\/p>\n<h6>Jelentkez\u00e9s m\u00f3dja, b\u0151vebb inform\u00e1ci\u00f3<\/h6>\n<p>A k\u00f6z\u00e9pfok\u00fa oktat\u00e1si int\u00e9zm\u00e9nyek 11. \u00e9s 12. oszt\u00e1lyos di\u00e1kjainak a jelentkez\u00e9s\u00e9t v\u00e1rjuk els\u0151sorban. A felv\u00e9teli el\u0151k\u00e9sz\u00edt\u0151re <strong>regeszhallgato.leszek.szegeden@gmail.com<\/strong> c\u00edmen kereszt\u00fcl lehet jelentkezni.<br \/>\nA jelentkez\u00e9skor k\u00e9rj\u00fck, hogy adja meg teljes nev\u00e9t, iskol\u00e1j\u00e1nak pontos nev\u00e9t \u00e9s c\u00edm\u00e9t, valamint a felk\u00e9sz\u00edt\u0151 tan\u00e1r\u00e1nak nev\u00e9t, el\u00e9rhet\u0151s\u00e9g\u00e9t.<\/p>\n<p><strong>A jelentkez\u00e9si hat\u00e1rid\u0151<\/strong>: 2024. okt\u00f3ber 31.<\/p>\n<p>Az \u00e9rdekl\u0151d\u0151k szint\u00e9n a <strong>regeszhallgato.leszek.szegeden@gmail.com<\/strong> c\u00edmen k\u00e9rhetnek tov\u00e1bbi t\u00e1j\u00e9koztat\u00e1st.<\/p>\n<h6>Az feladatlapok kik\u00fcld\u00e9s\u00e9nek az id\u0151pontjai, illetve a visszak\u00fcld\u00e9si hat\u00e1rid\u0151k<\/h6>\n<p style=\"padding-left: 40px;\">Az I. fordul\u00f3 feladatlapj\u00e1nak a kik\u00fcld\u00e9se: 2024. november 15.<br \/>\nAz I. fordul\u00f3 kit\u00f6lt\u00f6tt feladatlapj\u00e1nak visszak\u00fcld\u00e9si hat\u00e1rideje: 2024. december 15.<br \/>\nA II. fordul\u00f3 feladatlapj\u00e1nak a kik\u00fcld\u00e9se: 2024. janu\u00e1r 15.<br \/>\nA II. fordul\u00f3 kit\u00f6lt\u00f6tt feladatlapj\u00e1nak visszak\u00fcld\u00e9si hat\u00e1rideje: 2025. febru\u00e1r 15.<br \/>\nA III. fordul\u00f3 feladatlapj\u00e1nak a kik\u00fcld\u00e9se: 2025. febru\u00e1r 15.<br \/>\nA III. fordul\u00f3 kit\u00f6lt\u00f6tt feladatlapj\u00e1nak visszak\u00fcld\u00e9si hat\u00e1rideje: 2025. m\u00e1rcius 15.<br \/>\nA IV. fordul\u00f3 feladatlapj\u00e1nak a kik\u00fcld\u00e9se: 2025. m\u00e1rcius 15.<br \/>\nA IV. fordul\u00f3 kit\u00f6lt\u00f6tt feladatlapj\u00e1nak visszak\u00fcld\u00e9si hat\u00e1rideje: 2025. \u00e1prilis 15.<\/p>\n<h6>\u00c9rt\u00e9kel\u00e9s szempontjai, pontoz\u00e1s<strong><br \/>\n<\/strong><\/h6>\n<p>A felv\u00e9teli el\u0151k\u00e9sz\u00edt\u0151n r\u00e9sztvev\u0151k maximum 100 pontot szerezhetnek az eredm\u00e9nyeikt\u0151l f\u00fcgg\u0151en (az el\u00e9rt eredm\u00e9nyt \u201eint\u00e9zm\u00e9nyi pontk\u00e9nt\u201d besz\u00e1m\u00edtj\u00e1k az SZTE BTK r\u00e9g\u00e9szet alapk\u00e9pz\u00e9sre jelentkez\u0151k felv\u00e9teli \u00f6sszpontsz\u00e1m\u00e1ba).<br \/>\nA levelez\u0151 rendszer\u0171 felv\u00e9teli el\u0151k\u00e9sz\u00edt\u0151n r\u00e9sztvev\u0151 k\u00f6z\u00e9piskol\u00e1sok 50 pontot kaphatnak, ha mind a n\u00e9gy fordul\u00f3 feladatlapj\u00e1t kit\u00f6ltik \u00e9s visszak\u00fcldik.<br \/>\nTov\u00e1bbi 50 pont szerezhet\u0151 a kit\u00f6lt\u00f6tt feladatlapok \u00e9rt\u00e9kel\u00e9s\u00e9b\u0151l. Az eredm\u00e9nyess\u00e9g f\u00fcggv\u00e9ny\u00e9ben az 50 pontot sz\u00e1zal\u00e9kos ar\u00e1nyban osztjuk el a helyes v\u00e1laszok alapj\u00e1n.<\/p>\n<p style=\"padding-left: 40px;\">80% felett teljes\u00edt\u0151k: 50 pont<br \/>\n60\u201379% k\u00f6z\u00f6tt: 40 pont<br \/>\n40\u201359% k\u00f6z\u00f6tt: 30 pont<br \/>\n20\u201339% k\u00f6z\u00f6tt: 20 pont<\/p>\n<p>Az els\u0151 h\u00e1rom helyezett a felv\u00e9telin besz\u00e1m\u00edthat\u00f3 pluszpontok mellett k\u00f6nyvjutalomban r\u00e9szes\u00fcl. Emellett a helyez\u00e9st el\u00e9rt di\u00e1kok oktat\u00f3inak a felk\u00e9sz\u00edt\u0151 munk\u00e1j\u00e1t is aj\u00e1nd\u00e9kk\u00f6nyvekkel k\u00f6sz\u00f6nj\u00fck meg.<\/p>\n<p><strong>Az igazol\u00e1s m\u00f3dja<\/strong>: A verseny lez\u00e1r\u00e1s\u00e1t, eredm\u00e9nyhirdet\u00e9s\u00e9t k\u00f6vet\u0151en az SZTE R\u00e9g\u00e9szeti Tansz\u00e9k\u00e9nek a vezet\u0151je \u00e1ll\u00edtja ki az igazol\u00e1sokat.<\/p>\n<h6>K\u00f6lts\u00e9gek<\/h6>\n<p>A R\u00e9g\u00e9szeti Tansz\u00e9k levelez\u0151 rendszer\u0171 el\u0151k\u00e9sz\u00edt\u0151je teljesen ingyenes, semmilyen k\u00f6lts\u00e9ggel nem j\u00e1r a r\u00e9szv\u00e9tel.<\/p>\n<h6>El\u0151zetes irodalom, online j\u00e1t\u00e9k<\/h6>\n<p>\u2022<a href=\"http:\/\/regeszet.org.hu\/magyar-regeszet-az-ezredfordulon\/\" target=\"_blank\" rel=\"noopener\"><em> Magyar r\u00e9g\u00e9szet az ezredfordul\u00f3n<\/em>. F\u0151szerk.: Visy Zsolt. Budapest 2003.<\/a><br \/>\n\u2022<em> R\u00e9g\u00e9szeti nyomoz\u00e1sok Magyarorsz\u00e1gon<\/em>. Szerk.: Ilon G\u00e1bor. Budapest 2008.<br \/>\n\u2022 <em>R\u00e9g\u00e9szeti nyomoz\u00e1sok Magyarorsz\u00e1gon 2.0<\/em>. Szerk.: Ilon G\u00e1bor. Budapest 2010.<br \/>\n\u2022 <a href=\"https:\/\/acta.bibl.u-szeged.hu\/70819\/1\/regeszeti_tanszek_2020.pdf\" target=\"_blank\" rel=\"noopener\"><em>&#8222;Az\u00e9rt m\u00e9gis csin\u00e1lunk int\u00e9zetet is, gy\u0171jtem\u00e9nyt is&#8230;&#8221; : v\u00e1logat\u00e1s a szegedi egyetem R\u00e9g\u00e9szeti Tansz\u00e9k\u00e9nek leleteib\u0151l<\/em>. Szerk.: Kulcs\u00e1r Val\u00e9ria \u2013 Pint\u00e9r-Nagy Katalin. Szeged 2020.<\/a><br \/>\n\u2022 <a href=\"https:\/\/regeszet.bibl.u-szeged.hu\/index.php\/regeszeti-kviz\/\" target=\"_blank\" rel=\"noopener\">Az SZTE BTK R\u00e9g\u00e9szeti Tansz\u00e9k honlapj\u00e1n tal\u00e1lhat\u00f3 online j\u00e1t\u00e9kok<\/a><\/p>\n","protected":false},"excerpt":{"rendered":"<p>Amennyiben a szegedi egyetem r\u00e9g\u00e9szet alapk\u00e9pz\u00e9s\u00e9re jelentkeznek, a levelez\u0151rendszer\u0171 felv\u00e9teli el\u0151k\u00e9sz\u00edt\u0151 sor\u00e1n megszerzett pontokat besz\u00e1m\u00edtj\u00e1k a felv\u00e9teli pontjaikba (maximum 100 pontot). A Szegedi Tudom\u00e1nyegyetem B\u00f6lcs\u00e9szet- \u00e9s T\u00e1rsadalomtudom\u00e1nyi Kar R\u00e9g\u00e9szeti Tansz\u00e9ke \u00e1ltal szervezett levelez\u0151rendszer\u0171 felv\u00e9teli el\u0151k\u00e9sz\u00edt\u0151 n\u00e9gy fordul\u00f3b\u00f3l \u00e1ll. A feladatlapokat email-ben k\u00fcldj\u00fck ki, melyeket a r\u00e9sztvev\u0151k kit\u00f6lt\u00e9s ut\u00e1n elektronikusan juttatnak vissza. Mind a n\u00e9gy fordul\u00f3 &hellip; <a href=\"https:\/\/regeszet.bibl.u-szeged.hu\/index.php\/oktatas\/felvetelizoknek\/felveteli-elokeszito\/2025-2\/levelezorendszeru-felveteli-elokeszito\/\" class=\"more-link\"><span class=\"screen-reader-text\">Levelez\u0151rendszer\u0171 felv\u00e9teli el\u0151k\u00e9sz\u00edt\u0151<\/span> b\u0151vebben&#8230; <span class=\"meta-nav\">&rarr;<\/span><\/a><\/p>\n","protected":false},"author":1,"featured_media":0,"parent":6070,"menu_order":0,"comment_status":"closed","ping_status":"closed","template":"","meta":{"footnotes":""},"class_list":["post-6066","page","type-page","status-publish","hentry"],"_links":{"self":[{"href":"https:\/\/regeszet.bibl.u-szeged.hu\/index.php\/wp-json\/wp\/v2\/pages\/6066","targetHints":{"allow":["GET"]}}],"collection":[{"href":"https:\/\/regeszet.bibl.u-szeged.hu\/index.php\/wp-json\/wp\/v2\/pages"}],"about":[{"href":"https:\/\/regeszet.bibl.u-szeged.hu\/index.php\/wp-json\/wp\/v2\/types\/page"}],"author":[{"embeddable":true,"href":"https:\/\/regeszet.bibl.u-szeged.hu\/index.php\/wp-json\/wp\/v2\/users\/1"}],"replies":[{"embeddable":true,"href":"https:\/\/regeszet.bibl.u-szeged.hu\/index.php\/wp-json\/wp\/v2\/comments?post=6066"}],"version-history":[{"count":6,"href":"https:\/\/regeszet.bibl.u-szeged.hu\/index.php\/wp-json\/wp\/v2\/pages\/6066\/revisions"}],"predecessor-version":[{"id":6877,"href":"https:\/\/regeszet.bibl.u-szeged.hu\/index.php\/wp-json\/wp\/v2\/pages\/6066\/revisions\/6877"}],"up":[{"embeddable":true,"href":"https:\/\/regeszet.bibl.u-szeged.hu\/index.php\/wp-json\/wp\/v2\/pages\/6070"}],"wp:attachment":[{"href":"https:\/\/regeszet.bibl.u-szeged.hu\/index.php\/wp-json\/wp\/v2\/media?parent=6066"}],"curies":[{"name":"wp","href":"https:\/\/api.w.org\/{rel}","templated":true}]}}