{"id":61,"date":"2017-11-22T08:03:31","date_gmt":"2017-11-22T07:03:31","guid":{"rendered":"http:\/\/regeszet.bibl.u-szeged.hu\/?page_id=61"},"modified":"2022-02-08T12:52:43","modified_gmt":"2022-02-08T11:52:43","slug":"kiadvanyaink","status":"publish","type":"page","link":"https:\/\/regeszet.bibl.u-szeged.hu\/index.php\/kiadvanyaink\/","title":{"rendered":"Kiadv\u00e1nyaink"},"content":{"rendered":"<p>Tansz\u00e9k\u00fcnk jelenleg egy rendszeresen megjelen\u0151 monogr\u00e1fia-sorozattal (<em>Monogr\u00e1fi\u00e1k a Szegedi Tudom\u00e1nyegyetem R\u00e9g\u00e9szeti Tansz\u00e9k\u00e9r\u0151l<\/em>) \u00e9s egy k\u00e9t\u00e9vente megjelen\u0151 foly\u00f3irattal (<em>Acta Universitatis Szegediensis, Acta Iuvenum, Sectio Archaeologica<\/em>) rendelkezik. Emellett 2020-ban megjelent a tansz\u00e9k r\u00e9g\u00e9szeti gy\u0171jtem\u00e9ny\u00e9t bemutat\u00f3 k\u00f6tet <em>\u201eAz\u00e9rt m\u00e9gis csin\u00e1lunk int\u00e9zetet is, gy\u0171jtem\u00e9nyt is\u2026\u201d V\u00e1logat\u00e1s a szegedi egyetem R\u00e9g\u00e9szeti Tansz\u00e9k\u00e9nek leleteib\u0151l<\/em> c\u00edmmel.<\/p>\n<ul>\n<li><a href=\"https:\/\/regeszet.bibl.u-szeged.hu\/index.php\/kiadvanyaink\/monografiak\/\" target=\"_blank\" rel=\"noopener\">Monogr\u00e1fi\u00e1k<\/a><\/li>\n<li><a href=\"https:\/\/regeszet.bibl.u-szeged.hu\/index.php\/kiadvanyaink\/acta-iuvenum\/\" target=\"_blank\" rel=\"noopener\">Acta Iuvenum<\/a><\/li>\n<li><a href=\"https:\/\/regeszet.bibl.u-szeged.hu\/index.php\/kiadvanyaink\/valogatas-a-szegedi-egyetem-regeszeti-tanszekenek-leleteibol\/\" target=\"_blank\" rel=\"noopener\">V\u00e1logat\u00e1s a tansz\u00e9ki gy\u0171jtem\u00e9nyb\u0151l<\/a><\/li>\n<\/ul>\n","protected":false},"excerpt":{"rendered":"<p>Tansz\u00e9k\u00fcnk jelenleg egy rendszeresen megjelen\u0151 monogr\u00e1fia-sorozattal (Monogr\u00e1fi\u00e1k a Szegedi Tudom\u00e1nyegyetem R\u00e9g\u00e9szeti Tansz\u00e9k\u00e9r\u0151l) \u00e9s egy k\u00e9t\u00e9vente megjelen\u0151 foly\u00f3irattal (Acta Universitatis Szegediensis, Acta Iuvenum, Sectio Archaeologica) rendelkezik. Emellett 2020-ban megjelent a tansz\u00e9k r\u00e9g\u00e9szeti gy\u0171jtem\u00e9ny\u00e9t bemutat\u00f3 k\u00f6tet \u201eAz\u00e9rt m\u00e9gis csin\u00e1lunk int\u00e9zetet is, gy\u0171jtem\u00e9nyt is\u2026\u201d V\u00e1logat\u00e1s a szegedi egyetem R\u00e9g\u00e9szeti Tansz\u00e9k\u00e9nek leleteib\u0151l c\u00edmmel. Monogr\u00e1fi\u00e1k Acta Iuvenum V\u00e1logat\u00e1s a tansz\u00e9ki &hellip; <a href=\"https:\/\/regeszet.bibl.u-szeged.hu\/index.php\/kiadvanyaink\/\" class=\"more-link\"><span class=\"screen-reader-text\">Kiadv\u00e1nyaink<\/span> b\u0151vebben&#8230; <span class=\"meta-nav\">&rarr;<\/span><\/a><\/p>\n","protected":false},"author":1,"featured_media":0,"parent":0,"menu_order":10,"comment_status":"closed","ping_status":"closed","template":"","meta":{"footnotes":""},"class_list":["post-61","page","type-page","status-publish","hentry"],"_links":{"self":[{"href":"https:\/\/regeszet.bibl.u-szeged.hu\/index.php\/wp-json\/wp\/v2\/pages\/61","targetHints":{"allow":["GET"]}}],"collection":[{"href":"https:\/\/regeszet.bibl.u-szeged.hu\/index.php\/wp-json\/wp\/v2\/pages"}],"about":[{"href":"https:\/\/regeszet.bibl.u-szeged.hu\/index.php\/wp-json\/wp\/v2\/types\/page"}],"author":[{"embeddable":true,"href":"https:\/\/regeszet.bibl.u-szeged.hu\/index.php\/wp-json\/wp\/v2\/users\/1"}],"replies":[{"embeddable":true,"href":"https:\/\/regeszet.bibl.u-szeged.hu\/index.php\/wp-json\/wp\/v2\/comments?post=61"}],"version-history":[{"count":4,"href":"https:\/\/regeszet.bibl.u-szeged.hu\/index.php\/wp-json\/wp\/v2\/pages\/61\/revisions"}],"predecessor-version":[{"id":4577,"href":"https:\/\/regeszet.bibl.u-szeged.hu\/index.php\/wp-json\/wp\/v2\/pages\/61\/revisions\/4577"}],"wp:attachment":[{"href":"https:\/\/regeszet.bibl.u-szeged.hu\/index.php\/wp-json\/wp\/v2\/media?parent=61"}],"curies":[{"name":"wp","href":"https:\/\/api.w.org\/{rel}","templated":true}]}}