{"id":627,"date":"2017-11-23T14:19:35","date_gmt":"2017-11-23T13:19:35","guid":{"rendered":"http:\/\/regeszet.bibl.u-szeged.hu\/?page_id=627"},"modified":"2022-02-08T13:29:52","modified_gmt":"2022-02-08T12:29:52","slug":"muzeologia-asatasi-technologia","status":"publish","type":"page","link":"https:\/\/regeszet.bibl.u-szeged.hu\/index.php\/muzeologia-asatasi-technologia\/","title":{"rendered":"Muzeol\u00f3gia, \u00e1sat\u00e1si technol\u00f3gia"},"content":{"rendered":"<h3><strong>Muzeol\u00f3gia<\/strong><\/h3>\n<ol>\n<li>A m\u00fazeumok l\u00e9trej\u00f6tt\u00e9nek id\u0151szaka Magyarorsz\u00e1gon (a 19\u201320. sz\u00e1zad fordul\u00f3j\u00e1ig)<\/li>\n<li>A szegedi R\u00e9g\u00e9szeti Tansz\u00e9k t\u00f6rt\u00e9nete<\/li>\n<li>A r\u00e9g\u00e9szeti \u00f6r\u00f6ks\u00e9g v\u00e9delme a 19\u201320. sz\u00e1zadi jogszab\u00e1lyok t\u00fckr\u00e9ben<\/li>\n<li>A r\u00e9g\u00e9szeti leletek nyilv\u00e1ntart\u00e1sa (t\u00f6rt\u00e9nete, m\u00f3dszerei, szab\u00e1lyoz\u00e1sai)<\/li>\n<li>A r\u00e9g\u00e9szeti leletek \u00fatja az el\u0151ker\u00fcl\u00e9st\u0151l a ki\u00e1ll\u00edt\u00e1sig (el\u0151zetes nyilv\u00e1ntart\u00e1sba v\u00e9tel, restaur\u00e1l\u00e1s, t\u00e1rol\u00e1s, dokument\u00e1l\u00e1s)<\/li>\n<li>A r\u00e9g\u00e9szeti ki\u00e1ll\u00edt\u00e1sok m\u00f3dszertana. R\u00e9g\u00e9szeti parkok<\/li>\n<li>A jelenkori magyarorsz\u00e1gi m\u00fazeumok t\u00edpusai, k\u00fcl\u00f6n\u00f6s tekintettel a r\u00e9g\u00e9szeti gy\u0171jt\u0151k\u00f6rrel rendelkez\u0151 int\u00e9zm\u00e9nyekre<\/li>\n<\/ol>\n<h3><strong><br \/>\n\u00c1sat\u00e1si technol\u00f3gia<\/strong><\/h3>\n<ol>\n<li>Az \u00e1sat\u00e1si m\u00f3dszerek fejl\u0151d\u00e9s\u00e9nek t\u00f6rt\u00e9nete Magyarorsz\u00e1gon<\/li>\n<li>Ismertesse a telepjelens\u00e9gek dokument\u00e1l\u00e1s\u00e1nak folyamat\u00e1t!<\/li>\n<li>Milyen megfigyel\u00e9sek r\u00f6gz\u00edt\u00e9se fontos temet\u0151felt\u00e1r\u00e1s eset\u00e9n?<\/li>\n<li>Az el\u0151zetes lel\u0151hely-felder\u00edt\u00e9s m\u00f3dszerei<\/li>\n<li>Milyen enged\u00e9lyek beszerz\u00e9se sz\u00fcks\u00e9ges az \u00e1sat\u00e1s megkezd\u00e9s\u00e9hez?<\/li>\n<li>Milyen k\u00f6telez\u0151 elemei vannak az \u00e1sat\u00e1si dokument\u00e1ci\u00f3nak?<\/li>\n<li>Ismertesse a jogszab\u00e1lyokban meghat\u00e1rozott k\u00fcl\u00f6nb\u00f6z\u0151 felt\u00e1r\u00e1sok fajt\u00e1it!<\/li>\n<\/ol>\n","protected":false},"excerpt":{"rendered":"<p>Muzeol\u00f3gia A m\u00fazeumok l\u00e9trej\u00f6tt\u00e9nek id\u0151szaka Magyarorsz\u00e1gon (a 19\u201320. sz\u00e1zad fordul\u00f3j\u00e1ig) A szegedi R\u00e9g\u00e9szeti Tansz\u00e9k t\u00f6rt\u00e9nete A r\u00e9g\u00e9szeti \u00f6r\u00f6ks\u00e9g v\u00e9delme a 19\u201320. sz\u00e1zadi jogszab\u00e1lyok t\u00fckr\u00e9ben A r\u00e9g\u00e9szeti leletek nyilv\u00e1ntart\u00e1sa (t\u00f6rt\u00e9nete, m\u00f3dszerei, szab\u00e1lyoz\u00e1sai) A r\u00e9g\u00e9szeti leletek \u00fatja az el\u0151ker\u00fcl\u00e9st\u0151l a ki\u00e1ll\u00edt\u00e1sig (el\u0151zetes nyilv\u00e1ntart\u00e1sba v\u00e9tel, restaur\u00e1l\u00e1s, t\u00e1rol\u00e1s, dokument\u00e1l\u00e1s) A r\u00e9g\u00e9szeti ki\u00e1ll\u00edt\u00e1sok m\u00f3dszertana. R\u00e9g\u00e9szeti parkok A jelenkori magyarorsz\u00e1gi m\u00fazeumok &hellip; <a href=\"https:\/\/regeszet.bibl.u-szeged.hu\/index.php\/muzeologia-asatasi-technologia\/\" class=\"more-link\"><span class=\"screen-reader-text\">Muzeol\u00f3gia, \u00e1sat\u00e1si technol\u00f3gia<\/span> b\u0151vebben&#8230; <span class=\"meta-nav\">&rarr;<\/span><\/a><\/p>\n","protected":false},"author":1,"featured_media":0,"parent":0,"menu_order":1,"comment_status":"closed","ping_status":"closed","template":"","meta":{"footnotes":""},"class_list":["post-627","page","type-page","status-publish","hentry"],"_links":{"self":[{"href":"https:\/\/regeszet.bibl.u-szeged.hu\/index.php\/wp-json\/wp\/v2\/pages\/627","targetHints":{"allow":["GET"]}}],"collection":[{"href":"https:\/\/regeszet.bibl.u-szeged.hu\/index.php\/wp-json\/wp\/v2\/pages"}],"about":[{"href":"https:\/\/regeszet.bibl.u-szeged.hu\/index.php\/wp-json\/wp\/v2\/types\/page"}],"author":[{"embeddable":true,"href":"https:\/\/regeszet.bibl.u-szeged.hu\/index.php\/wp-json\/wp\/v2\/users\/1"}],"replies":[{"embeddable":true,"href":"https:\/\/regeszet.bibl.u-szeged.hu\/index.php\/wp-json\/wp\/v2\/comments?post=627"}],"version-history":[{"count":6,"href":"https:\/\/regeszet.bibl.u-szeged.hu\/index.php\/wp-json\/wp\/v2\/pages\/627\/revisions"}],"predecessor-version":[{"id":4588,"href":"https:\/\/regeszet.bibl.u-szeged.hu\/index.php\/wp-json\/wp\/v2\/pages\/627\/revisions\/4588"}],"wp:attachment":[{"href":"https:\/\/regeszet.bibl.u-szeged.hu\/index.php\/wp-json\/wp\/v2\/media?parent=627"}],"curies":[{"name":"wp","href":"https:\/\/api.w.org\/{rel}","templated":true}]}}