{"id":631,"date":"2017-11-23T14:20:24","date_gmt":"2017-11-23T13:20:24","guid":{"rendered":"http:\/\/regeszet.bibl.u-szeged.hu\/?page_id=631"},"modified":"2022-02-08T13:31:21","modified_gmt":"2022-02-08T12:31:21","slug":"barbaricum-es-nepvandorlaskor","status":"publish","type":"page","link":"https:\/\/regeszet.bibl.u-szeged.hu\/index.php\/hallgatoknak\/zarovizsga-tetelsor\/barbaricum-es-nepvandorlaskor\/","title":{"rendered":"Barbaricum \u00e9s n\u00e9pv\u00e1ndorl\u00e1skor"},"content":{"rendered":"<ol>\n<li>Ismertesse Pannonia megsz\u00e1ll\u00e1s\u00e1nak folyamat\u00e1t \u00e9s r\u00e9g\u00e9szeti eml\u00e9keit Augustus hadj\u00e1rat\u00e1t\u00f3l a Duna hat\u00e1r ki\u00e9p\u00fcl\u00e9s\u00e9ig. Sorolja fel egy r\u00f3mai t\u00e1bor r\u00e9szeit \u00e9s fel\u00e9p\u00edt\u00e9s\u00e9t.<\/li>\n<li>K\u00f6vesse v\u00e9gig \u00e9s jellemezze a pannoniai tartom\u00e1nyok urbaniz\u00e1ci\u00f3j\u00e1t (t\u00e9rjen ki r\u00f6viden a vicusok \u00e9s a vill\u00e1k k\u00e9rd\u00e9sk\u00f6r\u00e9re is). Egy szabadon v\u00e1lasztott pannoniai v\u00e1roson kereszt\u00fcl mutassa be egy r\u00f3mai v\u00e1ros fel\u00e9p\u00edt\u00e9s\u00e9t.<\/li>\n<li>Pannonia szerepe a R\u00f3mai Birodalom kereskedelm\u00e9ben. Mutassa be \u00e9s jellemezze a terra sigillatak importj\u00e1n kereszt\u00fcl a pannoniai tartom\u00e1nyok kereskedelmi kapcsolatait a Kr.u. 1\u20133.sz\u00e1zadban.<\/li>\n<li>Jellemezze az alf\u00f6ldi szarmat\u00e1k \u00e9s a provinci\u00e1k kapcsolat\u00e1t a Kr.u. 1-5. sz\u00e1zad k\u00f6z\u00f6tt. Legfontosabb t\u00f6rt\u00e9neti forr\u00e1sok \u00e9s a szarmata lel\u0151helyeken el\u0151fordul\u00f3 r\u00f3mai leletcsoportok.<\/li>\n<li>Szerkezet \u00e9s \u00e9letm\u00f3d a szarmata telep\u00fcl\u00e9seken: r\u00e9g\u00e9szeti leletek, \u00e1sat\u00e1si megfigyel\u00e9sek.<\/li>\n<li>A temetkez\u00e9si szok\u00e1sok v\u00e1ltoz\u00e1sa a szarmata temet\u0151kben a Kr.u. 1\u20135. sz\u00e1zad sor\u00e1n (a s\u00edrok jel\u00f6l\u00e9se, a temet\u0151k szerkezete, f\u00e9rfi, n\u0151i \u00e9s gyermek viselet, mell\u00e9kletek).<\/li>\n<li>Cs\u00e1sz\u00e1rkori germ\u00e1nok: kv\u00e1dok, vand\u00e1lok, vizig\u00f3tok a K\u00e1rp\u00e1t-medenc\u00e9ben. \u00edrott forr\u00e1sok, r\u00e9g\u00e9szeti eml\u00e9kek.<\/li>\n<li>A Kr.u. 5\u20136. sz (568-ig) t\u00f6rt\u00e9nete az \u00edrott forr\u00e1sok t\u00fckr\u00e9ben.<\/li>\n<li>A Kr.u. 5\u20136. sz (568-ig) telep\u00fcl\u00e9sei: lel\u0151helyek, telep\u00fcl\u00e9sszerkezet, \u00e9p\u00edtm\u00e9nyt\u00edpusok, fontosabb leletek, lelett\u00edpusok.<\/li>\n<li>A Kr.u. 5\u20136. sz (568-ig) temet\u0151i: temetkez\u00e9si szok\u00e1sok, a temet\u0151k m\u00e9rete, \u201emag\u00e1nyos s\u00edrok\u201d, s\u00edrcsoportok, s\u00edrform\u00e1k, mell\u00e9kletek, hitvil\u00e1g eml\u00e9kei a s\u00edrokban.<\/li>\n<li>Kr.u. 5\u20136. sz (568-ig): A n\u0151i \u00e9s f\u00e9rfi viselet v\u00e1ltoz\u00e1sai \u00e9s ezek r\u00e9g\u00e9szeti eml\u00e9kei. A korszak fegyvert\u00edpusai.<\/li>\n<li>Kr.u. 5\u20136. sz (568-ig): Az \u00f6tv\u00f6ss\u00e9g eml\u00e9kei: \u00e9kszert\u00edpusok, technikai fog\u00e1sok.<\/li>\n<li>Kr.u. 5-6. sz (568-ig): Az anyagi kult\u00fara fontosabb leletcsoportjai: a fazekass\u00e1g, csontm\u0171vess\u00e9g, textilk\u00e9sz\u00edt\u00e9s, kov\u00e1csmesters\u00e9g r\u00e9g\u00e9szeti eml\u00e9kei.<\/li>\n<li>Az Avar Kagan\u00e1tus t\u00f6rt\u00e9nete az \u00edrott forr\u00e1sok alapj\u00e1n, a korszak r\u00e9g\u00e9szeti periodiz\u00e1ci\u00f3ja.<\/li>\n<li>Avar kori temet\u0151k, temetkez\u00e9si szok\u00e1sok.<\/li>\n<li>Avar kori telep\u00fcl\u00e9sek. Lel\u0151helyek, telep\u00fcl\u00e9sszerkezet, \u00e9p\u00edtm\u00e9nyt\u00edpusok, leletek.<\/li>\n<li>A f\u00e9rfi \u00e9s n\u0151i viselet v\u00e1ltoz\u00e1sai az avar korban. Az avar \u00f6tv\u00f6ss\u00e9g, \u00e9kszert\u00edpusok.<\/li>\n<li>Az avar kori elit temetkez\u00e9sei, kincsleletek.<\/li>\n<li>Biz\u00e1nci \u00e9s germ\u00e1n hat\u00e1s az avar kori leletanyagban, \u00e9s azok t\u00f6rt\u00e9neti h\u00e1ttere.<\/li>\n<\/ol>\n","protected":false},"excerpt":{"rendered":"<p>Ismertesse Pannonia megsz\u00e1ll\u00e1s\u00e1nak folyamat\u00e1t \u00e9s r\u00e9g\u00e9szeti eml\u00e9keit Augustus hadj\u00e1rat\u00e1t\u00f3l a Duna hat\u00e1r ki\u00e9p\u00fcl\u00e9s\u00e9ig. Sorolja fel egy r\u00f3mai t\u00e1bor r\u00e9szeit \u00e9s fel\u00e9p\u00edt\u00e9s\u00e9t. K\u00f6vesse v\u00e9gig \u00e9s jellemezze a pannoniai tartom\u00e1nyok urbaniz\u00e1ci\u00f3j\u00e1t (t\u00e9rjen ki r\u00f6viden a vicusok \u00e9s a vill\u00e1k k\u00e9rd\u00e9sk\u00f6r\u00e9re is). Egy szabadon v\u00e1lasztott pannoniai v\u00e1roson kereszt\u00fcl mutassa be egy r\u00f3mai v\u00e1ros fel\u00e9p\u00edt\u00e9s\u00e9t. Pannonia szerepe a R\u00f3mai &hellip; <a href=\"https:\/\/regeszet.bibl.u-szeged.hu\/index.php\/hallgatoknak\/zarovizsga-tetelsor\/barbaricum-es-nepvandorlaskor\/\" class=\"more-link\"><span class=\"screen-reader-text\">Barbaricum \u00e9s n\u00e9pv\u00e1ndorl\u00e1skor<\/span> b\u0151vebben&#8230; <span class=\"meta-nav\">&rarr;<\/span><\/a><\/p>\n","protected":false},"author":1,"featured_media":0,"parent":281,"menu_order":3,"comment_status":"closed","ping_status":"closed","template":"","meta":{"footnotes":""},"class_list":["post-631","page","type-page","status-publish","hentry"],"_links":{"self":[{"href":"https:\/\/regeszet.bibl.u-szeged.hu\/index.php\/wp-json\/wp\/v2\/pages\/631","targetHints":{"allow":["GET"]}}],"collection":[{"href":"https:\/\/regeszet.bibl.u-szeged.hu\/index.php\/wp-json\/wp\/v2\/pages"}],"about":[{"href":"https:\/\/regeszet.bibl.u-szeged.hu\/index.php\/wp-json\/wp\/v2\/types\/page"}],"author":[{"embeddable":true,"href":"https:\/\/regeszet.bibl.u-szeged.hu\/index.php\/wp-json\/wp\/v2\/users\/1"}],"replies":[{"embeddable":true,"href":"https:\/\/regeszet.bibl.u-szeged.hu\/index.php\/wp-json\/wp\/v2\/comments?post=631"}],"version-history":[{"count":6,"href":"https:\/\/regeszet.bibl.u-szeged.hu\/index.php\/wp-json\/wp\/v2\/pages\/631\/revisions"}],"predecessor-version":[{"id":4591,"href":"https:\/\/regeszet.bibl.u-szeged.hu\/index.php\/wp-json\/wp\/v2\/pages\/631\/revisions\/4591"}],"up":[{"embeddable":true,"href":"https:\/\/regeszet.bibl.u-szeged.hu\/index.php\/wp-json\/wp\/v2\/pages\/281"}],"wp:attachment":[{"href":"https:\/\/regeszet.bibl.u-szeged.hu\/index.php\/wp-json\/wp\/v2\/media?parent=631"}],"curies":[{"name":"wp","href":"https:\/\/api.w.org\/{rel}","templated":true}]}}