{"id":64,"date":"2017-11-22T08:03:40","date_gmt":"2017-11-22T07:03:40","guid":{"rendered":"http:\/\/regeszet.bibl.u-szeged.hu\/?page_id=64"},"modified":"2022-02-08T13:26:38","modified_gmt":"2022-02-08T12:26:38","slug":"hallgatoknak","status":"publish","type":"page","link":"https:\/\/regeszet.bibl.u-szeged.hu\/index.php\/hallgatoknak\/","title":{"rendered":"Hallgat\u00f3knak"},"content":{"rendered":"<p>Ebben a rovatban hallgat\u00f3ink sz\u00e1m\u00e1ra gy\u0171jt\u00f6tt\u00fck \u00f6ssze az al\u00e1bbi hasznos inform\u00e1ci\u00f3kat:<\/p>\n<ul>\n<li><a href=\"https:\/\/regeszet.bibl.u-szeged.hu\/index.php\/hallgatoknak\/orarend\/\" target=\"_blank\" rel=\"noopener\">\u00d3rarend<\/a><\/li>\n<li><a href=\"https:\/\/regeszet.bibl.u-szeged.hu\/index.php\/hallgatoknak\/zarovizsga-tetelsor\/\" target=\"_blank\" rel=\"noopener\">Z\u00e1r\u00f3vizsga t\u00e9telsor<\/a><\/li>\n<li><a href=\"https:\/\/regeszet.bibl.u-szeged.hu\/index.php\/hallgatoknak\/tajekoztato-vegzos-hallgatok-reszere\/\" target=\"_blank\" rel=\"noopener\">T\u00e1j\u00e9koztat\u00f3 v\u00e9gz\u0151s hallgat\u00f3k r\u00e9sz\u00e9re<\/a><\/li>\n<li><a href=\"https:\/\/regeszet.bibl.u-szeged.hu\/index.php\/hallgatoknak\/asatasi-lehetosegek\/\" target=\"_blank\" rel=\"noopener\">\u00c1sat\u00e1si lehet\u0151s\u00e9gek<\/a><\/li>\n<li><a href=\"https:\/\/regeszet.bibl.u-szeged.hu\/index.php\/hallgatoknak\/hasznos-linkek\/\" target=\"_blank\" rel=\"noopener\">Hasznos linkek<\/a><\/li>\n<\/ul>\n<p>&nbsp;<\/p>\n","protected":false},"excerpt":{"rendered":"<p>Ebben a rovatban hallgat\u00f3ink sz\u00e1m\u00e1ra gy\u0171jt\u00f6tt\u00fck \u00f6ssze az al\u00e1bbi hasznos inform\u00e1ci\u00f3kat: \u00d3rarend Z\u00e1r\u00f3vizsga t\u00e9telsor T\u00e1j\u00e9koztat\u00f3 v\u00e9gz\u0151s hallgat\u00f3k r\u00e9sz\u00e9re \u00c1sat\u00e1si lehet\u0151s\u00e9gek Hasznos linkek &nbsp;<\/p>\n","protected":false},"author":1,"featured_media":0,"parent":0,"menu_order":11,"comment_status":"closed","ping_status":"closed","template":"","meta":{"footnotes":""},"class_list":["post-64","page","type-page","status-publish","hentry"],"_links":{"self":[{"href":"https:\/\/regeszet.bibl.u-szeged.hu\/index.php\/wp-json\/wp\/v2\/pages\/64","targetHints":{"allow":["GET"]}}],"collection":[{"href":"https:\/\/regeszet.bibl.u-szeged.hu\/index.php\/wp-json\/wp\/v2\/pages"}],"about":[{"href":"https:\/\/regeszet.bibl.u-szeged.hu\/index.php\/wp-json\/wp\/v2\/types\/page"}],"author":[{"embeddable":true,"href":"https:\/\/regeszet.bibl.u-szeged.hu\/index.php\/wp-json\/wp\/v2\/users\/1"}],"replies":[{"embeddable":true,"href":"https:\/\/regeszet.bibl.u-szeged.hu\/index.php\/wp-json\/wp\/v2\/comments?post=64"}],"version-history":[{"count":4,"href":"https:\/\/regeszet.bibl.u-szeged.hu\/index.php\/wp-json\/wp\/v2\/pages\/64\/revisions"}],"predecessor-version":[{"id":4586,"href":"https:\/\/regeszet.bibl.u-szeged.hu\/index.php\/wp-json\/wp\/v2\/pages\/64\/revisions\/4586"}],"wp:attachment":[{"href":"https:\/\/regeszet.bibl.u-szeged.hu\/index.php\/wp-json\/wp\/v2\/media?parent=64"}],"curies":[{"name":"wp","href":"https:\/\/api.w.org\/{rel}","templated":true}]}}