{"id":670,"date":"2017-11-23T15:18:07","date_gmt":"2017-11-23T14:18:07","guid":{"rendered":"http:\/\/regeszet.bibl.u-szeged.hu\/?page_id=670"},"modified":"2025-10-31T16:31:23","modified_gmt":"2025-10-31T15:31:23","slug":"b-toth-agnes","status":"publish","type":"page","link":"https:\/\/regeszet.bibl.u-szeged.hu\/index.php\/munkatarsak\/oktatoink\/b-toth-agnes\/","title":{"rendered":"Dr. B. T\u00f3th \u00c1gnes"},"content":{"rendered":"<p><a href=\"http:\/\/regeszet.bibl.u-szeged.hu\/wp-content\/uploads\/2017\/11\/b_toth_agnes_m.jpg\"><img loading=\"lazy\" decoding=\"async\" class=\"size-full wp-image-731 alignright\" src=\"http:\/\/regeszet.bibl.u-szeged.hu\/wp-content\/uploads\/2017\/11\/b_toth_agnes_m.jpg\" alt=\"\" width=\"222\" height=\"300\" \/><\/a>c\u00edmzetes egyetemi tan\u00e1r<\/p>\n<p><strong>V\u00e9gzetts\u00e9g:<\/strong> r\u00e9g\u00e9sz, muzeol\u00f3gus<\/p>\n<p><strong>Kutat\u00e1si ter\u00fclet:<\/strong> Kr.u. 5\u20136. sz\u00e1zad r\u00e9g\u00e9szete<\/p>\n<p><strong>E-mail:<\/strong> btotha@gmail.com<\/p>\n<p><strong>Fogad\u00f3\u00f3ra: <\/strong>szerda 12:00\u201313:00<\/p>\n<p><strong>Linkek:<\/strong><br \/>\n<a href=\"http:\/\/regeszet.bibl.u-szeged.hu\/wp-content\/uploads\/2017\/11\/B.Toth_CV.pdf\" target=\"_blank\" rel=\"noopener\">Szakmai \u00f6n\u00e9letrajz<\/a><br \/>\n<a href=\"https:\/\/m2.mtmt.hu\/gui2\/?type=authors&amp;mode=browse&amp;sel=10045866\" target=\"_blank\" rel=\"noopener\">Publik\u00e1ci\u00f3k<\/a><\/p>\n","protected":false},"excerpt":{"rendered":"<p>c\u00edmzetes egyetemi tan\u00e1r V\u00e9gzetts\u00e9g: r\u00e9g\u00e9sz, muzeol\u00f3gus Kutat\u00e1si ter\u00fclet: Kr.u. 5\u20136. sz\u00e1zad r\u00e9g\u00e9szete E-mail: btotha@gmail.com Fogad\u00f3\u00f3ra: szerda 12:00\u201313:00 Linkek: Szakmai \u00f6n\u00e9letrajz Publik\u00e1ci\u00f3k<\/p>\n","protected":false},"author":1,"featured_media":0,"parent":102,"menu_order":1,"comment_status":"closed","ping_status":"closed","template":"","meta":{"footnotes":""},"class_list":["post-670","page","type-page","status-publish","hentry"],"_links":{"self":[{"href":"https:\/\/regeszet.bibl.u-szeged.hu\/index.php\/wp-json\/wp\/v2\/pages\/670","targetHints":{"allow":["GET"]}}],"collection":[{"href":"https:\/\/regeszet.bibl.u-szeged.hu\/index.php\/wp-json\/wp\/v2\/pages"}],"about":[{"href":"https:\/\/regeszet.bibl.u-szeged.hu\/index.php\/wp-json\/wp\/v2\/types\/page"}],"author":[{"embeddable":true,"href":"https:\/\/regeszet.bibl.u-szeged.hu\/index.php\/wp-json\/wp\/v2\/users\/1"}],"replies":[{"embeddable":true,"href":"https:\/\/regeszet.bibl.u-szeged.hu\/index.php\/wp-json\/wp\/v2\/comments?post=670"}],"version-history":[{"count":13,"href":"https:\/\/regeszet.bibl.u-szeged.hu\/index.php\/wp-json\/wp\/v2\/pages\/670\/revisions"}],"predecessor-version":[{"id":7005,"href":"https:\/\/regeszet.bibl.u-szeged.hu\/index.php\/wp-json\/wp\/v2\/pages\/670\/revisions\/7005"}],"up":[{"embeddable":true,"href":"https:\/\/regeszet.bibl.u-szeged.hu\/index.php\/wp-json\/wp\/v2\/pages\/102"}],"wp:attachment":[{"href":"https:\/\/regeszet.bibl.u-szeged.hu\/index.php\/wp-json\/wp\/v2\/media?parent=670"}],"curies":[{"name":"wp","href":"https:\/\/api.w.org\/{rel}","templated":true}]}}