{"id":672,"date":"2017-11-23T15:18:22","date_gmt":"2017-11-23T14:18:22","guid":{"rendered":"http:\/\/regeszet.bibl.u-szeged.hu\/?page_id=672"},"modified":"2025-10-31T16:24:46","modified_gmt":"2025-10-31T15:24:46","slug":"felfoldi-szabolcs","status":"publish","type":"page","link":"https:\/\/regeszet.bibl.u-szeged.hu\/index.php\/munkatarsak\/oktatoink\/felfoldi-szabolcs\/","title":{"rendered":"Dr. Felf\u00f6ldi Szabolcs"},"content":{"rendered":"<p><a href=\"http:\/\/regeszet.bibl.u-szeged.hu\/wp-content\/uploads\/2017\/11\/felfoldi_szabolcs_m.jpg\"><img loading=\"lazy\" decoding=\"async\" class=\"wp-image-737 alignright\" src=\"http:\/\/regeszet.bibl.u-szeged.hu\/wp-content\/uploads\/2017\/11\/felfoldi_szabolcs_m.jpg\" alt=\"\" width=\"202\" height=\"300\" \/><\/a>egyetemi adjunktus<\/p>\n<p><strong>V\u00e9gzetts\u00e9g<\/strong>: r\u00e9g\u00e9sz \u2013 t\u00f6rt\u00e9n\u00e9sz\u2013 magyar \u0151st\u00f6rt\u00e9net el\u0151ad\u00f3<\/p>\n<p><strong>Kutat\u00e1si ter\u00fclet<\/strong>: A K\u00e1rp\u00e1t-medence \u00e9s Bels\u0151-\u00c1zsia n\u00e9pv\u00e1ndorl\u00e1s kori t\u00f6rt\u00e9nete \u00e9s r\u00e9g\u00e9szete, illetve a Selyem\u00fat t\u00f6rt\u00e9nete \u00e9s r\u00e9g\u00e9szete<\/p>\n<p><strong>E-mail:<\/strong> sz.felfoldi@gmail.com<\/p>\n<p><strong>Fogad\u00f3\u00f3ra:<\/strong> kedd 10:00\u201312:00<\/p>\n<p><strong>Linkek:<\/strong><br \/>\n<a href=\"http:\/\/regeszet.bibl.u-szeged.hu\/wp-content\/uploads\/2017\/11\/Felfoldi_oneletrajz.pdf\" target=\"_blank\" rel=\"noopener\">Szakmai \u00f6n\u00e9letrajz<\/a><br \/>\n<a href=\"https:\/\/m2.mtmt.hu\/gui2\/?type=authors&amp;mode=browse&amp;sel=10031221\" target=\"_blank\" rel=\"noopener\">Publik\u00e1ci\u00f3k<\/a><\/p>\n","protected":false},"excerpt":{"rendered":"<p>egyetemi adjunktus V\u00e9gzetts\u00e9g: r\u00e9g\u00e9sz \u2013 t\u00f6rt\u00e9n\u00e9sz\u2013 magyar \u0151st\u00f6rt\u00e9net el\u0151ad\u00f3 Kutat\u00e1si ter\u00fclet: A K\u00e1rp\u00e1t-medence \u00e9s Bels\u0151-\u00c1zsia n\u00e9pv\u00e1ndorl\u00e1s kori t\u00f6rt\u00e9nete \u00e9s r\u00e9g\u00e9szete, illetve a Selyem\u00fat t\u00f6rt\u00e9nete \u00e9s r\u00e9g\u00e9szete E-mail: sz.felfoldi@gmail.com Fogad\u00f3\u00f3ra: kedd 10:00\u201312:00 Linkek: Szakmai \u00f6n\u00e9letrajz Publik\u00e1ci\u00f3k<\/p>\n","protected":false},"author":1,"featured_media":0,"parent":102,"menu_order":2,"comment_status":"closed","ping_status":"closed","template":"","meta":{"footnotes":""},"class_list":["post-672","page","type-page","status-publish","hentry"],"_links":{"self":[{"href":"https:\/\/regeszet.bibl.u-szeged.hu\/index.php\/wp-json\/wp\/v2\/pages\/672","targetHints":{"allow":["GET"]}}],"collection":[{"href":"https:\/\/regeszet.bibl.u-szeged.hu\/index.php\/wp-json\/wp\/v2\/pages"}],"about":[{"href":"https:\/\/regeszet.bibl.u-szeged.hu\/index.php\/wp-json\/wp\/v2\/types\/page"}],"author":[{"embeddable":true,"href":"https:\/\/regeszet.bibl.u-szeged.hu\/index.php\/wp-json\/wp\/v2\/users\/1"}],"replies":[{"embeddable":true,"href":"https:\/\/regeszet.bibl.u-szeged.hu\/index.php\/wp-json\/wp\/v2\/comments?post=672"}],"version-history":[{"count":14,"href":"https:\/\/regeszet.bibl.u-szeged.hu\/index.php\/wp-json\/wp\/v2\/pages\/672\/revisions"}],"predecessor-version":[{"id":7001,"href":"https:\/\/regeszet.bibl.u-szeged.hu\/index.php\/wp-json\/wp\/v2\/pages\/672\/revisions\/7001"}],"up":[{"embeddable":true,"href":"https:\/\/regeszet.bibl.u-szeged.hu\/index.php\/wp-json\/wp\/v2\/pages\/102"}],"wp:attachment":[{"href":"https:\/\/regeszet.bibl.u-szeged.hu\/index.php\/wp-json\/wp\/v2\/media?parent=672"}],"curies":[{"name":"wp","href":"https:\/\/api.w.org\/{rel}","templated":true}]}}