{"id":674,"date":"2017-11-23T15:18:36","date_gmt":"2017-11-23T14:18:36","guid":{"rendered":"http:\/\/regeszet.bibl.u-szeged.hu\/?page_id=674"},"modified":"2019-02-03T14:27:17","modified_gmt":"2019-02-03T13:27:17","slug":"kovacs-laszlo","status":"publish","type":"page","link":"https:\/\/regeszet.bibl.u-szeged.hu\/index.php\/munkatarsak\/oktatoink\/kovacs-laszlo\/","title":{"rendered":"Prof. Dr. Kov\u00e1cs L\u00e1szl\u00f3"},"content":{"rendered":"<p><a href=\"http:\/\/regeszet.bibl.u-szeged.hu\/wp-content\/uploads\/2017\/11\/Kovacs_Laszlo.jpg\"><img loading=\"lazy\" decoding=\"async\" class=\"alignright wp-image-748\" src=\"http:\/\/regeszet.bibl.u-szeged.hu\/wp-content\/uploads\/2017\/11\/Kovacs_Laszlo.jpg\" alt=\"\" width=\"225\" height=\"300\" \/><\/a>c\u00edmzetes egyetemi tan\u00e1r<\/p>\n<p><strong>V\u00e9gzetts\u00e9g:<\/strong> t\u00f6rt\u00e9n\u00e9sz, r\u00e9g\u00e9sz, muzeol\u00f3gus<\/p>\n<p><strong>Kutat\u00e1si ter\u00fclet:<\/strong> A 10\u201312. sz\u00e1zadi magyar r\u00e9g\u00e9szeti leletanyag, a 11\u201312. sz\u00e1zadi magyar p\u00e9nzver\u00e9s<\/p>\n<p><strong>E-mail:<\/strong> kovacs@archeo.mta.hu<\/p>\n<p><strong>Linkek:<br \/>\n<\/strong><a href=\"http:\/\/regeszet.bibl.u-szeged.hu\/wp-content\/uploads\/2017\/11\/Kovacs_CV.pdf\" target=\"_blank\" rel=\"noopener\">Szakmai \u00f6n\u00e9letrajz<\/a><br \/>\n<a href=\"https:\/\/m2.mtmt.hu\/gui2\/?type=authors&amp;mode=browse&amp;sel=10006694\" target=\"_blank\" rel=\"noopener\">Publik\u00e1ci\u00f3k<\/a><\/p>\n","protected":false},"excerpt":{"rendered":"<p>c\u00edmzetes egyetemi tan\u00e1r V\u00e9gzetts\u00e9g: t\u00f6rt\u00e9n\u00e9sz, r\u00e9g\u00e9sz, muzeol\u00f3gus Kutat\u00e1si ter\u00fclet: A 10\u201312. sz\u00e1zadi magyar r\u00e9g\u00e9szeti leletanyag, a 11\u201312. sz\u00e1zadi magyar p\u00e9nzver\u00e9s E-mail: kovacs@archeo.mta.hu Linkek: Szakmai \u00f6n\u00e9letrajz Publik\u00e1ci\u00f3k<\/p>\n","protected":false},"author":1,"featured_media":0,"parent":102,"menu_order":3,"comment_status":"closed","ping_status":"closed","template":"","meta":{"footnotes":""},"class_list":["post-674","page","type-page","status-publish","hentry"],"_links":{"self":[{"href":"https:\/\/regeszet.bibl.u-szeged.hu\/index.php\/wp-json\/wp\/v2\/pages\/674","targetHints":{"allow":["GET"]}}],"collection":[{"href":"https:\/\/regeszet.bibl.u-szeged.hu\/index.php\/wp-json\/wp\/v2\/pages"}],"about":[{"href":"https:\/\/regeszet.bibl.u-szeged.hu\/index.php\/wp-json\/wp\/v2\/types\/page"}],"author":[{"embeddable":true,"href":"https:\/\/regeszet.bibl.u-szeged.hu\/index.php\/wp-json\/wp\/v2\/users\/1"}],"replies":[{"embeddable":true,"href":"https:\/\/regeszet.bibl.u-szeged.hu\/index.php\/wp-json\/wp\/v2\/comments?post=674"}],"version-history":[{"count":9,"href":"https:\/\/regeszet.bibl.u-szeged.hu\/index.php\/wp-json\/wp\/v2\/pages\/674\/revisions"}],"predecessor-version":[{"id":2504,"href":"https:\/\/regeszet.bibl.u-szeged.hu\/index.php\/wp-json\/wp\/v2\/pages\/674\/revisions\/2504"}],"up":[{"embeddable":true,"href":"https:\/\/regeszet.bibl.u-szeged.hu\/index.php\/wp-json\/wp\/v2\/pages\/102"}],"wp:attachment":[{"href":"https:\/\/regeszet.bibl.u-szeged.hu\/index.php\/wp-json\/wp\/v2\/media?parent=674"}],"curies":[{"name":"wp","href":"https:\/\/api.w.org\/{rel}","templated":true}]}}