{"id":676,"date":"2017-11-23T15:19:09","date_gmt":"2017-11-23T14:19:09","guid":{"rendered":"http:\/\/regeszet.bibl.u-szeged.hu\/?page_id=676"},"modified":"2025-10-31T16:30:34","modified_gmt":"2025-10-31T15:30:34","slug":"kulcsar-valeria","status":"publish","type":"page","link":"https:\/\/regeszet.bibl.u-szeged.hu\/index.php\/munkatarsak\/oktatoink\/kulcsar-valeria\/","title":{"rendered":"Dr. habil. Kulcs\u00e1r Val\u00e9ria"},"content":{"rendered":"<p><a href=\"http:\/\/regeszet.bibl.u-szeged.hu\/wp-content\/uploads\/2017\/11\/KV.jpg\"><img loading=\"lazy\" decoding=\"async\" class=\"alignright wp-image-758\" src=\"http:\/\/regeszet.bibl.u-szeged.hu\/wp-content\/uploads\/2017\/11\/KV.jpg\" alt=\"\" width=\"292\" height=\"300\" \/><\/a>habilit\u00e1lt egyetemi docens<\/p>\n<p><strong>V\u00e9gzetts\u00e9g:<\/strong> r\u00e9g\u00e9sz, muzeol\u00f3gus<\/p>\n<p><strong>Kutat\u00e1si ter\u00fclet:<\/strong> cs\u00e1sz\u00e1rkori barb\u00e1rok (szarmat\u00e1k, germ\u00e1nok), hunkor<\/p>\n<p><strong>E-mail:<\/strong> vkulcsar58@gmail.com<\/p>\n<p><strong>Fogad\u00f3\u00f3ra:<\/strong> szerda 11:00\u201312:00<\/p>\n<p><strong>Linkek:<\/strong><br \/>\n<a href=\"http:\/\/regeszet.bibl.u-szeged.hu\/wp-content\/uploads\/2021\/04\/Kulcsar-Valeria_szakmai-eletrajz_2021.pdf\" target=\"_blank\" rel=\"noopener\">Szakmai \u00f6n\u00e9letrajz<\/a><br \/>\n<a href=\"https:\/\/m2.mtmt.hu\/gui2\/?type=authors&amp;mode=browse&amp;sel=10011208\" target=\"_blank\" rel=\"noopener\">Publik\u00e1ci\u00f3k<\/a><\/p>\n","protected":false},"excerpt":{"rendered":"<p>habilit\u00e1lt egyetemi docens V\u00e9gzetts\u00e9g: r\u00e9g\u00e9sz, muzeol\u00f3gus Kutat\u00e1si ter\u00fclet: cs\u00e1sz\u00e1rkori barb\u00e1rok (szarmat\u00e1k, germ\u00e1nok), hunkor E-mail: vkulcsar58@gmail.com Fogad\u00f3\u00f3ra: szerda 11:00\u201312:00 Linkek: Szakmai \u00f6n\u00e9letrajz Publik\u00e1ci\u00f3k<\/p>\n","protected":false},"author":1,"featured_media":0,"parent":102,"menu_order":4,"comment_status":"closed","ping_status":"closed","template":"","meta":{"footnotes":""},"class_list":["post-676","page","type-page","status-publish","hentry"],"_links":{"self":[{"href":"https:\/\/regeszet.bibl.u-szeged.hu\/index.php\/wp-json\/wp\/v2\/pages\/676","targetHints":{"allow":["GET"]}}],"collection":[{"href":"https:\/\/regeszet.bibl.u-szeged.hu\/index.php\/wp-json\/wp\/v2\/pages"}],"about":[{"href":"https:\/\/regeszet.bibl.u-szeged.hu\/index.php\/wp-json\/wp\/v2\/types\/page"}],"author":[{"embeddable":true,"href":"https:\/\/regeszet.bibl.u-szeged.hu\/index.php\/wp-json\/wp\/v2\/users\/1"}],"replies":[{"embeddable":true,"href":"https:\/\/regeszet.bibl.u-szeged.hu\/index.php\/wp-json\/wp\/v2\/comments?post=676"}],"version-history":[{"count":12,"href":"https:\/\/regeszet.bibl.u-szeged.hu\/index.php\/wp-json\/wp\/v2\/pages\/676\/revisions"}],"predecessor-version":[{"id":7004,"href":"https:\/\/regeszet.bibl.u-szeged.hu\/index.php\/wp-json\/wp\/v2\/pages\/676\/revisions\/7004"}],"up":[{"embeddable":true,"href":"https:\/\/regeszet.bibl.u-szeged.hu\/index.php\/wp-json\/wp\/v2\/pages\/102"}],"wp:attachment":[{"href":"https:\/\/regeszet.bibl.u-szeged.hu\/index.php\/wp-json\/wp\/v2\/media?parent=676"}],"curies":[{"name":"wp","href":"https:\/\/api.w.org\/{rel}","templated":true}]}}