{"id":678,"date":"2017-11-23T15:19:31","date_gmt":"2017-11-23T14:19:31","guid":{"rendered":"http:\/\/regeszet.bibl.u-szeged.hu\/?page_id=678"},"modified":"2026-03-22T07:51:27","modified_gmt":"2026-03-22T06:51:27","slug":"pinter-nagy-katalin","status":"publish","type":"page","link":"https:\/\/regeszet.bibl.u-szeged.hu\/index.php\/munkatarsak\/oktatoink\/pinter-nagy-katalin\/","title":{"rendered":"Dr. Pint\u00e9r-Nagy Katalin"},"content":{"rendered":"<p><a href=\"http:\/\/regeszet.bibl.u-szeged.hu\/wp-content\/uploads\/2017\/11\/nagy_katalin_m.jpg\"><img loading=\"lazy\" decoding=\"async\" class=\"alignright wp-image-765 size-full\" src=\"http:\/\/regeszet.bibl.u-szeged.hu\/wp-content\/uploads\/2017\/11\/nagy_katalin_m.jpg\" alt=\"\" width=\"250\" height=\"300\" \/><\/a>egyetemi adjunktus, oktat\u00e1sszervez\u0151, tanulm\u00e1nyi \u00fcgyek\u00e9rt felel\u0151s oktat\u00f3, tansz\u00e9ki TDK-felel\u0151s, mentortan\u00e1r<\/p>\n<p><strong>V\u00e9gzetts\u00e9g:<\/strong> r\u00e9g\u00e9sz \u2013 t\u00f6rt\u00e9n\u00e9sz\u2013 magyar \u0151st\u00f6rt\u00e9net el\u0151ad\u00f3<\/p>\n<p><strong>Kutat\u00e1si ter\u00fclet:<\/strong> nom\u00e1d n\u00e9pek harcmodora, avar kor<\/p>\n<p><strong>E-mail:<\/strong> b.nagykatalin@gmail.com<\/p>\n<p><strong>Fogad\u00f3\u00f3ra: <\/strong>egyeztet\u00e9s szerint<\/p>\n<p><strong>Linkek:<br \/>\n<\/strong><a href=\"http:\/\/regeszet.bibl.u-szeged.hu\/wp-content\/uploads\/2017\/11\/Pinter_Nagy_CV.pdf\" target=\"_blank\" rel=\"noopener noreferrer\">Szakmai \u00f6n\u00e9letrajz<\/a><br \/>\n<a href=\"https:\/\/m2.mtmt.hu\/gui2\/?type=authors&amp;mode=browse&amp;sel=10031443\" target=\"_blank\" rel=\"noopener noreferrer\">Publik\u00e1ci\u00f3k<\/a><\/p>\n","protected":false},"excerpt":{"rendered":"<p>egyetemi adjunktus, oktat\u00e1sszervez\u0151, tanulm\u00e1nyi \u00fcgyek\u00e9rt felel\u0151s oktat\u00f3, tansz\u00e9ki TDK-felel\u0151s, mentortan\u00e1r V\u00e9gzetts\u00e9g: r\u00e9g\u00e9sz \u2013 t\u00f6rt\u00e9n\u00e9sz\u2013 magyar \u0151st\u00f6rt\u00e9net el\u0151ad\u00f3 Kutat\u00e1si ter\u00fclet: nom\u00e1d n\u00e9pek harcmodora, avar kor E-mail: b.nagykatalin@gmail.com Fogad\u00f3\u00f3ra: egyeztet\u00e9s szerint Linkek: Szakmai \u00f6n\u00e9letrajz Publik\u00e1ci\u00f3k<\/p>\n","protected":false},"author":1,"featured_media":0,"parent":102,"menu_order":5,"comment_status":"closed","ping_status":"closed","template":"","meta":{"footnotes":""},"class_list":["post-678","page","type-page","status-publish","hentry"],"_links":{"self":[{"href":"https:\/\/regeszet.bibl.u-szeged.hu\/index.php\/wp-json\/wp\/v2\/pages\/678","targetHints":{"allow":["GET"]}}],"collection":[{"href":"https:\/\/regeszet.bibl.u-szeged.hu\/index.php\/wp-json\/wp\/v2\/pages"}],"about":[{"href":"https:\/\/regeszet.bibl.u-szeged.hu\/index.php\/wp-json\/wp\/v2\/types\/page"}],"author":[{"embeddable":true,"href":"https:\/\/regeszet.bibl.u-szeged.hu\/index.php\/wp-json\/wp\/v2\/users\/1"}],"replies":[{"embeddable":true,"href":"https:\/\/regeszet.bibl.u-szeged.hu\/index.php\/wp-json\/wp\/v2\/comments?post=678"}],"version-history":[{"count":10,"href":"https:\/\/regeszet.bibl.u-szeged.hu\/index.php\/wp-json\/wp\/v2\/pages\/678\/revisions"}],"predecessor-version":[{"id":7206,"href":"https:\/\/regeszet.bibl.u-szeged.hu\/index.php\/wp-json\/wp\/v2\/pages\/678\/revisions\/7206"}],"up":[{"embeddable":true,"href":"https:\/\/regeszet.bibl.u-szeged.hu\/index.php\/wp-json\/wp\/v2\/pages\/102"}],"wp:attachment":[{"href":"https:\/\/regeszet.bibl.u-szeged.hu\/index.php\/wp-json\/wp\/v2\/media?parent=678"}],"curies":[{"name":"wp","href":"https:\/\/api.w.org\/{rel}","templated":true}]}}