{"id":6907,"date":"2025-04-22T08:03:06","date_gmt":"2025-04-22T06:03:06","guid":{"rendered":"https:\/\/regeszet.bibl.u-szeged.hu\/?page_id=6907"},"modified":"2025-05-15T08:04:58","modified_gmt":"2025-05-15T06:04:58","slug":"2025-os-otdk","status":"publish","type":"page","link":"https:\/\/regeszet.bibl.u-szeged.hu\/index.php\/tehetseggondozas\/2025-os-otdk\/","title":{"rendered":"2025-\u00f6s OTDK"},"content":{"rendered":"<p>A Szegedi Tudom\u00e1nyegyetemen megrendezett<a href=\"https:\/\/u-szeged.hu\/hotdk2025\" target=\"_blank\" rel=\"noopener\"> XXXVII. Orsz\u00e1gos Tudom\u00e1nyos Di\u00e1kk\u00f6ri Konferencia Hum\u00e1ntudom\u00e1nyi Szekci\u00f3j\u00e1ban<\/a> 2025. \u00e1prilis 15-17. k\u00f6z\u00f6tt tansz\u00e9k\u00fcnket h\u00e1rom hallgat\u00f3nk k\u00e9pviselte. Di\u00e1kjaink az <em>\u0150skori, \u00f3kori kelet, antik r\u00e9g\u00e9szet<\/em>, a <em>R\u00f3mai kor \u00e9s n\u00e9pv\u00e1ndorl\u00e1skor r\u00e9g\u00e9szete<\/em>, valamint a <em>Honfoglal\u00e1skor \u00e9s a k\u00f6z\u00e9pkor r\u00e9g\u00e9szete<\/em> altagozatban adt\u00e1k el\u0151 sz\u00ednvonalas el\u0151ad\u00e1saikat. Hallgat\u00f3ink egy els\u0151 helyez\u00e9st \u00e9s egy harmadik helyez\u00e9st \u00e9rtek el, valamint egy k\u00fcl\u00f6nd\u00edjban r\u00e9szes\u00fcltek.<\/p>\n<ul>\n<li>Els\u0151 helyez\u00e9s:<br \/>\nBartha D\u00e1niel: <em>A Vekerzug-kult\u00fara s\u00edr\u00e9p\u00edtm\u00e9nyes temetkez\u00e9seinek kapcsolatai<\/em><br \/>\nT\u00e9mavezet\u0151: Dani J\u00e1nos \u2013 Kulcs\u00e1r Val\u00e9ria<\/li>\n<li>Harmadik helyez\u00e9s:Dani<br \/>\nHorv\u00e1th Patr\u00edcia: <em>Sz\u00e1dv\u00e1r ter\u00fcl\u0151mustr\u00e1s k\u00e1lyhacsemp\u00e9inek vizsg\u00e1lata<\/em><br \/>\nT\u00e9mavezet\u0151: Wolf M\u00e1ria<\/li>\n<li>K\u00fcl\u00f6nd\u00edjban r\u00e9szes\u00fclt:<br \/>\nNyemcsok Anna: <em>A nom\u00e1d t\u00fckr\u00f6k az 5\u20136. sz\u00e1zadi K\u00e1rp\u00e1t-medenc\u00e9ben<\/em><br \/>\nT\u00e9mavezet\u0151: B. T\u00f3th \u00c1gnes \u2013 Kulcs\u00e1r Val\u00e9ria<\/li>\n<\/ul>\n<p>A D\u00e9l-alf\u00f6ldi R\u00e9g\u00e9szeti Egylet a szekci\u00f3 r\u00e9g\u00e9szeti tagozataib\u00f3l a k\u00f6vetkez\u0151 r\u00e9sztvev\u0151ket r\u00e9szes\u00edtette jutalomban: Bartha D\u00e1niel, Nyemcsok Anna, Horv\u00e1th Patr\u00edcia (Szegedi Tudom\u00e1nyegyetem) \u00e9s Akkermann D\u00e1niel (P\u00e9csi Tudom\u00e1nyegyetem k\u00f6z\u00e9piskolai programja).<\/p>\n<p>Gratul\u00e1lunk!<\/p>\n<p><img loading=\"lazy\" decoding=\"async\" class=\"aligncenter size-medium wp-image-6905\" src=\"http:\/\/regeszet.bibl.u-szeged.hu\/wp-content\/uploads\/2025\/05\/OTDK_2025-300x188.jpg\" alt=\"\" width=\"300\" height=\"188\" srcset=\"https:\/\/regeszet.bibl.u-szeged.hu\/wp-content\/uploads\/2025\/05\/OTDK_2025-300x188.jpg 300w, https:\/\/regeszet.bibl.u-szeged.hu\/wp-content\/uploads\/2025\/05\/OTDK_2025-1024x641.jpg 1024w, https:\/\/regeszet.bibl.u-szeged.hu\/wp-content\/uploads\/2025\/05\/OTDK_2025-768x481.jpg 768w, https:\/\/regeszet.bibl.u-szeged.hu\/wp-content\/uploads\/2025\/05\/OTDK_2025.jpg 1094w\" sizes=\"auto, (max-width: 300px) 100vw, 300px\" \/><\/p>\n<div class=\"rgg-container\" data-rgg-id=\"1\">    <div class=\"rgg-imagegrid captions-title captions-effect-none \" data-rgg-id=\"1\">\n                    <a href=\"https:\/\/regeszet.bibl.u-szeged.hu\/wp-content\/uploads\/2025\/05\/OTDK_02-1024x768.jpg\" data-rel=\"rgg\" rel=\"rgg\" title=\"\" class=\"rgg-disabled size-medium rgg-img\" data-src=\"https:\/\/regeszet.bibl.u-szeged.hu\/wp-content\/uploads\/2025\/05\/OTDK_02-300x225.jpg\" data-ratio=\"1.3333333333333\" data-height=\"225\" data-width=\"300\" aria-label=\"\">\n                            <\/a>\n                    <a href=\"https:\/\/regeszet.bibl.u-szeged.hu\/wp-content\/uploads\/2025\/05\/OTDK_01-1024x768.jpg\" data-rel=\"rgg\" rel=\"rgg\" title=\"\" class=\"rgg-disabled size-medium rgg-img\" data-src=\"https:\/\/regeszet.bibl.u-szeged.hu\/wp-content\/uploads\/2025\/05\/OTDK_01-300x225.jpg\" data-ratio=\"1.3333333333333\" data-height=\"225\" data-width=\"300\" aria-label=\"\">\n                            <\/a>\n                    <a href=\"https:\/\/regeszet.bibl.u-szeged.hu\/wp-content\/uploads\/2025\/05\/OTDK_03-1024x768.jpg\" data-rel=\"rgg\" rel=\"rgg\" title=\"\" class=\"rgg-disabled size-medium rgg-img\" data-src=\"https:\/\/regeszet.bibl.u-szeged.hu\/wp-content\/uploads\/2025\/05\/OTDK_03-300x225.jpg\" data-ratio=\"1.3333333333333\" data-height=\"225\" data-width=\"300\" aria-label=\"\">\n                            <\/a>\n                    <a href=\"https:\/\/regeszet.bibl.u-szeged.hu\/wp-content\/uploads\/2025\/05\/OTDK_05-1024x768.jpg\" data-rel=\"rgg\" rel=\"rgg\" title=\"\" class=\"rgg-disabled size-medium rgg-img\" data-src=\"https:\/\/regeszet.bibl.u-szeged.hu\/wp-content\/uploads\/2025\/05\/OTDK_05-300x225.jpg\" data-ratio=\"1.3333333333333\" data-height=\"225\" data-width=\"300\" aria-label=\"\">\n                            <\/a>\n                    <a href=\"https:\/\/regeszet.bibl.u-szeged.hu\/wp-content\/uploads\/2025\/05\/OTDK_04-1024x768.jpg\" data-rel=\"rgg\" rel=\"rgg\" title=\"\" class=\"rgg-disabled size-medium rgg-img\" data-src=\"https:\/\/regeszet.bibl.u-szeged.hu\/wp-content\/uploads\/2025\/05\/OTDK_04-300x225.jpg\" data-ratio=\"1.3333333333333\" data-height=\"225\" data-width=\"300\" aria-label=\"\">\n                            <\/a>\n                    <a href=\"https:\/\/regeszet.bibl.u-szeged.hu\/wp-content\/uploads\/2025\/05\/OTDK_06-1024x768.jpg\" data-rel=\"rgg\" rel=\"rgg\" title=\"\" class=\"rgg-disabled size-medium rgg-img\" data-src=\"https:\/\/regeszet.bibl.u-szeged.hu\/wp-content\/uploads\/2025\/05\/OTDK_06-300x225.jpg\" data-ratio=\"1.3333333333333\" data-height=\"225\" data-width=\"300\" aria-label=\"\">\n                            <\/a>\n                    <a href=\"https:\/\/regeszet.bibl.u-szeged.hu\/wp-content\/uploads\/2025\/05\/OTDK_07-1024x768.jpg\" data-rel=\"rgg\" rel=\"rgg\" title=\"\" class=\"rgg-disabled size-medium rgg-img\" data-src=\"https:\/\/regeszet.bibl.u-szeged.hu\/wp-content\/uploads\/2025\/05\/OTDK_07-300x225.jpg\" data-ratio=\"1.3333333333333\" data-height=\"225\" data-width=\"300\" aria-label=\"\">\n                            <\/a>\n                    <a href=\"https:\/\/regeszet.bibl.u-szeged.hu\/wp-content\/uploads\/2025\/05\/OTDK_08-1024x768.jpg\" data-rel=\"rgg\" rel=\"rgg\" title=\"\" class=\"rgg-disabled size-medium rgg-img\" data-src=\"https:\/\/regeszet.bibl.u-szeged.hu\/wp-content\/uploads\/2025\/05\/OTDK_08-300x225.jpg\" data-ratio=\"1.3333333333333\" data-height=\"225\" data-width=\"300\" aria-label=\"\">\n                            <\/a>\n            <\/div>\n<\/div>\n","protected":false},"excerpt":{"rendered":"<p>A Szegedi Tudom\u00e1nyegyetemen megrendezett XXXVII. Orsz\u00e1gos Tudom\u00e1nyos Di\u00e1kk\u00f6ri Konferencia Hum\u00e1ntudom\u00e1nyi Szekci\u00f3j\u00e1ban 2025. \u00e1prilis 15-17. k\u00f6z\u00f6tt tansz\u00e9k\u00fcnket h\u00e1rom hallgat\u00f3nk k\u00e9pviselte. Di\u00e1kjaink az \u0150skori, \u00f3kori kelet, antik r\u00e9g\u00e9szet, a R\u00f3mai kor \u00e9s n\u00e9pv\u00e1ndorl\u00e1skor r\u00e9g\u00e9szete, valamint a Honfoglal\u00e1skor \u00e9s a k\u00f6z\u00e9pkor r\u00e9g\u00e9szete altagozatban adt\u00e1k el\u0151 sz\u00ednvonalas el\u0151ad\u00e1saikat. Hallgat\u00f3ink egy els\u0151 helyez\u00e9st \u00e9s egy harmadik helyez\u00e9st \u00e9rtek el, valamint &hellip; <a href=\"https:\/\/regeszet.bibl.u-szeged.hu\/index.php\/tehetseggondozas\/2025-os-otdk\/\" class=\"more-link\"><span class=\"screen-reader-text\">2025-\u00f6s OTDK<\/span> b\u0151vebben&#8230; <span class=\"meta-nav\">&rarr;<\/span><\/a><\/p>\n","protected":false},"author":1,"featured_media":0,"parent":49,"menu_order":0,"comment_status":"closed","ping_status":"closed","template":"","meta":{"footnotes":""},"class_list":["post-6907","page","type-page","status-publish","hentry"],"_links":{"self":[{"href":"https:\/\/regeszet.bibl.u-szeged.hu\/index.php\/wp-json\/wp\/v2\/pages\/6907","targetHints":{"allow":["GET"]}}],"collection":[{"href":"https:\/\/regeszet.bibl.u-szeged.hu\/index.php\/wp-json\/wp\/v2\/pages"}],"about":[{"href":"https:\/\/regeszet.bibl.u-szeged.hu\/index.php\/wp-json\/wp\/v2\/types\/page"}],"author":[{"embeddable":true,"href":"https:\/\/regeszet.bibl.u-szeged.hu\/index.php\/wp-json\/wp\/v2\/users\/1"}],"replies":[{"embeddable":true,"href":"https:\/\/regeszet.bibl.u-szeged.hu\/index.php\/wp-json\/wp\/v2\/comments?post=6907"}],"version-history":[{"count":2,"href":"https:\/\/regeszet.bibl.u-szeged.hu\/index.php\/wp-json\/wp\/v2\/pages\/6907\/revisions"}],"predecessor-version":[{"id":6909,"href":"https:\/\/regeszet.bibl.u-szeged.hu\/index.php\/wp-json\/wp\/v2\/pages\/6907\/revisions\/6909"}],"up":[{"embeddable":true,"href":"https:\/\/regeszet.bibl.u-szeged.hu\/index.php\/wp-json\/wp\/v2\/pages\/49"}],"wp:attachment":[{"href":"https:\/\/regeszet.bibl.u-szeged.hu\/index.php\/wp-json\/wp\/v2\/media?parent=6907"}],"curies":[{"name":"wp","href":"https:\/\/api.w.org\/{rel}","templated":true}]}}