{"id":6920,"date":"2025-05-15T14:22:07","date_gmt":"2025-05-15T12:22:07","guid":{"rendered":"https:\/\/regeszet.bibl.u-szeged.hu\/?page_id=6920"},"modified":"2025-05-15T14:27:57","modified_gmt":"2025-05-15T12:27:57","slug":"2026-2","status":"publish","type":"page","link":"https:\/\/regeszet.bibl.u-szeged.hu\/index.php\/oktatas\/felvetelizoknek\/2026-2\/","title":{"rendered":"2026"},"content":{"rendered":"<p>A felv\u00e9teli el\u0151k\u00e9sz\u00edt\u0151k sor\u00e1n az \u00e9rdekl\u0151d\u0151k megismerkednek a r\u00e9g\u00e9szek munk\u00e1j\u00e1val, mit csin\u00e1lnak terepen \u00e9s a m\u00fazeumok rakt\u00e1raiban, hogyan kutatnak. Tov\u00e1bb\u00e1 betekint\u00e9st nyernek a r\u00e9g\u00e9szet k\u00fcl\u00f6nb\u00f6z\u0151 korszakainak a saj\u00e1toss\u00e1gaiba (p\u00e9ld\u00e1ul hogyan \u00e9ltek a r\u00e9gi emberek, milyen volt a viselet\u00fck, \u00e9kszereik, milyen eszk\u00f6z\u00f6ket, fegyvereket haszn\u00e1ltak az \u0151skorban, az \u00f3korban, a n\u00e9pv\u00e1ndorl\u00e1skorban \u00e9s a k\u00f6z\u00e9pkorban). Az egyes, izgalmas, kreat\u00edv feladatok megold\u00e1sa sor\u00e1n r\u00e9szeseiv\u00e9 v\u00e1lhatnak a kutat\u00f3munk\u00e1nak. C\u00e9lunk, hogy a k\u00f6z\u00e9pfok\u00fa oktat\u00e1si int\u00e9zm\u00e9nyben tanul\u00f3k bepillant\u00e1st nyerjenek egy olyan tudom\u00e1ny\u00e1g, a r\u00e9g\u00e9szet m\u00f3dszertan\u00e1ba \u00e9s eredm\u00e9nyeibe, amelyr\u0151l kev\u00e9s sz\u00f3 esik a k\u00f6z\u00e9piskolai tanulm\u00e1nyaik sor\u00e1n. Ezzel szeretn\u00e9nk megk\u00f6nny\u00edteni a p\u00e1lyav\u00e1laszt\u00e1st, emellett m\u00e9g plusz pontokat is szerezhetnek a r\u00e9sztvev\u0151k. Az \u00edgy megszerzett pontokat besz\u00e1m\u00edtj\u00e1k a felv\u00e9teli pontjaikba, ha a szegedi egyetem r\u00e9g\u00e9szet alapk\u00e9pz\u00e9s\u00e9re jelentkeznek. Az \u00e9rdekl\u0151d\u0151k k\u00e9tf\u00e9le el\u0151k\u00e9sz\u00edt\u0151n vehetnek r\u00e9szt: levelez\u0151rendszer\u0171 felv\u00e9teli el\u0151k\u00e9sz\u00edt\u0151n \u00e9s p\u00e1r napos, ny\u00e1ri felv\u00e9teli elk\u00e9sz\u00edt\u0151n.<\/p>\n<ul>\n<li><a href=\"https:\/\/regeszet.bibl.u-szeged.hu\/index.php\/oktatas\/felvetelizoknek\/2026-2\/levelezorendszeru-felveteli-elokeszito\/\" target=\"_blank\" rel=\"noopener\">Levelez\u0151rendszer\u0171 \/ online felv\u00e9teli el\u0151k\u00e9sz\u00edt\u0151<\/a><\/li>\n<li><a href=\"https:\/\/regeszet.bibl.u-szeged.hu\/index.php\/oktatas\/felvetelizoknek\/2026-2\/nyari-felveteli-elokeszito\/\" target=\"_blank\" rel=\"noopener\">Ny\u00e1ri felv\u00e9teli el\u0151k\u00e9sz\u00edt\u0151<\/a><\/li>\n<\/ul>\n","protected":false},"excerpt":{"rendered":"<p>A felv\u00e9teli el\u0151k\u00e9sz\u00edt\u0151k sor\u00e1n az \u00e9rdekl\u0151d\u0151k megismerkednek a r\u00e9g\u00e9szek munk\u00e1j\u00e1val, mit csin\u00e1lnak terepen \u00e9s a m\u00fazeumok rakt\u00e1raiban, hogyan kutatnak. Tov\u00e1bb\u00e1 betekint\u00e9st nyernek a r\u00e9g\u00e9szet k\u00fcl\u00f6nb\u00f6z\u0151 korszakainak a saj\u00e1toss\u00e1gaiba (p\u00e9ld\u00e1ul hogyan \u00e9ltek a r\u00e9gi emberek, milyen volt a viselet\u00fck, \u00e9kszereik, milyen eszk\u00f6z\u00f6ket, fegyvereket haszn\u00e1ltak az \u0151skorban, az \u00f3korban, a n\u00e9pv\u00e1ndorl\u00e1skorban \u00e9s a k\u00f6z\u00e9pkorban). Az egyes, izgalmas, &hellip; <a href=\"https:\/\/regeszet.bibl.u-szeged.hu\/index.php\/oktatas\/felvetelizoknek\/2026-2\/\" class=\"more-link\"><span class=\"screen-reader-text\">2026<\/span> b\u0151vebben&#8230; <span class=\"meta-nav\">&rarr;<\/span><\/a><\/p>\n","protected":false},"author":1,"featured_media":0,"parent":111,"menu_order":0,"comment_status":"closed","ping_status":"closed","template":"","meta":{"footnotes":""},"class_list":["post-6920","page","type-page","status-publish","hentry"],"_links":{"self":[{"href":"https:\/\/regeszet.bibl.u-szeged.hu\/index.php\/wp-json\/wp\/v2\/pages\/6920","targetHints":{"allow":["GET"]}}],"collection":[{"href":"https:\/\/regeszet.bibl.u-szeged.hu\/index.php\/wp-json\/wp\/v2\/pages"}],"about":[{"href":"https:\/\/regeszet.bibl.u-szeged.hu\/index.php\/wp-json\/wp\/v2\/types\/page"}],"author":[{"embeddable":true,"href":"https:\/\/regeszet.bibl.u-szeged.hu\/index.php\/wp-json\/wp\/v2\/users\/1"}],"replies":[{"embeddable":true,"href":"https:\/\/regeszet.bibl.u-szeged.hu\/index.php\/wp-json\/wp\/v2\/comments?post=6920"}],"version-history":[{"count":2,"href":"https:\/\/regeszet.bibl.u-szeged.hu\/index.php\/wp-json\/wp\/v2\/pages\/6920\/revisions"}],"predecessor-version":[{"id":6923,"href":"https:\/\/regeszet.bibl.u-szeged.hu\/index.php\/wp-json\/wp\/v2\/pages\/6920\/revisions\/6923"}],"up":[{"embeddable":true,"href":"https:\/\/regeszet.bibl.u-szeged.hu\/index.php\/wp-json\/wp\/v2\/pages\/111"}],"wp:attachment":[{"href":"https:\/\/regeszet.bibl.u-szeged.hu\/index.php\/wp-json\/wp\/v2\/media?parent=6920"}],"curies":[{"name":"wp","href":"https:\/\/api.w.org\/{rel}","templated":true}]}}