{"id":6948,"date":"2025-05-20T16:14:27","date_gmt":"2025-05-20T14:14:27","guid":{"rendered":"https:\/\/regeszet.bibl.u-szeged.hu\/?page_id=6948"},"modified":"2025-10-01T15:28:18","modified_gmt":"2025-10-01T13:28:18","slug":"dr-habil-kovacs-szilvia","status":"publish","type":"page","link":"https:\/\/regeszet.bibl.u-szeged.hu\/index.php\/munkatarsak\/oktatoink\/dr-habil-kovacs-szilvia\/","title":{"rendered":"Dr. habil. Kov\u00e1cs Szilvia"},"content":{"rendered":"<p><img loading=\"lazy\" decoding=\"async\" class=\"alignright wp-image-6950 size-medium\" src=\"http:\/\/regeszet.bibl.u-szeged.hu\/wp-content\/uploads\/2025\/05\/Kovacs-Szilvia-300x280.jpg\" alt=\"\" width=\"300\" height=\"280\" srcset=\"https:\/\/regeszet.bibl.u-szeged.hu\/wp-content\/uploads\/2025\/05\/Kovacs-Szilvia-300x280.jpg 300w, https:\/\/regeszet.bibl.u-szeged.hu\/wp-content\/uploads\/2025\/05\/Kovacs-Szilvia.jpg 426w\" sizes=\"auto, (max-width: 300px) 100vw, 300px\" \/>tansz\u00e9kvezet\u0151 habilit\u00e1lt egyetemi docens<\/p>\n<p><strong>V\u00e9gzetts\u00e9g, tudom\u00e1nyos fokozat:<\/strong> t\u00f6rt\u00e9n\u00e9sz, PhD<\/p>\n<p><strong>Kutat\u00e1si ter\u00fclet:<\/strong> eur\u00e1zsiai nom\u00e1dok k\u00f6z\u00e9pkori t\u00f6rt\u00e9nete<\/p>\n<p><strong>E-mail:<\/strong> kovacs.szilvia@szte.hu<\/p>\n<p><strong>Fogad\u00f3\u00f3ra: <\/strong>kedd 10.00\u201311.00 (az \u00f3rarendnek megfelel\u0151en f\u00e9l\u00e9vente v\u00e1ltozik)<\/p>\n<p><strong>Linkek:<br \/>\n<\/strong><a href=\"http:\/\/regeszet.bibl.u-szeged.hu\/wp-content\/uploads\/2025\/05\/Kovacs-Szilvia_szakmai-eletrajz_2025.pdf\" target=\"_blank\" rel=\"noopener noreferrer\">Szakmai \u00f6n\u00e9letrajz<\/a><br \/>\n<a href=\"https:\/\/m2.mtmt.hu\/gui2\/?type=authors&amp;mode=browse&amp;sel=10030611\" target=\"_blank\" rel=\"noopener noreferrer\">Publik\u00e1ci\u00f3k<\/a><br \/>\n<a href=\"https:\/\/u-szeged.academia.edu\/SzilviaKov%C3%A1cs\" target=\"_blank\" rel=\"noopener\">Academia.edu profil<\/a><\/p>\n","protected":false},"excerpt":{"rendered":"<p>tansz\u00e9kvezet\u0151 habilit\u00e1lt egyetemi docens V\u00e9gzetts\u00e9g, tudom\u00e1nyos fokozat: t\u00f6rt\u00e9n\u00e9sz, PhD Kutat\u00e1si ter\u00fclet: eur\u00e1zsiai nom\u00e1dok k\u00f6z\u00e9pkori t\u00f6rt\u00e9nete E-mail: kovacs.szilvia@szte.hu Fogad\u00f3\u00f3ra: kedd 10.00\u201311.00 (az \u00f3rarendnek megfelel\u0151en f\u00e9l\u00e9vente v\u00e1ltozik) Linkek: Szakmai \u00f6n\u00e9letrajz Publik\u00e1ci\u00f3k Academia.edu profil<\/p>\n","protected":false},"author":1,"featured_media":0,"parent":102,"menu_order":0,"comment_status":"closed","ping_status":"closed","template":"","meta":{"footnotes":""},"class_list":["post-6948","page","type-page","status-publish","hentry"],"_links":{"self":[{"href":"https:\/\/regeszet.bibl.u-szeged.hu\/index.php\/wp-json\/wp\/v2\/pages\/6948","targetHints":{"allow":["GET"]}}],"collection":[{"href":"https:\/\/regeszet.bibl.u-szeged.hu\/index.php\/wp-json\/wp\/v2\/pages"}],"about":[{"href":"https:\/\/regeszet.bibl.u-szeged.hu\/index.php\/wp-json\/wp\/v2\/types\/page"}],"author":[{"embeddable":true,"href":"https:\/\/regeszet.bibl.u-szeged.hu\/index.php\/wp-json\/wp\/v2\/users\/1"}],"replies":[{"embeddable":true,"href":"https:\/\/regeszet.bibl.u-szeged.hu\/index.php\/wp-json\/wp\/v2\/comments?post=6948"}],"version-history":[{"count":2,"href":"https:\/\/regeszet.bibl.u-szeged.hu\/index.php\/wp-json\/wp\/v2\/pages\/6948\/revisions"}],"predecessor-version":[{"id":6997,"href":"https:\/\/regeszet.bibl.u-szeged.hu\/index.php\/wp-json\/wp\/v2\/pages\/6948\/revisions\/6997"}],"up":[{"embeddable":true,"href":"https:\/\/regeszet.bibl.u-szeged.hu\/index.php\/wp-json\/wp\/v2\/pages\/102"}],"wp:attachment":[{"href":"https:\/\/regeszet.bibl.u-szeged.hu\/index.php\/wp-json\/wp\/v2\/media?parent=6948"}],"curies":[{"name":"wp","href":"https:\/\/api.w.org\/{rel}","templated":true}]}}