{"id":696,"date":"2017-11-23T15:23:48","date_gmt":"2017-11-23T14:23:48","guid":{"rendered":"http:\/\/regeszet.bibl.u-szeged.hu\/?page_id=696"},"modified":"2022-07-03T14:05:50","modified_gmt":"2022-07-03T12:05:50","slug":"biro-gyongyver","status":"publish","type":"page","link":"https:\/\/regeszet.bibl.u-szeged.hu\/index.php\/munkatarsak\/oktatoink\/biro-gyongyver\/","title":{"rendered":"Dr. Kiss-B\u00edr\u00f3 Gy\u00f6ngyv\u00e9r"},"content":{"rendered":"<p><strong><a href=\"http:\/\/regeszet.bibl.u-szeged.hu\/wp-content\/uploads\/2017\/11\/Biro_Gyongyver.jpg\"><img loading=\"lazy\" decoding=\"async\" class=\"alignright wp-image-792\" src=\"http:\/\/regeszet.bibl.u-szeged.hu\/wp-content\/uploads\/2017\/11\/Biro_Gyongyver.jpg\" alt=\"\" width=\"234\" height=\"300\" \/><\/a><\/strong>egyetemi adjunktus<\/p>\n<p><strong>V\u00e9gzetts\u00e9g<\/strong>: r\u00e9g\u00e9sz<\/p>\n<p><strong>Kutat\u00e1si ter\u00fclet:<\/strong> \u00c1rp\u00e1d-kori telep\u00fcl\u00e9sek, temet\u0151k, k\u00f6z\u00e9pkori anyagi kult\u00fara<\/p>\n<p><strong>E-mail:<\/strong> gyongyver.br@gmail.com<\/p>\n<p><strong>Fogad\u00f3\u00f3ra:<\/strong> egyeztet\u00e9s szerint<\/p>\n<p><strong>Linkek:<\/strong><br \/>\n<a href=\"http:\/\/regeszet.bibl.u-szeged.hu\/wp-content\/uploads\/2021\/03\/Kiss-Biro-Gyongyver_szakmai-eletrajz_2021.pdf\" target=\"_blank\" rel=\"noopener\">Szakmai \u00f6n\u00e9letrajz<\/a><br \/>\n<a href=\"https:\/\/m2.mtmt.hu\/gui2\/?type=authors&amp;mode=browse&amp;sel=10037057\" target=\"_blank\" rel=\"noopener\">Publik\u00e1ci\u00f3k<\/a><br \/>\n<a href=\"https:\/\/u-szeged.academia.edu\/Gy%C3%B6ngyv%C3%A9rB%C3%ADr%C3%B3\" target=\"_blank\" rel=\"noopener\">Academia.edu profil<\/a><\/p>\n","protected":false},"excerpt":{"rendered":"<p>egyetemi adjunktus V\u00e9gzetts\u00e9g: r\u00e9g\u00e9sz Kutat\u00e1si ter\u00fclet: \u00c1rp\u00e1d-kori telep\u00fcl\u00e9sek, temet\u0151k, k\u00f6z\u00e9pkori anyagi kult\u00fara E-mail: gyongyver.br@gmail.com Fogad\u00f3\u00f3ra: egyeztet\u00e9s szerint Linkek: Szakmai \u00f6n\u00e9letrajz Publik\u00e1ci\u00f3k Academia.edu profil<\/p>\n","protected":false},"author":1,"featured_media":0,"parent":102,"menu_order":3,"comment_status":"closed","ping_status":"closed","template":"","meta":{"footnotes":""},"class_list":["post-696","page","type-page","status-publish","hentry"],"_links":{"self":[{"href":"https:\/\/regeszet.bibl.u-szeged.hu\/index.php\/wp-json\/wp\/v2\/pages\/696","targetHints":{"allow":["GET"]}}],"collection":[{"href":"https:\/\/regeszet.bibl.u-szeged.hu\/index.php\/wp-json\/wp\/v2\/pages"}],"about":[{"href":"https:\/\/regeszet.bibl.u-szeged.hu\/index.php\/wp-json\/wp\/v2\/types\/page"}],"author":[{"embeddable":true,"href":"https:\/\/regeszet.bibl.u-szeged.hu\/index.php\/wp-json\/wp\/v2\/users\/1"}],"replies":[{"embeddable":true,"href":"https:\/\/regeszet.bibl.u-szeged.hu\/index.php\/wp-json\/wp\/v2\/comments?post=696"}],"version-history":[{"count":17,"href":"https:\/\/regeszet.bibl.u-szeged.hu\/index.php\/wp-json\/wp\/v2\/pages\/696\/revisions"}],"predecessor-version":[{"id":4965,"href":"https:\/\/regeszet.bibl.u-szeged.hu\/index.php\/wp-json\/wp\/v2\/pages\/696\/revisions\/4965"}],"up":[{"embeddable":true,"href":"https:\/\/regeszet.bibl.u-szeged.hu\/index.php\/wp-json\/wp\/v2\/pages\/102"}],"wp:attachment":[{"href":"https:\/\/regeszet.bibl.u-szeged.hu\/index.php\/wp-json\/wp\/v2\/media?parent=696"}],"curies":[{"name":"wp","href":"https:\/\/api.w.org\/{rel}","templated":true}]}}