{"id":700,"date":"2017-11-23T15:24:35","date_gmt":"2017-11-23T14:24:35","guid":{"rendered":"http:\/\/regeszet.bibl.u-szeged.hu\/?page_id=700"},"modified":"2019-02-03T18:32:37","modified_gmt":"2019-02-03T17:32:37","slug":"kocsisne-varga-zsuzsa","status":"publish","type":"page","link":"https:\/\/regeszet.bibl.u-szeged.hu\/index.php\/munkatarsak\/phd-hallgatoink\/kocsisne-varga-zsuzsa\/","title":{"rendered":"Kocsisn\u00e9 Varga Zsuzsanna"},"content":{"rendered":"<p><strong>Doktori iskola, doktori program:<\/strong> Szegedi Tudom\u00e1nyegyetem T\u00f6rt\u00e9nelemtudom\u00e1nyi doktori iskola Medievisztikai Doktori Program<\/p>\n<p><strong>V\u00e9gzetts\u00e9g:<\/strong> r\u00e9g\u00e9sz<\/p>\n<p><strong>Munkahely:<\/strong> Kiskunhalas V\u00e1ros \u00d6nkorm\u00e1nyzat\u00e1nak Thorma J\u00e1nos M\u00fazeuma<\/p>\n<p><strong>Kutat\u00e1si ter\u00fclet:<\/strong> honfoglal\u00e1s kor<\/p>\n<p><strong>E-mail:<\/strong> varga_zsuzsi@digitall.video.hu<\/p>\n<p><strong>Linkek:<br \/>\n<\/strong><a href=\"http:\/\/regeszet.bibl.u-szeged.hu\/wp-content\/uploads\/2017\/11\/Kocsisne_Varga_CV.pdf\" target=\"_blank\" rel=\"noopener\">Szakmai \u00f6n\u00e9letrajz<\/a><br \/>\n<a href=\"https:\/\/m2.mtmt.hu\/gui2\/?type=authors&amp;mode=browse&amp;sel=10038265\" target=\"_blank\" rel=\"noopener\">Publik\u00e1ci\u00f3k<\/a><\/p>\n","protected":false},"excerpt":{"rendered":"<p>Doktori iskola, doktori program: Szegedi Tudom\u00e1nyegyetem T\u00f6rt\u00e9nelemtudom\u00e1nyi doktori iskola Medievisztikai Doktori Program V\u00e9gzetts\u00e9g: r\u00e9g\u00e9sz Munkahely: Kiskunhalas V\u00e1ros \u00d6nkorm\u00e1nyzat\u00e1nak Thorma J\u00e1nos M\u00fazeuma Kutat\u00e1si ter\u00fclet: honfoglal\u00e1s kor E-mail: varga_zsuzsi@digitall.video.hu Linkek: Szakmai \u00f6n\u00e9letrajz Publik\u00e1ci\u00f3k<\/p>\n","protected":false},"author":1,"featured_media":0,"parent":106,"menu_order":4,"comment_status":"closed","ping_status":"closed","template":"","meta":{"footnotes":""},"class_list":["post-700","page","type-page","status-publish","hentry"],"_links":{"self":[{"href":"https:\/\/regeszet.bibl.u-szeged.hu\/index.php\/wp-json\/wp\/v2\/pages\/700","targetHints":{"allow":["GET"]}}],"collection":[{"href":"https:\/\/regeszet.bibl.u-szeged.hu\/index.php\/wp-json\/wp\/v2\/pages"}],"about":[{"href":"https:\/\/regeszet.bibl.u-szeged.hu\/index.php\/wp-json\/wp\/v2\/types\/page"}],"author":[{"embeddable":true,"href":"https:\/\/regeszet.bibl.u-szeged.hu\/index.php\/wp-json\/wp\/v2\/users\/1"}],"replies":[{"embeddable":true,"href":"https:\/\/regeszet.bibl.u-szeged.hu\/index.php\/wp-json\/wp\/v2\/comments?post=700"}],"version-history":[{"count":5,"href":"https:\/\/regeszet.bibl.u-szeged.hu\/index.php\/wp-json\/wp\/v2\/pages\/700\/revisions"}],"predecessor-version":[{"id":2512,"href":"https:\/\/regeszet.bibl.u-szeged.hu\/index.php\/wp-json\/wp\/v2\/pages\/700\/revisions\/2512"}],"up":[{"embeddable":true,"href":"https:\/\/regeszet.bibl.u-szeged.hu\/index.php\/wp-json\/wp\/v2\/pages\/106"}],"wp:attachment":[{"href":"https:\/\/regeszet.bibl.u-szeged.hu\/index.php\/wp-json\/wp\/v2\/media?parent=700"}],"curies":[{"name":"wp","href":"https:\/\/api.w.org\/{rel}","templated":true}]}}