{"id":702,"date":"2017-11-23T15:24:51","date_gmt":"2017-11-23T14:24:51","guid":{"rendered":"http:\/\/regeszet.bibl.u-szeged.hu\/?page_id=702"},"modified":"2019-02-03T18:33:25","modified_gmt":"2019-02-03T17:33:25","slug":"lukacs-nikoletta","status":"publish","type":"page","link":"https:\/\/regeszet.bibl.u-szeged.hu\/index.php\/munkatarsak\/phd-hallgatoink\/lukacs-nikoletta\/","title":{"rendered":"Luk\u00e1cs Nikoletta"},"content":{"rendered":"<p><strong><a href=\"http:\/\/regeszet.bibl.u-szeged.hu\/wp-content\/uploads\/2017\/11\/Letti-k\u00e9p.jpg\"><img loading=\"lazy\" decoding=\"async\" class=\"alignright wp-image-805\" src=\"http:\/\/regeszet.bibl.u-szeged.hu\/wp-content\/uploads\/2017\/11\/Letti-k\u00e9p.jpg\" alt=\"\" width=\"224\" height=\"300\" \/><\/a>Doktori iskola, doktori program:<\/strong> SZTE BTK, T\u00f6rt\u00e9nettudom\u00e1nyi Doktori Iskola, Medievisztika Program, R\u00e9g\u00e9szet szakir\u00e1ny<\/p>\n<p><strong>V\u00e9gzetts\u00e9g:<\/strong> r\u00e9g\u00e9sz<\/p>\n<p><strong>Munkahely<\/strong>: Koszta J\u00f3zsef M\u00fazeum, Szentes<\/p>\n<p><strong>Kutat\u00e1si ter\u00fclet:<\/strong> a k\u00e9s\u0151 n\u00e9pv\u00e1ndorl\u00e1s kori \u00e9s a kora \u00c1rp\u00e1d-kori telep\u00fcl\u00e9sek kutat\u00e1sa a D\u00e9l-Alf\u00f6ld\u00f6n<\/p>\n<p><strong>E-mail:<\/strong> letti990@gmail.com<\/p>\n<p><strong>\u00a0Linkek:<br \/>\n<\/strong><a href=\"http:\/\/regeszet.bibl.u-szeged.hu\/wp-content\/uploads\/2017\/11\/Lukacs_CV.pdf\" target=\"_blank\" rel=\"noopener\">Szakmai \u00f6n\u00e9letrajz<\/a><br \/>\n<a href=\"https:\/\/m2.mtmt.hu\/gui2\/?type=authors&amp;mode=browse&amp;sel=10057917\" target=\"_blank\" rel=\"noopener\">Publik\u00e1ci\u00f3k<\/a><\/p>\n","protected":false},"excerpt":{"rendered":"<p>Doktori iskola, doktori program: SZTE BTK, T\u00f6rt\u00e9nettudom\u00e1nyi Doktori Iskola, Medievisztika Program, R\u00e9g\u00e9szet szakir\u00e1ny V\u00e9gzetts\u00e9g: r\u00e9g\u00e9sz Munkahely: Koszta J\u00f3zsef M\u00fazeum, Szentes Kutat\u00e1si ter\u00fclet: a k\u00e9s\u0151 n\u00e9pv\u00e1ndorl\u00e1s kori \u00e9s a kora \u00c1rp\u00e1d-kori telep\u00fcl\u00e9sek kutat\u00e1sa a D\u00e9l-Alf\u00f6ld\u00f6n E-mail: letti990@gmail.com \u00a0Linkek: Szakmai \u00f6n\u00e9letrajz Publik\u00e1ci\u00f3k<\/p>\n","protected":false},"author":1,"featured_media":0,"parent":106,"menu_order":5,"comment_status":"closed","ping_status":"closed","template":"","meta":{"footnotes":""},"class_list":["post-702","page","type-page","status-publish","hentry"],"_links":{"self":[{"href":"https:\/\/regeszet.bibl.u-szeged.hu\/index.php\/wp-json\/wp\/v2\/pages\/702","targetHints":{"allow":["GET"]}}],"collection":[{"href":"https:\/\/regeszet.bibl.u-szeged.hu\/index.php\/wp-json\/wp\/v2\/pages"}],"about":[{"href":"https:\/\/regeszet.bibl.u-szeged.hu\/index.php\/wp-json\/wp\/v2\/types\/page"}],"author":[{"embeddable":true,"href":"https:\/\/regeszet.bibl.u-szeged.hu\/index.php\/wp-json\/wp\/v2\/users\/1"}],"replies":[{"embeddable":true,"href":"https:\/\/regeszet.bibl.u-szeged.hu\/index.php\/wp-json\/wp\/v2\/comments?post=702"}],"version-history":[{"count":5,"href":"https:\/\/regeszet.bibl.u-szeged.hu\/index.php\/wp-json\/wp\/v2\/pages\/702\/revisions"}],"predecessor-version":[{"id":2513,"href":"https:\/\/regeszet.bibl.u-szeged.hu\/index.php\/wp-json\/wp\/v2\/pages\/702\/revisions\/2513"}],"up":[{"embeddable":true,"href":"https:\/\/regeszet.bibl.u-szeged.hu\/index.php\/wp-json\/wp\/v2\/pages\/106"}],"wp:attachment":[{"href":"https:\/\/regeszet.bibl.u-szeged.hu\/index.php\/wp-json\/wp\/v2\/media?parent=702"}],"curies":[{"name":"wp","href":"https:\/\/api.w.org\/{rel}","templated":true}]}}