{"id":704,"date":"2017-11-23T15:25:23","date_gmt":"2017-11-23T14:25:23","guid":{"rendered":"http:\/\/regeszet.bibl.u-szeged.hu\/?page_id=704"},"modified":"2019-02-03T18:34:50","modified_gmt":"2019-02-03T17:34:50","slug":"mellar-balazs","status":"publish","type":"page","link":"https:\/\/regeszet.bibl.u-szeged.hu\/index.php\/munkatarsak\/phd-hallgatoink\/mellar-balazs\/","title":{"rendered":"Mell\u00e1r Bal\u00e1zs"},"content":{"rendered":"<p><strong><a href=\"http:\/\/regeszet.bibl.u-szeged.hu\/wp-content\/uploads\/2017\/11\/Mellar_Foto.jpg\"><img loading=\"lazy\" decoding=\"async\" class=\"alignright wp-image-810\" src=\"http:\/\/regeszet.bibl.u-szeged.hu\/wp-content\/uploads\/2017\/11\/Mellar_Foto.jpg\" alt=\"\" width=\"182\" height=\"298\" \/><\/a>Doktori iskola, doktori program:<\/strong> SZTE BTK, T\u00f6rt\u00e9nettudom\u00e1nyi Doktori Iskola, Medievisztika Program, R\u00e9g\u00e9szet szakir\u00e1ny<\/p>\n<p><strong>V\u00e9gzetts\u00e9g:<\/strong> geogr\u00e1fus\u2013geol\u00f3gus, r\u00e9g\u00e9sz<\/p>\n<p><strong>Kutat\u00e1si ter\u00fclet:<\/strong> bronzkori mez\u0151gazdas\u00e1g<\/p>\n<p><strong>E-mail:<\/strong> balazsmellar@gmail.com<\/p>\n<p><strong>Linkek:<\/strong><br \/>\n<a href=\"http:\/\/regeszet.bibl.u-szeged.hu\/wp-content\/uploads\/2017\/11\/Mellar_CV.pdf\" target=\"_blank\" rel=\"noopener\">Szakmai \u00f6n\u00e9letrajz<\/a><br \/>\n<a href=\"https:\/\/m2.mtmt.hu\/gui2\/?type=authors&amp;mode=browse&amp;sel=10057538\" target=\"_blank\" rel=\"noopener\">Publik\u00e1ci\u00f3k<\/a><\/p>\n","protected":false},"excerpt":{"rendered":"<p>Doktori iskola, doktori program: SZTE BTK, T\u00f6rt\u00e9nettudom\u00e1nyi Doktori Iskola, Medievisztika Program, R\u00e9g\u00e9szet szakir\u00e1ny V\u00e9gzetts\u00e9g: geogr\u00e1fus\u2013geol\u00f3gus, r\u00e9g\u00e9sz Kutat\u00e1si ter\u00fclet: bronzkori mez\u0151gazdas\u00e1g E-mail: balazsmellar@gmail.com Linkek: Szakmai \u00f6n\u00e9letrajz Publik\u00e1ci\u00f3k<\/p>\n","protected":false},"author":1,"featured_media":0,"parent":106,"menu_order":6,"comment_status":"closed","ping_status":"closed","template":"","meta":{"footnotes":""},"class_list":["post-704","page","type-page","status-publish","hentry"],"_links":{"self":[{"href":"https:\/\/regeszet.bibl.u-szeged.hu\/index.php\/wp-json\/wp\/v2\/pages\/704","targetHints":{"allow":["GET"]}}],"collection":[{"href":"https:\/\/regeszet.bibl.u-szeged.hu\/index.php\/wp-json\/wp\/v2\/pages"}],"about":[{"href":"https:\/\/regeszet.bibl.u-szeged.hu\/index.php\/wp-json\/wp\/v2\/types\/page"}],"author":[{"embeddable":true,"href":"https:\/\/regeszet.bibl.u-szeged.hu\/index.php\/wp-json\/wp\/v2\/users\/1"}],"replies":[{"embeddable":true,"href":"https:\/\/regeszet.bibl.u-szeged.hu\/index.php\/wp-json\/wp\/v2\/comments?post=704"}],"version-history":[{"count":5,"href":"https:\/\/regeszet.bibl.u-szeged.hu\/index.php\/wp-json\/wp\/v2\/pages\/704\/revisions"}],"predecessor-version":[{"id":2514,"href":"https:\/\/regeszet.bibl.u-szeged.hu\/index.php\/wp-json\/wp\/v2\/pages\/704\/revisions\/2514"}],"up":[{"embeddable":true,"href":"https:\/\/regeszet.bibl.u-szeged.hu\/index.php\/wp-json\/wp\/v2\/pages\/106"}],"wp:attachment":[{"href":"https:\/\/regeszet.bibl.u-szeged.hu\/index.php\/wp-json\/wp\/v2\/media?parent=704"}],"curies":[{"name":"wp","href":"https:\/\/api.w.org\/{rel}","templated":true}]}}