{"id":706,"date":"2017-11-23T15:25:44","date_gmt":"2017-11-23T14:25:44","guid":{"rendered":"http:\/\/regeszet.bibl.u-szeged.hu\/?page_id=706"},"modified":"2019-02-03T18:36:24","modified_gmt":"2019-02-03T17:36:24","slug":"meszaros-boglarka","status":"publish","type":"page","link":"https:\/\/regeszet.bibl.u-szeged.hu\/index.php\/munkatarsak\/phd-hallgatoink\/meszaros-boglarka\/","title":{"rendered":"M\u00e9sz\u00e1ros Bogl\u00e1rka"},"content":{"rendered":"<p><strong><a href=\"http:\/\/regeszet.bibl.u-szeged.hu\/wp-content\/uploads\/2017\/11\/Meszaros_Bogi.jpg\"><img loading=\"lazy\" decoding=\"async\" class=\"size-full wp-image-815 alignright\" src=\"http:\/\/regeszet.bibl.u-szeged.hu\/wp-content\/uploads\/2017\/11\/Meszaros_Bogi.jpg\" alt=\"\" width=\"202\" height=\"193\" \/><\/a>Doktori iskola, doktori program:<\/strong> SZTE BTK, T\u00f6rt\u00e9nettudom\u00e1nyi Doktori Iskola, Medievisztika Program, R\u00e9g\u00e9szet szakir\u00e1ny<\/p>\n<p><strong>V\u00e9gzetts\u00e9g:<\/strong> r\u00e9g\u00e9sz<\/p>\n<p><strong>Kutat\u00e1si ter\u00fclet:<\/strong> az Alf\u00f6ld legk\u00e9s\u0151bbi avar kori horizontja<\/p>\n<p><strong>E-mail:<\/strong> meszaros.boglarka93@gmail.com<\/p>\n<p><strong>Linkek:<br \/>\n<\/strong><a href=\"http:\/\/regeszet.bibl.u-szeged.hu\/wp-content\/uploads\/2018\/01\/meszaros_cv.pdf\" target=\"_blank\" rel=\"noopener\">Szakmai \u00f6n\u00e9letrajz<\/a><br \/>\n<a href=\"https:\/\/m2.mtmt.hu\/gui2\/?type=authors&amp;mode=browse&amp;sel=10057667\" target=\"_blank\" rel=\"noopener\">Publik\u00e1ci\u00f3k<\/a><\/p>\n","protected":false},"excerpt":{"rendered":"<p>Doktori iskola, doktori program: SZTE BTK, T\u00f6rt\u00e9nettudom\u00e1nyi Doktori Iskola, Medievisztika Program, R\u00e9g\u00e9szet szakir\u00e1ny V\u00e9gzetts\u00e9g: r\u00e9g\u00e9sz Kutat\u00e1si ter\u00fclet: az Alf\u00f6ld legk\u00e9s\u0151bbi avar kori horizontja E-mail: meszaros.boglarka93@gmail.com Linkek: Szakmai \u00f6n\u00e9letrajz Publik\u00e1ci\u00f3k<\/p>\n","protected":false},"author":1,"featured_media":0,"parent":106,"menu_order":7,"comment_status":"closed","ping_status":"closed","template":"","meta":{"footnotes":""},"class_list":["post-706","page","type-page","status-publish","hentry"],"_links":{"self":[{"href":"https:\/\/regeszet.bibl.u-szeged.hu\/index.php\/wp-json\/wp\/v2\/pages\/706","targetHints":{"allow":["GET"]}}],"collection":[{"href":"https:\/\/regeszet.bibl.u-szeged.hu\/index.php\/wp-json\/wp\/v2\/pages"}],"about":[{"href":"https:\/\/regeszet.bibl.u-szeged.hu\/index.php\/wp-json\/wp\/v2\/types\/page"}],"author":[{"embeddable":true,"href":"https:\/\/regeszet.bibl.u-szeged.hu\/index.php\/wp-json\/wp\/v2\/users\/1"}],"replies":[{"embeddable":true,"href":"https:\/\/regeszet.bibl.u-szeged.hu\/index.php\/wp-json\/wp\/v2\/comments?post=706"}],"version-history":[{"count":6,"href":"https:\/\/regeszet.bibl.u-szeged.hu\/index.php\/wp-json\/wp\/v2\/pages\/706\/revisions"}],"predecessor-version":[{"id":2515,"href":"https:\/\/regeszet.bibl.u-szeged.hu\/index.php\/wp-json\/wp\/v2\/pages\/706\/revisions\/2515"}],"up":[{"embeddable":true,"href":"https:\/\/regeszet.bibl.u-szeged.hu\/index.php\/wp-json\/wp\/v2\/pages\/106"}],"wp:attachment":[{"href":"https:\/\/regeszet.bibl.u-szeged.hu\/index.php\/wp-json\/wp\/v2\/media?parent=706"}],"curies":[{"name":"wp","href":"https:\/\/api.w.org\/{rel}","templated":true}]}}