{"id":708,"date":"2017-11-23T15:25:59","date_gmt":"2017-11-23T14:25:59","guid":{"rendered":"http:\/\/regeszet.bibl.u-szeged.hu\/?page_id=708"},"modified":"2019-02-03T18:37:33","modified_gmt":"2019-02-03T17:37:33","slug":"piros-reka","status":"publish","type":"page","link":"https:\/\/regeszet.bibl.u-szeged.hu\/index.php\/munkatarsak\/phd-hallgatoink\/piros-reka\/","title":{"rendered":"Piros R\u00e9ka \u00c1gnes"},"content":{"rendered":"<p><strong><a href=\"http:\/\/regeszet.bibl.u-szeged.hu\/wp-content\/uploads\/2017\/11\/Piros_Reka.jpg\"><img loading=\"lazy\" decoding=\"async\" class=\"alignright wp-image-820\" src=\"http:\/\/regeszet.bibl.u-szeged.hu\/wp-content\/uploads\/2017\/11\/Piros_Reka.jpg\" alt=\"\" width=\"229\" height=\"300\" \/><\/a>Doktori iskola, doktori program:<\/strong> SZTE BTK, T\u00f6rt\u00e9nelemtudom\u00e1ny Doktori Iskola, Medievisztika Program<\/p>\n<p><strong>V\u00e9gzetts\u00e9g:<\/strong> r\u00e9g\u00e9sz<\/p>\n<p><strong>Kutat\u00e1si ter\u00fclet:<\/strong> K\u00e9s\u0151 cs\u00e1sz\u00e1rkor, kora n\u00e9pv\u00e1ndorl\u00e1s kori l\u00f3szersz\u00e1mzatok<\/p>\n<p><strong>E-mail:<\/strong> pirosreka@hotmail.com<\/p>\n<p><strong>Linkek:<\/strong><br \/>\n<a href=\"http:\/\/regeszet.bibl.u-szeged.hu\/wp-content\/uploads\/2017\/11\/Piros_CV.pdf\" target=\"_blank\" rel=\"noopener\">Szakmai \u00f6n\u00e9letrajz<\/a><br \/>\n<a href=\"https:\/\/m2.mtmt.hu\/gui2\/?type=authors&amp;mode=browse&amp;sel=10048147\" target=\"_blank\" rel=\"noopener\">Publik\u00e1ci\u00f3k<\/a><\/p>\n","protected":false},"excerpt":{"rendered":"<p>Doktori iskola, doktori program: SZTE BTK, T\u00f6rt\u00e9nelemtudom\u00e1ny Doktori Iskola, Medievisztika Program V\u00e9gzetts\u00e9g: r\u00e9g\u00e9sz Kutat\u00e1si ter\u00fclet: K\u00e9s\u0151 cs\u00e1sz\u00e1rkor, kora n\u00e9pv\u00e1ndorl\u00e1s kori l\u00f3szersz\u00e1mzatok E-mail: pirosreka@hotmail.com Linkek: Szakmai \u00f6n\u00e9letrajz Publik\u00e1ci\u00f3k<\/p>\n","protected":false},"author":1,"featured_media":0,"parent":106,"menu_order":8,"comment_status":"closed","ping_status":"closed","template":"","meta":{"footnotes":""},"class_list":["post-708","page","type-page","status-publish","hentry"],"_links":{"self":[{"href":"https:\/\/regeszet.bibl.u-szeged.hu\/index.php\/wp-json\/wp\/v2\/pages\/708","targetHints":{"allow":["GET"]}}],"collection":[{"href":"https:\/\/regeszet.bibl.u-szeged.hu\/index.php\/wp-json\/wp\/v2\/pages"}],"about":[{"href":"https:\/\/regeszet.bibl.u-szeged.hu\/index.php\/wp-json\/wp\/v2\/types\/page"}],"author":[{"embeddable":true,"href":"https:\/\/regeszet.bibl.u-szeged.hu\/index.php\/wp-json\/wp\/v2\/users\/1"}],"replies":[{"embeddable":true,"href":"https:\/\/regeszet.bibl.u-szeged.hu\/index.php\/wp-json\/wp\/v2\/comments?post=708"}],"version-history":[{"count":5,"href":"https:\/\/regeszet.bibl.u-szeged.hu\/index.php\/wp-json\/wp\/v2\/pages\/708\/revisions"}],"predecessor-version":[{"id":2516,"href":"https:\/\/regeszet.bibl.u-szeged.hu\/index.php\/wp-json\/wp\/v2\/pages\/708\/revisions\/2516"}],"up":[{"embeddable":true,"href":"https:\/\/regeszet.bibl.u-szeged.hu\/index.php\/wp-json\/wp\/v2\/pages\/106"}],"wp:attachment":[{"href":"https:\/\/regeszet.bibl.u-szeged.hu\/index.php\/wp-json\/wp\/v2\/media?parent=708"}],"curies":[{"name":"wp","href":"https:\/\/api.w.org\/{rel}","templated":true}]}}