{"id":710,"date":"2017-11-23T15:26:27","date_gmt":"2017-11-23T14:26:27","guid":{"rendered":"http:\/\/regeszet.bibl.u-szeged.hu\/?page_id=710"},"modified":"2019-02-03T18:38:19","modified_gmt":"2019-02-03T17:38:19","slug":"soos-rita","status":"publish","type":"page","link":"https:\/\/regeszet.bibl.u-szeged.hu\/index.php\/munkatarsak\/phd-hallgatoink\/soos-rita\/","title":{"rendered":"So\u00f3s Rita"},"content":{"rendered":"<p><strong><a href=\"http:\/\/regeszet.bibl.u-szeged.hu\/wp-content\/uploads\/2018\/01\/Soos_R.jpg\"><img loading=\"lazy\" decoding=\"async\" class=\" wp-image-1863 alignright\" src=\"http:\/\/regeszet.bibl.u-szeged.hu\/wp-content\/uploads\/2018\/01\/Soos_R.jpg\" alt=\"\" width=\"239\" height=\"239\" \/><\/a>Doktori iskola, doktori program:<\/strong> SZTE BTK, T\u00f6rt\u00e9nettudom\u00e1nyi Doktori Iskola, Medievisztika Program, R\u00e9g\u00e9szet szakir\u00e1ny<\/p>\n<p><strong>V\u00e9gzetts\u00e9g:<\/strong> r\u00e9g\u00e9sz<\/p>\n<p><strong>Kutat\u00e1si ter\u00fclet:<\/strong> a 10-11. sz\u00e1zadi K\u00e1rp\u00e1t-medence<\/p>\n<p><strong>E-mail:<\/strong> soos.rita91@gmail.com<\/p>\n<p><strong>Linkek:<br \/>\n<\/strong><a href=\"http:\/\/regeszet.bibl.u-szeged.hu\/wp-content\/uploads\/2017\/11\/Soos_CV.pdf\" target=\"_blank\" rel=\"noopener\">Szakmai \u00f6n\u00e9letrajz<\/a><br \/>\n<a href=\"https:\/\/m2.mtmt.hu\/gui2\/?type=authors&amp;mode=browse&amp;sel=10057592\" target=\"_blank\" rel=\"noopener\">Publik\u00e1ci\u00f3k<\/a><\/p>\n<p>&nbsp;<\/p>\n","protected":false},"excerpt":{"rendered":"<p>Doktori iskola, doktori program: SZTE BTK, T\u00f6rt\u00e9nettudom\u00e1nyi Doktori Iskola, Medievisztika Program, R\u00e9g\u00e9szet szakir\u00e1ny V\u00e9gzetts\u00e9g: r\u00e9g\u00e9sz Kutat\u00e1si ter\u00fclet: a 10-11. sz\u00e1zadi K\u00e1rp\u00e1t-medence E-mail: soos.rita91@gmail.com Linkek: Szakmai \u00f6n\u00e9letrajz Publik\u00e1ci\u00f3k &nbsp;<\/p>\n","protected":false},"author":1,"featured_media":0,"parent":106,"menu_order":9,"comment_status":"closed","ping_status":"closed","template":"","meta":{"footnotes":""},"class_list":["post-710","page","type-page","status-publish","hentry"],"_links":{"self":[{"href":"https:\/\/regeszet.bibl.u-szeged.hu\/index.php\/wp-json\/wp\/v2\/pages\/710","targetHints":{"allow":["GET"]}}],"collection":[{"href":"https:\/\/regeszet.bibl.u-szeged.hu\/index.php\/wp-json\/wp\/v2\/pages"}],"about":[{"href":"https:\/\/regeszet.bibl.u-szeged.hu\/index.php\/wp-json\/wp\/v2\/types\/page"}],"author":[{"embeddable":true,"href":"https:\/\/regeszet.bibl.u-szeged.hu\/index.php\/wp-json\/wp\/v2\/users\/1"}],"replies":[{"embeddable":true,"href":"https:\/\/regeszet.bibl.u-szeged.hu\/index.php\/wp-json\/wp\/v2\/comments?post=710"}],"version-history":[{"count":7,"href":"https:\/\/regeszet.bibl.u-szeged.hu\/index.php\/wp-json\/wp\/v2\/pages\/710\/revisions"}],"predecessor-version":[{"id":2517,"href":"https:\/\/regeszet.bibl.u-szeged.hu\/index.php\/wp-json\/wp\/v2\/pages\/710\/revisions\/2517"}],"up":[{"embeddable":true,"href":"https:\/\/regeszet.bibl.u-szeged.hu\/index.php\/wp-json\/wp\/v2\/pages\/106"}],"wp:attachment":[{"href":"https:\/\/regeszet.bibl.u-szeged.hu\/index.php\/wp-json\/wp\/v2\/media?parent=710"}],"curies":[{"name":"wp","href":"https:\/\/api.w.org\/{rel}","templated":true}]}}