{"id":712,"date":"2017-11-23T15:26:40","date_gmt":"2017-11-23T14:26:40","guid":{"rendered":"http:\/\/regeszet.bibl.u-szeged.hu\/?page_id=712"},"modified":"2019-02-14T12:41:49","modified_gmt":"2019-02-14T11:41:49","slug":"takacs-melinda","status":"publish","type":"page","link":"https:\/\/regeszet.bibl.u-szeged.hu\/index.php\/munkatarsak\/phd-hallgatoink\/takacs-melinda\/","title":{"rendered":"Dr. Tak\u00e1cs Melinda"},"content":{"rendered":"<p><strong><a href=\"http:\/\/regeszet.bibl.u-szeged.hu\/wp-content\/uploads\/2017\/11\/Takacs_M.jpg\"><img loading=\"lazy\" decoding=\"async\" class=\"alignright wp-image-830\" src=\"http:\/\/regeszet.bibl.u-szeged.hu\/wp-content\/uploads\/2017\/11\/Takacs_M.jpg\" alt=\"\" width=\"349\" height=\"300\" \/><\/a>Doktori iskola:<\/strong> SZTE BTK T\u00f6rt\u00e9nelemtudom\u00e1nyi Doktori Iskola, Medievisztika program<\/p>\n<p><strong>V\u00e9gzetts\u00e9g:<\/strong> r\u00e9g\u00e9sz<\/p>\n<p><strong>Fokozatszerz\u00e9s id\u0151pontja<\/strong>: 2018<\/p>\n<p><strong>Kutat\u00e1si ter\u00fclet:<\/strong> a Fels\u0151-Tisza-vid\u00e9k k\u00e9s\u0151 avar \u00e9s kora \u00c1rp\u00e1d-kori telep\u00fcl\u00e9st\u00f6rt\u00e9nete<\/p>\n<p><strong>E-mail:<\/strong> mtakacs86@gmail.com<\/p>\n<p><strong>Linkek:<br \/>\n<\/strong><a href=\"http:\/\/regeszet.bibl.u-szeged.hu\/wp-content\/uploads\/2017\/11\/Takacs_CV.pdf\" target=\"_blank\" rel=\"noopener\">Szakmai \u00f6n\u00e9letrajz<\/a><br \/>\n<a href=\"https:\/\/m2.mtmt.hu\/gui2\/?type=authors&amp;mode=browse&amp;sel=10040688\" target=\"_blank\" rel=\"noopener\">Publik\u00e1ci\u00f3k<\/a><\/p>\n","protected":false},"excerpt":{"rendered":"<p>Doktori iskola: SZTE BTK T\u00f6rt\u00e9nelemtudom\u00e1nyi Doktori Iskola, Medievisztika program V\u00e9gzetts\u00e9g: r\u00e9g\u00e9sz Fokozatszerz\u00e9s id\u0151pontja: 2018 Kutat\u00e1si ter\u00fclet: a Fels\u0151-Tisza-vid\u00e9k k\u00e9s\u0151 avar \u00e9s kora \u00c1rp\u00e1d-kori telep\u00fcl\u00e9st\u00f6rt\u00e9nete E-mail: mtakacs86@gmail.com Linkek: Szakmai \u00f6n\u00e9letrajz Publik\u00e1ci\u00f3k<\/p>\n","protected":false},"author":1,"featured_media":0,"parent":106,"menu_order":10,"comment_status":"closed","ping_status":"closed","template":"","meta":{"footnotes":""},"class_list":["post-712","page","type-page","status-publish","hentry"],"_links":{"self":[{"href":"https:\/\/regeszet.bibl.u-szeged.hu\/index.php\/wp-json\/wp\/v2\/pages\/712","targetHints":{"allow":["GET"]}}],"collection":[{"href":"https:\/\/regeszet.bibl.u-szeged.hu\/index.php\/wp-json\/wp\/v2\/pages"}],"about":[{"href":"https:\/\/regeszet.bibl.u-szeged.hu\/index.php\/wp-json\/wp\/v2\/types\/page"}],"author":[{"embeddable":true,"href":"https:\/\/regeszet.bibl.u-szeged.hu\/index.php\/wp-json\/wp\/v2\/users\/1"}],"replies":[{"embeddable":true,"href":"https:\/\/regeszet.bibl.u-szeged.hu\/index.php\/wp-json\/wp\/v2\/comments?post=712"}],"version-history":[{"count":8,"href":"https:\/\/regeszet.bibl.u-szeged.hu\/index.php\/wp-json\/wp\/v2\/pages\/712\/revisions"}],"predecessor-version":[{"id":2586,"href":"https:\/\/regeszet.bibl.u-szeged.hu\/index.php\/wp-json\/wp\/v2\/pages\/712\/revisions\/2586"}],"up":[{"embeddable":true,"href":"https:\/\/regeszet.bibl.u-szeged.hu\/index.php\/wp-json\/wp\/v2\/pages\/106"}],"wp:attachment":[{"href":"https:\/\/regeszet.bibl.u-szeged.hu\/index.php\/wp-json\/wp\/v2\/media?parent=712"}],"curies":[{"name":"wp","href":"https:\/\/api.w.org\/{rel}","templated":true}]}}