{"id":714,"date":"2017-11-23T15:26:54","date_gmt":"2017-11-23T14:26:54","guid":{"rendered":"http:\/\/regeszet.bibl.u-szeged.hu\/?page_id=714"},"modified":"2021-03-16T12:57:20","modified_gmt":"2021-03-16T11:57:20","slug":"tihanyi-balazs","status":"publish","type":"page","link":"https:\/\/regeszet.bibl.u-szeged.hu\/index.php\/munkatarsak\/phd-hallgatoink\/tihanyi-balazs\/","title":{"rendered":"Dr. Tihanyi Bal\u00e1zs"},"content":{"rendered":"<p><strong><a href=\"http:\/\/regeszet.bibl.u-szeged.hu\/wp-content\/uploads\/2017\/11\/TihanyiB.jpg\"><img loading=\"lazy\" decoding=\"async\" class=\"alignright wp-image-836\" src=\"http:\/\/regeszet.bibl.u-szeged.hu\/wp-content\/uploads\/2017\/11\/TihanyiB.jpg\" alt=\"\" width=\"244\" height=\"300\" \/><\/a>Doktori iskola, doktori program:<\/strong> SZTE TTIK, Biol\u00f3gia Doktori Iskola, Hum\u00e1nbiol\u00f3gia k\u00e9pz\u00e9si program<\/p>\n<p><strong>V\u00e9gzetts\u00e9g:<\/strong> r\u00e9g\u00e9sz<\/p>\n<p><strong>Fokozatszerz\u00e9s id\u0151pontja:<\/strong> 2020<\/p>\n<p><strong>Kutat\u00e1si ter\u00fclet:<\/strong> 10-11. sz\u00e1zadi temetkez\u00e9sek r\u00e9g\u00e9szeti, antropol\u00f3giai \u00e9s archeometriai vizsg\u00e1lata<\/p>\n<p><strong>E-mail:<\/strong> balazs0421@gmail.com<\/p>\n<p><strong>Linkek:<br \/>\n<\/strong><a href=\"http:\/\/regeszet.bibl.u-szeged.hu\/wp-content\/uploads\/2017\/11\/Tihanyi_CV.pdf\" target=\"_blank\" rel=\"noopener\">Szakmai \u00f6n\u00e9letrajz<\/a><br \/>\n<a href=\"https:\/\/m2.mtmt.hu\/gui2\/?type=authors&amp;mode=browse&amp;sel=10053309\" target=\"_blank\" rel=\"noopener\">Publik\u00e1ci\u00f3k<\/a><\/p>\n","protected":false},"excerpt":{"rendered":"<p>Doktori iskola, doktori program: SZTE TTIK, Biol\u00f3gia Doktori Iskola, Hum\u00e1nbiol\u00f3gia k\u00e9pz\u00e9si program V\u00e9gzetts\u00e9g: r\u00e9g\u00e9sz Fokozatszerz\u00e9s id\u0151pontja: 2020 Kutat\u00e1si ter\u00fclet: 10-11. sz\u00e1zadi temetkez\u00e9sek r\u00e9g\u00e9szeti, antropol\u00f3giai \u00e9s archeometriai vizsg\u00e1lata E-mail: balazs0421@gmail.com Linkek: Szakmai \u00f6n\u00e9letrajz Publik\u00e1ci\u00f3k<\/p>\n","protected":false},"author":1,"featured_media":0,"parent":106,"menu_order":11,"comment_status":"closed","ping_status":"closed","template":"","meta":{"footnotes":""},"class_list":["post-714","page","type-page","status-publish","hentry"],"_links":{"self":[{"href":"https:\/\/regeszet.bibl.u-szeged.hu\/index.php\/wp-json\/wp\/v2\/pages\/714","targetHints":{"allow":["GET"]}}],"collection":[{"href":"https:\/\/regeszet.bibl.u-szeged.hu\/index.php\/wp-json\/wp\/v2\/pages"}],"about":[{"href":"https:\/\/regeszet.bibl.u-szeged.hu\/index.php\/wp-json\/wp\/v2\/types\/page"}],"author":[{"embeddable":true,"href":"https:\/\/regeszet.bibl.u-szeged.hu\/index.php\/wp-json\/wp\/v2\/users\/1"}],"replies":[{"embeddable":true,"href":"https:\/\/regeszet.bibl.u-szeged.hu\/index.php\/wp-json\/wp\/v2\/comments?post=714"}],"version-history":[{"count":6,"href":"https:\/\/regeszet.bibl.u-szeged.hu\/index.php\/wp-json\/wp\/v2\/pages\/714\/revisions"}],"predecessor-version":[{"id":3859,"href":"https:\/\/regeszet.bibl.u-szeged.hu\/index.php\/wp-json\/wp\/v2\/pages\/714\/revisions\/3859"}],"up":[{"embeddable":true,"href":"https:\/\/regeszet.bibl.u-szeged.hu\/index.php\/wp-json\/wp\/v2\/pages\/106"}],"wp:attachment":[{"href":"https:\/\/regeszet.bibl.u-szeged.hu\/index.php\/wp-json\/wp\/v2\/media?parent=714"}],"curies":[{"name":"wp","href":"https:\/\/api.w.org\/{rel}","templated":true}]}}