{"id":7171,"date":"2026-03-18T13:43:00","date_gmt":"2026-03-18T12:43:00","guid":{"rendered":"https:\/\/regeszet.bibl.u-szeged.hu\/?page_id=7171"},"modified":"2026-03-18T15:28:12","modified_gmt":"2026-03-18T14:28:12","slug":"doktori-abszolutoriumot-szerzett","status":"publish","type":"page","link":"https:\/\/regeszet.bibl.u-szeged.hu\/index.php\/doktori-abszolutoriumot-szerzett\/","title":{"rendered":"Doktori abszolut\u00f3riumot szerzett"},"content":{"rendered":"<ul>\n<li>Wilhelm G\u00e1bor<\/li>\n<li>Gallina Zsolt<\/li>\n<li>Luk\u00e1cs Nikoletta<\/li>\n<li>Varga S\u00e1ndor<\/li>\n<li>Varga M\u00e1t\u00e9<\/li>\n<li>Sztankov\u00e1nszkin\u00e9 Osv\u00e1th Zs\u00f3fia<\/li>\n<li>Walter Dorottya<\/li>\n<li>Zandler Kriszti\u00e1n<\/li>\n<li>Mell\u00e1r Bal\u00e1zs<\/li>\n<li>M\u00e9sz\u00e1ros Bogl\u00e1rka<\/li>\n<li>T\u00f6r\u00f6k-Boty\u00e1nszky Anna<\/li>\n<li>Hergott Krist\u00f3f<\/li>\n<li>Hrab\u00e1k Zita<\/li>\n<li>Szombathelyi Andrea<\/li>\n<\/ul>\n","protected":false},"excerpt":{"rendered":"<p>Wilhelm G\u00e1bor Gallina Zsolt Luk\u00e1cs Nikoletta Varga S\u00e1ndor Varga M\u00e1t\u00e9 Sztankov\u00e1nszkin\u00e9 Osv\u00e1th Zs\u00f3fia Walter Dorottya Zandler Kriszti\u00e1n Mell\u00e1r Bal\u00e1zs M\u00e9sz\u00e1ros Bogl\u00e1rka T\u00f6r\u00f6k-Boty\u00e1nszky Anna Hergott Krist\u00f3f Hrab\u00e1k Zita Szombathelyi Andrea<\/p>\n","protected":false},"author":1,"featured_media":0,"parent":0,"menu_order":0,"comment_status":"closed","ping_status":"closed","template":"","meta":{"footnotes":""},"class_list":["post-7171","page","type-page","status-publish","hentry"],"_links":{"self":[{"href":"https:\/\/regeszet.bibl.u-szeged.hu\/index.php\/wp-json\/wp\/v2\/pages\/7171","targetHints":{"allow":["GET"]}}],"collection":[{"href":"https:\/\/regeszet.bibl.u-szeged.hu\/index.php\/wp-json\/wp\/v2\/pages"}],"about":[{"href":"https:\/\/regeszet.bibl.u-szeged.hu\/index.php\/wp-json\/wp\/v2\/types\/page"}],"author":[{"embeddable":true,"href":"https:\/\/regeszet.bibl.u-szeged.hu\/index.php\/wp-json\/wp\/v2\/users\/1"}],"replies":[{"embeddable":true,"href":"https:\/\/regeszet.bibl.u-szeged.hu\/index.php\/wp-json\/wp\/v2\/comments?post=7171"}],"version-history":[{"count":5,"href":"https:\/\/regeszet.bibl.u-szeged.hu\/index.php\/wp-json\/wp\/v2\/pages\/7171\/revisions"}],"predecessor-version":[{"id":7198,"href":"https:\/\/regeszet.bibl.u-szeged.hu\/index.php\/wp-json\/wp\/v2\/pages\/7171\/revisions\/7198"}],"wp:attachment":[{"href":"https:\/\/regeszet.bibl.u-szeged.hu\/index.php\/wp-json\/wp\/v2\/media?parent=7171"}],"curies":[{"name":"wp","href":"https:\/\/api.w.org\/{rel}","templated":true}]}}