{"id":7177,"date":"2026-03-18T13:44:34","date_gmt":"2026-03-18T12:44:34","guid":{"rendered":"https:\/\/regeszet.bibl.u-szeged.hu\/?page_id=7177"},"modified":"2026-03-18T15:27:18","modified_gmt":"2026-03-18T14:27:18","slug":"fokozatot-szerzett","status":"publish","type":"page","link":"https:\/\/regeszet.bibl.u-szeged.hu\/index.php\/munkatarsak\/phd-hallgatoink\/fokozatot-szerzett\/","title":{"rendered":"Fokozatot szerzett"},"content":{"rendered":"<ul>\n<li>Kov\u00e1cs P\u00e9ter<\/li>\n<li>T\u00f6r\u0151csik Istv\u00e1n<\/li>\n<\/ul>\n","protected":false},"excerpt":{"rendered":"<p>Kov\u00e1cs P\u00e9ter T\u00f6r\u0151csik Istv\u00e1n<\/p>\n","protected":false},"author":1,"featured_media":0,"parent":106,"menu_order":0,"comment_status":"closed","ping_status":"closed","template":"","meta":{"footnotes":""},"class_list":["post-7177","page","type-page","status-publish","hentry"],"_links":{"self":[{"href":"https:\/\/regeszet.bibl.u-szeged.hu\/index.php\/wp-json\/wp\/v2\/pages\/7177","targetHints":{"allow":["GET"]}}],"collection":[{"href":"https:\/\/regeszet.bibl.u-szeged.hu\/index.php\/wp-json\/wp\/v2\/pages"}],"about":[{"href":"https:\/\/regeszet.bibl.u-szeged.hu\/index.php\/wp-json\/wp\/v2\/types\/page"}],"author":[{"embeddable":true,"href":"https:\/\/regeszet.bibl.u-szeged.hu\/index.php\/wp-json\/wp\/v2\/users\/1"}],"replies":[{"embeddable":true,"href":"https:\/\/regeszet.bibl.u-szeged.hu\/index.php\/wp-json\/wp\/v2\/comments?post=7177"}],"version-history":[{"count":3,"href":"https:\/\/regeszet.bibl.u-szeged.hu\/index.php\/wp-json\/wp\/v2\/pages\/7177\/revisions"}],"predecessor-version":[{"id":7196,"href":"https:\/\/regeszet.bibl.u-szeged.hu\/index.php\/wp-json\/wp\/v2\/pages\/7177\/revisions\/7196"}],"up":[{"embeddable":true,"href":"https:\/\/regeszet.bibl.u-szeged.hu\/index.php\/wp-json\/wp\/v2\/pages\/106"}],"wp:attachment":[{"href":"https:\/\/regeszet.bibl.u-szeged.hu\/index.php\/wp-json\/wp\/v2\/media?parent=7177"}],"curies":[{"name":"wp","href":"https:\/\/api.w.org\/{rel}","templated":true}]}}