{"id":95,"date":"2017-11-22T08:45:19","date_gmt":"2017-11-22T07:45:19","guid":{"rendered":"http:\/\/regeszet.bibl.u-szeged.hu\/?page_id=95"},"modified":"2022-02-08T09:35:40","modified_gmt":"2022-02-08T08:35:40","slug":"partnereink","status":"publish","type":"page","link":"https:\/\/regeszet.bibl.u-szeged.hu\/index.php\/tanszekunk\/partnereink\/","title":{"rendered":"Partnereink"},"content":{"rendered":"<table style=\"width: 100%;\">\n<tbody>\n<tr>\n<td style=\"width: 19.0397%;\"><a href=\"http:\/\/regeszet.bibl.u-szeged.hu\/wp-content\/uploads\/2017\/11\/KosztaJMuzeum.jpg\"><img loading=\"lazy\" decoding=\"async\" class=\"aligncenter wp-image-1762\" src=\"http:\/\/regeszet.bibl.u-szeged.hu\/wp-content\/uploads\/2017\/11\/KosztaJMuzeum.jpg\" alt=\"\" width=\"100\" height=\"158\" \/><\/a><\/td>\n<td style=\"width: 80.7947%;\"><a href=\"https:\/\/kosztamuzeum.hu\/\" target=\"_blank\" rel=\"noopener\">Koszta J\u00f3zsef M\u00fazeum<\/a> (6600 Szentes, Kossuth t\u00e9r 1.)<\/td>\n<\/tr>\n<tr>\n<td style=\"width: 19.0397%;\"><a href=\"http:\/\/regeszet.bibl.u-szeged.hu\/wp-content\/uploads\/2019\/10\/NGyTM-log\u00f3.jpg\"><img loading=\"lazy\" decoding=\"async\" class=\"aligncenter wp-image-3243\" src=\"http:\/\/regeszet.bibl.u-szeged.hu\/wp-content\/uploads\/2019\/10\/NGyTM-log\u00f3.jpg\" alt=\"\" width=\"100\" height=\"100\" \/><\/a><\/td>\n<td style=\"width: 80.7947%;\"><a href=\"https:\/\/ngytm.hu\/\" target=\"_blank\" rel=\"noopener\">Nagy Gyula Ter\u00fcleti M\u00fazeum<\/a> (5900 Orosh\u00e1za, D\u00f3zsa Gy. u. 5)<\/td>\n<\/tr>\n<tr>\n<td style=\"width: 19.0397%;\"><a href=\"http:\/\/regeszet.bibl.u-szeged.hu\/wp-content\/uploads\/2017\/11\/TornyaiJMuzeum.jpg\"><img loading=\"lazy\" decoding=\"async\" class=\"aligncenter wp-image-1765\" src=\"http:\/\/regeszet.bibl.u-szeged.hu\/wp-content\/uploads\/2017\/11\/TornyaiJMuzeum.jpg\" alt=\"\" width=\"100\" height=\"104\" \/><\/a><\/td>\n<td style=\"width: 80.7947%;\"><a href=\"http:\/\/www.tornyaimuzeum.hu\/\" target=\"_blank\" rel=\"noopener\">Tornyai J\u00e1nos M\u00fazeum \u00e9s K\u00f6zm\u0171vel\u0151d\u00e9si K\u00f6zpont<\/a> (6800 H\u00f3dmez\u0151v\u00e1s\u00e1rhely, Dr. Rapcs\u00e1k Andr\u00e1s \u00fat 16\u201318)<\/td>\n<\/tr>\n<tr>\n<td style=\"width: 19.0397%;\"><img loading=\"lazy\" decoding=\"async\" class=\" aligncenter\" src=\"data:image\/jpeg;base64,\/9j\/4AAQSkZJRgABAQAAAQABAAD\/2wCEAAkGBxIQERUQEA8VFhUVFhUWFhcXFRUdFRYXFRYXFxkXFhgYHSggHRolHRYVITEhJjUrLi4uGCAzODMsNyotLisBCgoKDg0OGxAQGy0lHyYuLy0tLS8tLS0tLS0tLS0tLS0tLS0tLS0tLS0tLS0tLS0tLS0tLS0tLS0tLS0tLS0tLf\/AABEIAOEA4QMBIgACEQEDEQH\/xAAbAAEAAQUBAAAAAAAAAAAAAAAABQEDBAYHAv\/EAFgQAAIBAwMBBQIFDwYJCgcAAAECAwAEEQUSITEGEyJBURRhBxYycZEVIzRCU1Vyc4GUoaKxwdJSVGKCk9EXMzU2Q5KVstMkJWNkdKOzw\/DxJkSDhLTE1P\/EABsBAQADAQEBAQAAAAAAAAAAAAABAgMEBQcG\/8QAOxEAAgECAwQGBwgBBQEAAAAAAAECAxESITEEQVGRE2FxgbHwBSIyM6Hh4hQ0UmJywdHxQhYjgqLjFf\/aAAwDAQACEQMRAD8A3iq0pQClUpQClVpQFKVWlAUqtKUApSlAKUpQClKUApSqUBWlUpQFaVSlAVpVKUBWlUpQFaVSlAVpVKUBWqVWqUBWlKUApSlAKUpQFKUpQClKUApSlAKUpQCq1Sq0ApSlAKUpQClKUApSlAKUpQClKUBSq1Sq0ApSlAUpSlAKUpQCq1Sq0ApSlAKUpQClKUApSlAKVVeeACSOoAJP0CsS61KGLmSeJOny5Y06\/hsKi6BlUqMPaSy\/n1r+cwfx17i1y1c7UvLZifJbmAn6A+aXRNiQpVIzuG5eV\/lAEr\/rdKA55FE7kFaUpUgUpSgFKUoCH+NNp92\/Uk\/hp8abT7t+pJ\/DWP2StJ7u3E8mo3ituIwtw+PDx55qa+oEn3zvvzhv7q5VWk\/6+Z6tWhslKbhLFdOzz4f8CN+NNp92\/Uk\/hp8abT7t+pJ\/DUl8X5PvlffnDf3VX4vyffK+\/OG\/uqell1cvmUwbH+bn9BGfGm0+7fqSfw1T402n3f8AUk\/hqU+L8n3yvvzhv7qp8X5PvnffnDVHSy8r5jBsf5uf0EZ8abT7v+pJ\/DT402n3f9ST+GpL6gSffO+\/OGqvxfk++d9+cNTpZdXL5jBsf5uf0Eb8abT7t+pJ\/DT402n3b9ST+GpL4vyffK+\/OGqn1Ak++d9+cNU9LLyn\/IwbH+bn9BHfGm0+7fqSfw0+NNp92\/Uk\/hqR+oEn3zvvzhqfUCT75335w1Oll5XzGDY\/zc\/oI7402n3b9ST+GnxptPu36kn8NSXxfk++V9+cNT4vyffO+\/OGp0surl8xg2P83P6CIm7YWSfKuMZ9Ipz\/ALqGrPx507+d\/wDcXf8Awal7js1Ky4XVb4MPksZ92DgjOCPQkflrTrzStdErpDJfzojbRKmoQor+FWzsZMrww45x6nrWlOblrqcdeNNS\/wBt5df9ImZO3engEi5LEAnaILncfcu6IDPzkD3jrUPqWvag694wi063PyZLobrhxn\/R2+CTkdBtPufzq0dM7RHjutS\/2lbfwVL9l\/grmlY3OozPGznJRZN9y\/T\/AB90RkdMbY8cY5zmtLGJqGqXtr0na\/vj6Xd0lpbkDB3RQkl9v0VjWGpxscWml6eUGcf8kvbl\/TxNKOefdXYZNH0zS5IQlhEAwkZ5SoeSNU2ru3vlzmSSNMA5y48gcSWka3JOckRwrDGGnQgs+\/dKjqrBgFRWhdd2G3EN02+IDjiahqQGE0ohfIR6Imz+rkg1bmvbkKTNpFrnr9e0iVGx\/SaHoPPg116LtXIyD6yqSLA0kobJVZ42jzbjHi3MrFlOCcPG2DnBuQdoZneBPrQ9o5OVfNvtkcFJvFjewHdAHbiSN\/lfJAHCYLywZgfY1ikB8Utleywuuf5EV4MHIzwp8\/LIrYLfVLhGAtNW7x2BK22pxGORwOAqXWdrknAADqDmuizasLuAtPb2sqhtm14t6vsQv367jjupPAydfCAcknC+db+CuxmVhbbrZjzhPFAzY47y3fKMBweNp4HNGga1H21SA91qcEllKPKRJGjfHnE8aHcPyYHqau\/4QtL\/AJ8v9ldf8Go6LQNdsM21tDLJCDlTFc23c\/8A00uo3dPeucZzigg7RdfYp8\/jtL\/\/AJ6Akf8ACFph4F8v9ldf8Gs1e1Vof9N\/3b\/3VY0TStSuQ\/ttxLb7W292BZPIfCGDCWOFe7xuGCMn5sVnazpEsEEky6lekxozAG5kwSBnnFYzqOOnnwOzZaVGbtUvm0lbLn6siz8arT7v+pJ\/DVa0H4x3v8+uPziX+Olc\/wBrflfUfov9N9f\/AH\/8zofwbfYK\/hv+6vXaDttFYEC5s7tQxIVwluyPj0YTcZHODg48q8\/Bt9gr+G\/7qkO2Oie3WctuAN5G6L3SpynzZPhPuY1ps+C8cemR4PpG\/wBpq2\/FLxLPZvtUmoDfBaXIj3FTLIsCxggZxxMWPkPCDyecVP1zH4FNXyk1i\/DIe+QHrtbCyL\/VYKf659K6dW21UlSqygtFp2bmcUXdXNa7R9s4tPIFzaXW1iQsipA0bEc8HvsjjyYA8HipjSdQNxGJPZ5oQcELMI1cgjOdqO2PmbB91a9rsYvdTtrPGY7UG7m9C\/yYEPvzlseamtuqtRQUI2WbzefLL49lgr3NR0Htk1zqM9gbUoIe8w+4k\/W3CZZdvAbORz6dc5rbqs+0x953XeJ3m3ds3DftGBuK5zt5Az76u1WrKLd4xtkt9+\/vJSe8rVq7uO7Utsd\/RY13OT6AdPynA9SKxrbWbaVzHFdQO4+1SWNm\/wBUHNZcUiuAysGB6EEEH5iKpZrVEmo9lu3Pt97Jai1aJY43fLt9c3JIiFWQDC\/LPGT0rcq5T2C\/y\/qHz3v\/AOZHXUnlVeGYD5yBXTtdOMKiUFZYU+aKwd1mXK1DV+2bQanDp4tSwl7vx7ufrhI3KuOVXByc\/at0xW1pMrHCsCfcQf2V4nuY0KB5FVnO1AzAFifJAeSeOgrGm0m8Ub5PLNZ8e4s89C\/UFqOu3NnIURAyyeNdtvdSscBVYN3IIXGF64zke+p2ontDrElogeK2knZtyBIwxfna2cKrMR4T0H5RxmIPMiWhG\/Hu8\/msn+z7\/wDuqnx7vP5rJ\/s++\/urEftzOefqRqPzd1NzySf9F4euMj6DivT9uZxgro17zjkw3A49OIj193Fb9xmXX7a3RO42TE4xk6dfZxkHGcdMgH8grGn7TyOQX01WK7yudMvCQZDlyMrxuJ59Seaxrvt1cRqT9RbzGCTuS4AHq27ugegPJ+Tjj1G02MgmgjmaLZvVGIDcoWj3EB\/M4PPAyPIeUOVibEG\/bKZyCbHcQ24E6deEh1wu4cfKBVRnqMCvHxvlbevsAO\/a0g+pt4d\/JKs4288g4J8wal9YgaSIYyds96pG3IIaV2BOFLDAJAK8jd59KzfaxDkuNy9xaR8kDxn2k55xycoMD1wKjGTY149rpm8RsM8Bc\/U68PhXdhc7eg3Px7z61kDt7efzV\/zC+\/urzr\/az2Rka3sJrhpg58Dnw90FyVUBwFG7k4HPJzxUd\/hAmBy2g3KkZwSkhPX+UIsYzgEfpzUqVyLEp8fLz+ayf7Pvv7q8nt9d4z7M+B\/1C+\/urFg7ezdfqTdgZ8kuTnPIxhPd0NeIu0Z74MdMvlDOAy91PsxuBJIeMLj5XBI4zzzwu+AsbVpc0simWdQrSNu2gMMDaqjIYkgnb0\/YcirHan7Dn\/Fv+ys+1XCID1CqPdwB51gdqfsOf8W\/7K5pu9zp2f3kO1eJxKlKVwH1A6x8G32Cv4T\/ALq2mtW+Db7BX8J\/3VtNdsPZR819Ifeqv6peLONdq0Oj6yl6gPdSt3pA8w3huE955LD03r6V2CS5RYzKXHdhS5by2Abi2fTHNar8KWie1WDOozJbnvl9SoGJF\/1cn50FadoOvte6dDpCv9ekmFuxB8QtFHetIOPJAY8eimvVlD7TRhPfH1Zdm58jgvhbRu\/YGBnilv5RiS9kM2DjKwrlYE+YJyPcwrY7y2EqFGZwD1KO6N8wdCGH5DXuKJUUIigKoCqB0CqMAD3AACvdefOblJy5ftyLpZWOSfB1aCDW7yFSSEW5UEnLECeLG4nqcedbB8KuqGBbSNw3s8s4Nztz4ooihMRx1DBnOPPZUP2M\/wA4r\/8A+5\/8eKt\/1\/Tba8QWlyA28M6DkODHtBdGHRl7xfn3HgjNehXqKO0xnNXWGN+Ps692vcZxXqtIx5dJsNQtdipC8DLhGjVMR8YBjIHhZfTj0I6isjstZPBZQQSDDxxqjY6ZXg491cu1nsdf6OWu9PuWaJRlyvEiqM8yxnKSIB58+Z2gDNdF7C9o\/qjaCdlCyKxjkAzt3qFOVz9qQyn3ZI5xmsa9FxpYoTxQv3p9ZaLzzWZpHYiQLrupMzBVX24sSQAALuMkkngADzqfvtPXXJI2aPbZQsWWQjEt0wyMRnqkHJ56t5Y6rpmnaIL\/AFXVLYuULG8KsCcBlvIyu8D5SZ6j8vUAjYvg27SSQyHR74FZYiVhLeeOe6J8+OUPQrx\/Jz11oP3lN+tGMe5YdV5y1KLg9MzfrTTIYU7uCJIlwR9bUKRnzyB188+tct1XTlt+0NqqM7BzC+ZJHdsnepG9yWI8OeSeprr1cu7U\/wCcVl+DD\/vTVy7DN45Z6xl4F6i0Oo1A9qtWktEWSK1kuGO5dsau20cHc4TnZxgn3+uKnq13thcTxrGbaAyvu8iMoBjL4LKD6dfts4OK44al5aGuQdpL5lKx9m5VBXaSsmzG\/n5JTGSTnkc55BxXuHtFqKgk6Az5\/lTx7R5Y+Sd3lz4eu3GBz6k1TUwDt0uQsuc72hAGOSBiXwcZyec5O7cKpa69dd6I72za3VvFE+5WDkKSyjaSucbWC58i3ixWryzsZmxaFqzXkCTmMxlW8cbAsQ6uVYSAkYzlgxPySMnAFR19rdvpSFJrnZ3LNEka5Z9sZ7y3wuRz3LqMnAOBycAVd1GK8STNjCGkulJYs6hY2XYrXByOUYFQUxnKA48RxrOqTx2m23QLNdJnvbp0VpmY4BwxBKKOFAHKgDnORWUqiivCxdRubTcdtrBrcTOZE3ySFI2iYylWGVkMagkIWXIbz28cgisbtL23s4mjUsdjFSJ0QNGxWIoUQk4V1LYYEjG4jPysczvLqKVhJK\/esyyEOxZiVhVmfxYIOAp8z1HrUlpGr90O7glyMB+65KFXwVJjYYbO4HkH5QyKh1JJew\/gThXE6Tp7xXH\/ACmKVZUwlurICwBbE1x4wTwxMCYO4\/W8HdkkR2p9oJkuDDa6c1wyxIzsm0EGQsBkkj5Xdk+pxn1rF0eFrwi703u454womt\/kQzJ5HwAhHwD4gCGxggYwJKa8is7fv5tveSDvph0zJIPEC2cbUVRGpxwEPU5qymmkyrW4wl1q+ZSH0WXPUlVjJY85JzLkdBwOMjnI4rCh1vUQ+G0NjG0kZyZIwRsYEYXnJBAIGeCDWPaa1rXlpiENjG6eJWyQONrsCp2kZQgEegNXrbVdbeRP+bolVsAuZ42O3PJUI\/ICj5Kqc46eR0w9RFzoVquI0HHCqOOnAA4qP7U\/Yc\/4t\/2VIW64RRnOFUZ9cDrUf2p+w5\/xb\/srnlozooe9j2rxOJUpSuE+oHWPg2+wV\/Cf91bTWrfBt9gr+G\/7q2mu2Hso+a7f96q\/ql4sVonYbsT7De3UzDwA93bc5+tvhyfXIGxMn0aveqdo76LU4dORrUrMocSGCXKj65kFRP4iO7PmM5HStk1\/UGtbV5t6B1HhzGzCSQ5CRqgcMWZsAAH1rsiqlOOBPKaXK5w5PuJSrVzIyqSsZc8YVSgJ59XIHv61F9nWv3QSX\/s6Fhnuoo5Ny56bnaUjPqAD89Sd5dLDG80hwkas7fgoCx\/QK55RtK2vnj\/Ba+Rzzs7oOo2+pzahLaIVn77cqTxblEjhxjcQCQVA8upPuqe7ZWN9JLZz2CKXgMzMHdQpDrGvdnnncAw44GM5HFSPZP21oBJqDL3r+IRqiqIl8lOOS\/rnpwOuamq6au0S6XE0rpWyvZq1t77iqirGtXOsXkkLRppUqzOpXxy25t0LDBJkWTLKM5wFycYqvZTQjpdkIEUzSFi8m0qoZ2AB2mQgBQFUepxnHJrZKVi6vq4ErJu76+Ba285r2X0HULXUp7+W0UrP3+5UmiLL30qy8biAcFceXWsz4Seyk180MtpBiZPlSGRE8PJVTzkurcgjgZPJ8t8kzg7cZxxkEjPlkAjIrUuxms3U95fwXUiN7O8aIETagyZckZJbkKp5JxXTGvUlJ1la8V16aaXK4UlYkuzlzfiJUv7b64oIMsckRV9qkgsu4EMcAcZGTnwjpqeu6DqM+qRahHaKEhMWEaeLeyoxZs4JAJ3MPPHFdKqlY09ocJOUYrNNb9+u8s45WLVtIWUM0ZQnOVYqSMEjkoSOevB86gO20l0qIbKFJZMnKu+3auMbxllB5KgjI4Y9ecbLWsdtvadsZtYo5G3eJZGVcA\/JYM5CghguM+eMAnGMY6ksgPql2gHTTLUA9Myx5xjAGTdeL9vXpxjzPqerzJ3M2j27iTIx7bAGYoS2VxLkOuOGXDAjOc1cW91o\/K062bBPW5gAyfUd4RnP6V9RzYuNR1x+Tp9sRuBwLiMqcgkEbpCSNpPQ46mte4zsbHpBnsNMuby6L94qyCKN+6LwxhjtXdEAjks2\/cMA5XgAAVxyGF7p9rybQW3MzB0KlW\/x8UnyXVcnwnaSBhRvYGu29p72RtHBvLZo3Z40eIOZWIWXAIZMFtwQNxz4q0rT5dFWMp9TLkq2N67bzaxBB5GCOoB\/IKrihGWZazaNRiKk+C1LbVvDKJRIsqzPavk93G42RyrGpA5wd4BAApJbJNuVoQjrgspJ9medECLAh5kPdIG+truLMWGQNud8TVdI2GJdKuCkfjK7bvamBuz0wPkEj5jirUmt6Q7rMdImd027WKXRYbOmCV8jz8+TV+mhxK4WQnwXai0OqxJI0m6UNFl49hkyC27Z1C+EcnrhTwcit27b6Lcrd99aWb3IwrgNNBHBA5Lk7A21mckF8kttJyBnbtgey72kt9C1jo5h7t0LzMHAQMwXA3ryx3YAHPU+Vbt261O+jdY7W0WSParGRrhIxuJbKYdTngKcgg+KoVrtok1WKbXACp0tDn5f\/KrY7jz8oGX3jj+j9HuO61gyxs2mR7N6F913Gy4J5ICznBwGxhSfceFrMi1TVl\/+Qiz6NfNuPU\/yfPmrVprGplh3ljCiE7Swu1wASNw2IvjfBBx159MYmy4EG5W4wijOcKBn1461H9qfsOf8W\/7KkYQNowcjAwfXio7tT9hz\/i3\/AGVzS0Omh72PavE4lSlK4T6gdY+Db7BX8J\/3VtNat8G32Cv4b\/uraa7Yeyj5rt\/3qr+qXizmHbO+W3121ncMVjtizBFLNgC66KP\/AG8zgc1sPZC7TUz9UJHVmRmWKAHi1HI3Nn5UzDnf0wcL51EdoD\/8SWP4j911XjtP2em0yY6ppg8Iybi3A8BXqxVR9p5kDlT4hx09ZqEqcIXtJxye7V5dV+J5+abe650itdvr+5lvlsYt0MQh76ScRqzMdwURxmQGNfUkhj1AAxmszsx2ih1CETQN6B0JG+Nv5Le70PQj8oERJqz3epy6asjQxQRCSQocTTMwjOxX6ogEgyVw3HBGeOKFOSlJSWaWd93d5+Bo3ketK1a4j1OTTriQSr3InilKIkmMgFXEYCHqeQB8ketYeqdob2PVobFREUkiaRVVTzlZVXvnbkKrR7jsAJAxznFY1nBDF2gKRBVAszvwcnfuBJkJOS+3aSW5xivep\/5yWn\/Y3\/8A2a6VGOPRew3pvsUvl3klBqN5p8F3capLFJHGQYTEoVmBJGzAAwCSgGckeLJIANZIt9RlgEy3axTMgcQdzGbcEjIjdmBlzyAXDAZ5C+RjPhetHl0xjHn63JHI4Hmg3Ic+4F1b+rWz6FfLc20M6HKyRow9xxyvzg5HzisZe6VVJXbaeWWSVstM95bfYjOxPaX6oQsXj7ueFu7njz8lucMPMKcN16FWHOMmG7D\/AOU9Y\/Gxf+dXn4ObQ+16pcD\/ABcl3IkZ8m2SzMSPcBIn0n0r32G\/ypq\/46H\/AM6tpRjHplHTDHuu4u3cQr5XLtprN2mrHT7qWPu2jMsLLGFaUA5CnJIBAWXOP5HGM1M9o7qZJLaG2kVZJpSpDJuHcoheWQDIOVGwDyy4Hnmor4TNNdrdL6DiezcTKfVAQZAfcAAx9ysPOsnstei\/lfUQpEfdpBAD1HAknP8AaFY8\/wDQ++s5JOCrJLLJq3+W7nr3Mb2jZlHAGc+\/199a92u9p2qbQIz8b1eQINmTjxEgY3EcZB499bHWudrEuTsNosLOCNwmYqNuGHBzyTuYY54\/TyR1Ls19Y9YOB7LE3hO0e0RY8QC5CLJgnGAOoBBwPE263eXWsDx+yW444PtMI4Pku9\/oz0xx78iJ9TjJDWlsxLbivtUBXkNhdp2t5kDnOCRVmd9XUY+p8eT\/ANbtznHPnKPDwfnxz79WvNyhtGtXE0mn27XECwye0wKUVw6gK+FKsoAwQAfy1LRvC2S8SZz1KjJxxUdq7zSWEJuIRFIbiEMgcOBhsAhhwcgA\/lr2B1+dv941zVZNVLmkVdF1bhE3IiABpFJAHXhayA8DAlokzuf7Uc4Yj91RaR\/XP6yfuq\/j9r\/7zVnGpItZFi5uQvcRoAAbuEnAxnMi\/uFeO3FxfmQR2tosir4u8MyIQcAkAMpzgKD\/AFvPIrw8f12D\/tMP++f7qs9vb3UFmWO3sopIgc948yqWZl5RQXQ5AVW4z16DGRts7unfj+xSZDLJqo62lucAE5u1JIOSOduBnGeOuMjqc3fa9QLgyWtsoDeNjdqzBRgsAoUEkA9Pfj5sWSXVmUKLaykOSAHuMnkYZQARjhcHnHX3mrfsmsOUW4trOOMeEskm4pGPlEL3jA8YA\/ICcVvbqRQ6NEuFA9AB9FR3an7Dn\/Fv+ypOoztT9hz\/AIt\/2VhLRnRQ97HtXicSpSlcJ9QOsfBt9gr+E\/7q2k1q3wbfYK\/hP+6tqrth7KPm23\/eqv6peLIC67I20twt25lMy42v30gK7egUKQAOTwBjk+pqXmtg8ZjLtgggkNhsHr4h0+cVFTahLDfLHJJm3mURoCqAx3GHcDcACVdEfg58SDHWqWOoSyX8sZf6ytvG8abV5JmnjZ2bG7kw8YONuDjmt5OcrXemhxKxhWfYnT7ORZIt8LsdikXLqXJy3djLeLIUnbzkKeOKy9U7IWlzOt1IriZQB3kcjozBRtG4oRzjjIwccZwBV7QZHle572Uv3V08cRKRAxr3UR8O1Bk\/XGGTnjj1zfsu8e1iZrhgxSN3l2whsbQzcFO7A8idvAz0PNWdarixYnfS9yLLgYUvYyxaaOc24DRrsCgkRkZZvGg4Y5Zic\/Kyc5q5ddlreW4W8cy9+mNriaQFQM+EAHG3xNx0O45zk07N3E04e4aZ2gkx7OrpEGMY\/wBMxSNT4zyqnou09TxjaReyyb993NuW8uIVAgh2FIZ3VVZhDgAomCdwPPBzinSVL+08stWLLgbCUBXawyCMEEAggjBBHQ5qEtOykMAZLea4iiYkmGOYiPJ67cgumf6DL0rImuZPqhHCJSI2tppCm2PBeOWBAdxXf0lbjPpWXabzJMDKxG9Qo2x+AGNCduEyeWJ8W6s1KUU7MmyZctLGOGIQwoI0UbVVBgKPd78knJ6k5NRul9mLe2lknh7wPKcyEyuwkOS2WDEgnJPPvPrWN2d1iQwOtwd88fdnOFXvVuQGtzhQFG4t3ZIAG6NqyeyF1NLaJJcS95JvuFZgiqD3VxLENqqBgYQdcn31N5xTz116\/wCRkyxq3am1EcqQzxTTjMSQB1LySt4FTZnJG4jJ6AZzUjoOlraW0VsnSJAuR9s3Vm\/rMWb8tWbHs3ZwTNcxWyLK5JL+InLZyVDEhM5OdoGc1LVM5Qthhe2+\/H5BJ6sVA9o9Iu7sD2LuMowWTvy4UjbvwpQE\/bjORjmp6oTX+zdveFDKpDghQ6nDYJ6HyI+fpzjFUja+ZMiOj7Pa0vI9hyPPvpgOM4GEgGRzjnPHFeD2a1ortJsPX\/HXJ5x1y0RYevB8l9BWafgptvK4lH+rVi7+Cy3C7vaZuqjGVHVgvXHvrZ2\/D4fyUXaZ05ue6jhuxEJFubcEQszJjAC43AHPA6jzqSa1bBwp+Ux5STzY\/wBGtY0LQhp9oqrM7PLcxtvfB2lScEDGOOOOnFeptUvUOw62u8cEexLkn\/U\/ZXKnCTbk\/wCjR3ROPC0YaVkJClDgAgnHkNwHOB+mr4t2ZQQjcknmOQHkk8jbUNa2+pSgl9VJG5UANpGm12wQ+GQEgenQ5Oax549W5xrEvBI8OmhhkHBwREQfnFWVOHXyZGJkx7GweEkEfX4\/I+rH7YD3Va7U22pzvtso7Vowc75JXDdMEYVemVXz\/JUbo6Xwnhe71B7iMyhAjW6xEPn5RAVTwAw59awp+w6TX8ve3EgRtjKNwwhIbOARjnaOPnpTcYuy0f8AAldrMlodN1vzj08ZweJZuGHUjMLDnz6n39KS6TrDn66tgEJ8eJJmwp+UQrRAFsE8kjnqatf4NbMce1t9KV4k+DywTBLmblRsLDBG4Z3BTyPdXS7cDPvNmifcM4I5IIOMggkEcZHUGo7tT9hz\/i3\/AGVJooAAAAA4AHQD0AqM7U\/Yc\/4p\/wBlcstGdND3se1eJxKlVpXCfUDq\/wAG32Cv4b\/uraa4Fb6rPENsc8iL12o7qvPuBxU1oD396zrHfOpjR5W3XEwGyMgHG3PPIrphU0Vj8bt3oiTqVK0qiUbt53yu+q51DVNIFykiPIVD92VZAVkieJt6Or5PiDYPQdK9W+mBLgzqwC9xHAIwuAqRNIy4Of8ApCOnQCuXxe3m1a7e9dI1bYN084aVwPkxKM7vn6DB9DiITXLs8C6nJPQCWbJPoPFV3WaWaOeHoKUm1GpHJ2eT14dvE7LFpzxSSvDMFEziRlaMsVfYkZaMh1AyEU4YNzz04rzqujd9brarIUjHdhgQW7yOPH1p8Mp2tgBsEEjI865Pq95f2szQTXM4ZCMjvpccgEEHd0IIrKtXv5LWW9F64SFlRgbiXcS5UDaBwR4vUdDRVXe1tCr9CtRUukjZ2s8876bt51mCOUNmSRCApAVIii8kHJzI2cYwMY6n8mHZaZLEsiLOu2SaWYnuW3gzSNIwVu9wMFiASDjjrXHV1y8PAu5\/7Wb+Ktoi0jUOBNqiQSMARFNeSpJg9MqM7c+QODUxqt6Iit6H6FJ1KsVft8FmdAvrAvLHcRyBJI1kTxKWRo5ChZWUMpzmNCCDxjoc1kWkJTcWYM7tuY7SFztVQFXJIUBF4yfPnmuOavc6haStBPPcKy8476XBB6MpDYKn1+fzBqT0+y1CSITy6j7PG\/yGmupU346lBySPfimNvJJ3E\/RGCCqSrRwvR559nE6Fb6GiyQTFiZIIe5yBhXAChC65OduHIGeDIx9Kv6Jp3s0Ih378NK2duOZZXlPGT0LkfMBXK7326OdLZL2SVpApQw3Ero+8kDDZHmDnPSsnWYL61QudUR2VwjJHdzM6Mc8MvHAIIPoeKOo88iq9ExvFKtG8tMnn8MuGdszrNK4lpeoX1zMkMV1OXkYKo76bHPmfF0AyT7hWPNrN4jFGupwykqwMs2QQcEHxdc1Tpeo3\/wDgzxYekjfW2emlzutUWMPJGhBIJYsOfkhG5OPLcyfSK4R9Xrv+dz\/2s38VZel6\/f8AeKIZ5HdsqAZZCMfKbknjhc\/kqY1o3Vylf0HVp05TxJ2V952h+xumscmwhJ98fI+avcPZDT0dZEsoVdDlWCYZSOcg+RrmEms6yhx3rHqOZG+nGzP\/AL1dfV9ax4ZiSP6Y\/enz81t9po\/iR4vRz4G2apCyxQoBgJduqgAjCiQ7Rj02kfkrMs73uCSImbdjlcY4GOufnrQRr179ZF1PHGpvI3dvPwsuA8hOAvhGcYyODXVIri2IyJoMH0dT+xqxhBOWJPq5ZFm7Kxiy3gfBGRmSI4I5HyuD781hS64yKFjUtkZJDRjBP4TA5rM1S7g+thJoz9ej3bRngHJPB9Mj8tZM9\/bdDOo+dW\/fWmBu+fxK3RA3KsVttvlOnn08J9PPmp2KzV5Zu9j3JtiUZUkHG9mHHXBK\/orVu2GvmFrb2OVGbvHLLsB4EZx1Plknr1A8ga1dbrVpZrgreYUFG2FpVVe838KIpFx8gk+8545qkcEH6z6+WRZ3eh1hdEtP5rH+WH+9a9XtjFFCxiiVfFGx2oBwrgk8DyG79NcVul1M9NRmB\/o3F5+gG4+b1rJu01GOzeaW\/ncb0RgZZOFIfp4\/UAHr1q8dpovKLLUqE6k4w0u0ubsdaqK7U\/Yc\/wCKf9lcb+r13\/O5\/wC1m\/iqkmtXLgq9zMynghpJSCPQgnBFYuqraHvU\/QNWM4yxrJp7+JZpVjNK5j9jjPJrcvgux39xuBI9kucgHBIzFnB8jWpPbsCQVII4I8xipPs\/q8tkzvHEjGSN4zvDEbHILY2svPhFa0pKM02eVt9OVahOENXpnbenr3E98IkLOLeeAg2TIEt1AwsZA8cbj7oSpJJ5OCPtaxfg805Wma6lMax2yiTdI22PvWO2FXbyG\/nPPyffWBpmuTQQTWxiSSKbBZZAxCsPt12sNrfJ5\/oivH1YlFmbJYkCFxIWAbvGYcDc27bgccADoPfm+OLlj+HWcv2etHZ3s60vbFl7Dzbt+Ld1t34myduLAzWkV57RDPLFiG4aCTepBJMTscDB+1PHJYVh6P8A5EvPxsH+8KhtG1eW1SeIRq6zxhXVwxGBnBXawww3HB8qyNH7Qy20Elv7NBLHIyuwlR2yVxj5LqMDGanpIuWLqt36eBT7NWhS6JJNRnGUdFdXxNW0VndLqtwPPYFV+qNt3g8PejGem7nZ+XvNtY\/ajvRe3Hebt3fPuz+GfXyxjHljGOK8atfyTyCQQxw7VChIE2IuCTlRknOSTnNTTdr5ZADcWVrPIAFEskRLED7ptcBv0VVYWsN9\/A3arxqqvGF244WsSyzbyej4cuBkdqm36dprTk94VlBP23chwEPv8OCM+p99ePhW3i+KjIjWKIRAfJEez7X3bt\/0Vr2sX093KZZiWYgBegUKOiBRwFGen76lbPtPKIkguLaG4WIYTvkJZBx4VdSDt4HBz0HoKlzjK67PgZU9mq0cE4pNrHdJ2Sxu\/qt5ZadZC6NqD2s8dwnLI4YA5wfUH5wSPy1s3abToLq3bVLQuo7zE8Lc7GkOd0bealmHH9LyxgRdxrkjXEc\/stuBGndrEseIdp35Vkzk53tnnzq5q3aCWeEW0dtFBFv3MsSEbnAwC5JJOPIfN6CoTiotPPh2+dTSpCtOrCpGOF\/5PEmsN3eLW\/inufYS3YfTzHbzXvfxQyMDBbvO+wB2AMjKcE7gnAwOu6sf4RNPAkS8jaNkuV8bQtuiEy4EoVsDgnkZwT4uKh9U1aW4hht+6VI4AwUIGGd+CzPuY5YkZzx1NeotYlWzaxMSMjP3gZg29H2hcoQwA4HoflH1qznHDg8383RlHZa6r\/ab5ttOOWUNPavnaylbjcg62r4PLYvcuwXOyN+cHhnKKvPkSN36a1nuG\/kn9Fbb2Wyts58X+NzjJAz3cPJwfT\/1xWN7K5f0vUw7K0t7S\/f9jaNWtZ87likHIx4T6e75h+mvCyOQhaNx5ldjbjjy9fWoOXWu78HekfJBxLIAST04I5+b9FTdxDfQuheK5MXJco829eD5nK4yR19Oo61lGljeWLPqPyN7LcQGsWBusw9xKd11IxKxSNgCTI+SjcYXHOetbrp3Z2MRhfYlGP5cJJ\/8A1Gl1kYM1vqUgG7jMWGzuUZ3SeH1HyTyPOrFxYWrYl9l1A8fIBt8j8pGR68GuyMYrV8d\/wDBi3f+icXs+i8CygOT\/N2H5c+z1aj0TyFgmOhIQKcflgzjioOLSbXobLUuSSMvbDrk8HIq6uj2i4\/5vviR5b7TdknqcsPX9H02kovf8Rn5Rj9pOyZjlhkhtpN25smNC23wNgNthBCk45yPLjoa9aFZ3QWffbyDMuBvjZdwWJMHkdMsw8+Qayn0eBzkWmoIUcSArLZDPdsGAI38qcDjHTzrzqmmTyuhgtLlgWG7fNCUCguC5WNCC3T7YH5JweapUpJrLxXHsLKXE9vp8x6x7cj0HUj\/ANfTTWNHnezljVdzEIQq4zlJEY9cehrA1W0eCTu3JV2BcKAwOM4yQPLIIrCWAMcEsQQOobHlk5auKLVOWad+35G0ZSTU4vTPlmaKV9aVcMJ9PIetO4b+Sf0Vuz99F3szxSr3cN\/JNUqhviXE7cCfU\/TTcfU\/TVKpXuXPldketx9T9NNx9T9NUpS4siuT6n6aZPqfpqlKXFkVyfU\/TTJ9T9NUpS4siu4+p+mm4+p+mvNKXFketx9T9NNx9T9NeaUuLI9bj6n6abj6n6a80pcWR63H1P01j3FnHIcyRox9WUE\/SRV6lHnqSlYj5dCtXGHtYmHoUXFFt7qKIxW97Ko+1LSFmUeSlpVkzj3AcYHvMhVaq4p+beBNyFu49WIHd6q2cDduEAGQBkjbbe79NWrtNZZgY9TCqAM5KEk+Zx7NjHuqfpUKmlvfNi5rBttdzxrI6fc4\/T8TXs2usnrrJ6eSR+p6\/WefL6K2SlWsQa3HZayOutsRkcdzH08xnbn0+bmsi3stSPE+ryOMYG2PYeo84nXnAYZ\/pZ8qnKVDjcm5GWGgwRAlk712OXlnxJK3AHLuCcYHTp18yScoabB1FtD\/AGMf8NZNKmyIuVyfU\/TTcfU\/TVKVNyLIrk+p+mlUpU3FkKpVapUElaUpQClKUApSlAUpSlAKUpQClKUApSlAKrVKrQClKUApSlAKUpQClKUApSlAKUpQCqVWqUBWlKUApSlAKUpQFKUpQClKUApSlAKUpQCq1Sq0ApSlAKUpQClKUApSlAKUpQClKUAqlKUBWlKUApSlAKUpQFDSlKAUpSgFKUoBSlKAVWlKAUpSgFKUoBSlKAUpSgFKUoBSlKA\/\/9k=\" width=\"100\" height=\"100\" \/><\/td>\n<td style=\"width: 80.7947%;\"><a href=\"https:\/\/www.viskikarolymuzeum.hu\/\" target=\"_blank\" rel=\"noopener\">Viski K\u00e1roly M\u00fazeum<\/a> (6300 Kalocsa, Szent Istv\u00e1n kir\u00e1ly \u00fat 25.)<\/td>\n<\/tr>\n<tr>\n<td style=\"width: 19.0397%;\"><a href=\"http:\/\/regeszet.bibl.u-szeged.hu\/wp-content\/uploads\/2017\/11\/TessedikSMuzeum.jpg\"><img loading=\"lazy\" decoding=\"async\" class=\"aligncenter wp-image-1767\" src=\"http:\/\/regeszet.bibl.u-szeged.hu\/wp-content\/uploads\/2017\/11\/TessedikSMuzeum.jpg\" alt=\"\" width=\"100\" height=\"125\" \/><\/a><\/td>\n<td style=\"width: 80.7947%;\"><a href=\"https:\/\/szarvasimuzeum.hu\/\" target=\"_blank\" rel=\"noopener\">Tessedik S\u00e1muel M\u00fazeum<\/a> (5540 Szarvas, Vajda P\u00e9ter u. 1.)<\/td>\n<\/tr>\n<tr>\n<td style=\"width: 19.0397%;\"><a href=\"http:\/\/regeszet.bibl.u-szeged.hu\/wp-content\/uploads\/2017\/11\/MatricaMuzeum.jpg\"><img loading=\"lazy\" decoding=\"async\" class=\"aligncenter wp-image-1770\" src=\"http:\/\/regeszet.bibl.u-szeged.hu\/wp-content\/uploads\/2017\/11\/MatricaMuzeum.jpg\" alt=\"\" width=\"100\" height=\"166\" \/><\/a><\/td>\n<td style=\"width: 80.7947%;\"><a href=\"https:\/\/matricamuzeum.hu\/\" target=\"_blank\" rel=\"noopener\">&#8222;Matrica&#8221; M\u00fazeum \u00e9s R\u00e9g\u00e9szeti Park<\/a> (2440 Sz\u00e1zhalombatta, Geszteny\u00e9s \u00fat 1-3.)<\/td>\n<\/tr>\n<tr>\n<td style=\"width: 19.0397%;\"><img loading=\"lazy\" decoding=\"async\" class=\"aligncenter\" src=\"https:\/\/www.nocmuzeja.rs\/var\/site\/storage\/images\/0\/9\/0\/5\/35090-1-ser-SR\/Gradski-muzej-Subotica.jpg\" width=\"100\" height=\"100\" \/><\/td>\n<td style=\"width: 80.7947%;\"><a href=\"https:\/\/gradskimuzej.subotica.rs\/?cat=1&amp;lang=hu\" target=\"_blank\" rel=\"noopener\">V\u00e1rosi M\u00fazeum Szabadka<\/a> \/ <a href=\"https:\/\/gradskimuzej.subotica.rs\/?lang=sr\" target=\"_blank\" rel=\"noopener\">Gradski Muzej Subotica<\/a> (24000 Szabadka, Szerbia, Zsinag\u00f3ga t\u00e9r 3.)<\/td>\n<\/tr>\n<tr>\n<td style=\"width: 19.0397%;\"><a href=\"http:\/\/regeszet.bibl.u-szeged.hu\/wp-content\/uploads\/2017\/11\/MTA.jpg\"><img loading=\"lazy\" decoding=\"async\" class=\"aligncenter wp-image-1772\" src=\"http:\/\/regeszet.bibl.u-szeged.hu\/wp-content\/uploads\/2017\/11\/MTA.jpg\" alt=\"\" width=\"100\" height=\"34\" \/><\/a><\/td>\n<td style=\"width: 80.7947%;\"><a href=\"https:\/\/www.arpad.btk.mta.hu\/\" target=\"_blank\" rel=\"noopener\">Magyar Tudom\u00e1nyos Akad\u00e9mia, B\u00f6lcs\u00e9szettudom\u00e1nyi Kutat\u00f3k\u00f6zpont, Magyar \u0150st\u00f6rt\u00e9neti T\u00e9macsoport<\/a> (1014 Budapest, Orsz\u00e1gh\u00e1z u. 30.)<\/td>\n<\/tr>\n<tr>\n<td style=\"width: 19.0397%;\"><a href=\"http:\/\/regeszet.bibl.u-szeged.hu\/wp-content\/uploads\/2017\/11\/Torino.jpg\"><img loading=\"lazy\" decoding=\"async\" class=\"aligncenter wp-image-1774\" src=\"http:\/\/regeszet.bibl.u-szeged.hu\/wp-content\/uploads\/2017\/11\/Torino.jpg\" alt=\"\" width=\"100\" height=\"100\" \/><\/a><\/td>\n<td style=\"width: 80.7947%;\"><a href=\"https:\/\/www.unito.it\/\" target=\"_blank\" rel=\"noopener\">Universit\u00e0 degli Studi di Torino<\/a> (10124 Torino, Via Verdi 8.)<\/td>\n<\/tr>\n<tr>\n<td style=\"width: 19.0397%;\"><a href=\"http:\/\/regeszet.bibl.u-szeged.hu\/wp-content\/uploads\/2017\/11\/Babes_Bolyai.jpg\"><img loading=\"lazy\" decoding=\"async\" class=\"aligncenter wp-image-1776\" src=\"http:\/\/regeszet.bibl.u-szeged.hu\/wp-content\/uploads\/2017\/11\/Babes_Bolyai.jpg\" alt=\"\" width=\"100\" height=\"100\" \/><\/a><\/td>\n<td style=\"width: 80.7947%;\"><a href=\"https:\/\/www.ubbcluj.ro\/hu\/\" target=\"_blank\" rel=\"noopener\">Babe\u0219\u2013Bolyai Tudom\u00e1nyegyetem<\/a> (400084 Kolozsv\u00e1r, Rom\u00e1nia, M. Kog\u0103lniceanu \/Farkas\/ utca 1.)<\/td>\n<\/tr>\n<tr>\n<td style=\"width: 19.0397%;\"><a href=\"http:\/\/regeszet.bibl.u-szeged.hu\/wp-content\/uploads\/2017\/11\/mainz.png\"><img loading=\"lazy\" decoding=\"async\" class=\"aligncenter wp-image-1788\" src=\"http:\/\/regeszet.bibl.u-szeged.hu\/wp-content\/uploads\/2017\/11\/mainz.png\" alt=\"\" width=\"100\" height=\"100\" \/><\/a><\/td>\n<td style=\"width: 80.7947%;\"><a href=\"https:\/\/www.uni-mainz.de\/\" target=\"_blank\" rel=\"noopener\">Johannes Gutenberg-Universit\u00e4t<\/a> (55128 Mainz, Ackermannweg 11.)<\/td>\n<\/tr>\n<\/tbody>\n<\/table>\n<p>&nbsp;<\/p>\n","protected":false},"excerpt":{"rendered":"<p>Koszta J\u00f3zsef M\u00fazeum (6600 Szentes, Kossuth t\u00e9r 1.) Nagy Gyula Ter\u00fcleti M\u00fazeum (5900 Orosh\u00e1za, D\u00f3zsa Gy. u. 5) Tornyai J\u00e1nos M\u00fazeum \u00e9s K\u00f6zm\u0171vel\u0151d\u00e9si K\u00f6zpont (6800 H\u00f3dmez\u0151v\u00e1s\u00e1rhely, Dr. Rapcs\u00e1k Andr\u00e1s \u00fat 16\u201318) Viski K\u00e1roly M\u00fazeum (6300 Kalocsa, Szent Istv\u00e1n kir\u00e1ly \u00fat 25.) Tessedik S\u00e1muel M\u00fazeum (5540 Szarvas, Vajda P\u00e9ter u. 1.) &#8222;Matrica&#8221; M\u00fazeum \u00e9s R\u00e9g\u00e9szeti Park &hellip; <a href=\"https:\/\/regeszet.bibl.u-szeged.hu\/index.php\/tanszekunk\/partnereink\/\" class=\"more-link\"><span class=\"screen-reader-text\">Partnereink<\/span> b\u0151vebben&#8230; <span class=\"meta-nav\">&rarr;<\/span><\/a><\/p>\n","protected":false},"author":1,"featured_media":0,"parent":37,"menu_order":2,"comment_status":"closed","ping_status":"closed","template":"","meta":{"footnotes":""},"class_list":["post-95","page","type-page","status-publish","hentry"],"_links":{"self":[{"href":"https:\/\/regeszet.bibl.u-szeged.hu\/index.php\/wp-json\/wp\/v2\/pages\/95","targetHints":{"allow":["GET"]}}],"collection":[{"href":"https:\/\/regeszet.bibl.u-szeged.hu\/index.php\/wp-json\/wp\/v2\/pages"}],"about":[{"href":"https:\/\/regeszet.bibl.u-szeged.hu\/index.php\/wp-json\/wp\/v2\/types\/page"}],"author":[{"embeddable":true,"href":"https:\/\/regeszet.bibl.u-szeged.hu\/index.php\/wp-json\/wp\/v2\/users\/1"}],"replies":[{"embeddable":true,"href":"https:\/\/regeszet.bibl.u-szeged.hu\/index.php\/wp-json\/wp\/v2\/comments?post=95"}],"version-history":[{"count":30,"href":"https:\/\/regeszet.bibl.u-szeged.hu\/index.php\/wp-json\/wp\/v2\/pages\/95\/revisions"}],"predecessor-version":[{"id":4549,"href":"https:\/\/regeszet.bibl.u-szeged.hu\/index.php\/wp-json\/wp\/v2\/pages\/95\/revisions\/4549"}],"up":[{"embeddable":true,"href":"https:\/\/regeszet.bibl.u-szeged.hu\/index.php\/wp-json\/wp\/v2\/pages\/37"}],"wp:attachment":[{"href":"https:\/\/regeszet.bibl.u-szeged.hu\/index.php\/wp-json\/wp\/v2\/media?parent=95"}],"curies":[{"name":"wp","href":"https:\/\/api.w.org\/{rel}","templated":true}]}}