{"id":97,"date":"2017-11-22T08:45:33","date_gmt":"2017-11-22T07:45:33","guid":{"rendered":"http:\/\/regeszet.bibl.u-szeged.hu\/?page_id=97"},"modified":"2022-02-08T09:43:40","modified_gmt":"2022-02-08T08:43:40","slug":"rolunk-irtak","status":"publish","type":"page","link":"https:\/\/regeszet.bibl.u-szeged.hu\/index.php\/tanszekunk\/rolunk-irtak\/","title":{"rendered":"R\u00f3lunk \u00edrt\u00e1k"},"content":{"rendered":"<p><strong>Tan\u00e1sat\u00e1sb\u00f3l tangy\u0171jtem\u00e9ny. V\u00e1logat\u00e1s a szegedi R\u00e9g\u00e9szeti Tansz\u00e9k leleteib\u0151l<\/strong><\/p>\n<ul>\n<li><a href=\"http:\/\/szegedma.hu\/hir\/szeged\/2016\/10\/a-szegedi-regeszeti-tanszek-leleteibol-nyilik-kiallitas-november-2-an.html\" target=\"_blank\" rel=\"noopener\">http:\/\/szegedma.hu\/hir\/szeged\/2016\/10\/a-szegedi-regeszeti-tanszek-leleteibol-nyilik-kiallitas-november-2-an.html<\/a><\/li>\n<li><a href=\"http:\/\/tiszatajonline.hu\/?p=100784\" target=\"_blank\" rel=\"noopener\">http:\/\/tiszatajonline.hu\/?p=100784<\/a><\/li>\n<li><a href=\"http:\/\/vtvszeged.hu\/sa_hirek\/i_tudomany_9\/i_regeszeti_tarlat_nyilt_az_egyetem_folyosojan_19569\/t_R%C3%A9g%C3%A9szeti%20t%C3%A1rlat%20ny%C3%ADlt%20az%20egyetem%20folyos%C3%B3j%C3%A1n\/index.html\" target=\"_blank\" rel=\"noopener\">http:\/\/vtvszeged.hu\/sa_hirek\/i_tudomany_9\/i_regeszeti_tarlat_nyilt_az_egyetem_folyosojan_19569\/t_R%C3%A9g%C3%A9szeti%20t%C3%A1rlat%20ny%C3%ADlt%20az%20egyetem%20folyos%C3%B3j%C3%A1n\/index.html<\/a><\/li>\n<li><a href=\"http:\/\/szegedhirado.hu\/regeszeti-kincseket-allitottak-ki-az-egyetemen\" target=\"_blank\" rel=\"noopener\">http:\/\/szegedhirado.hu\/regeszeti-kincseket-allitottak-ki-az-egyetemen<\/a><\/li>\n<li><a href=\"http:\/\/szegedma.hu\/hir\/szeged\/2016\/11\/kozkinccse-valt-a-szegedi-egyetem-regeszeti-gyujtemenye-fotok.html\" target=\"_blank\" rel=\"noopener\">http:\/\/szegedma.hu\/hir\/szeged\/2016\/11\/kozkinccse-valt-a-szegedi-egyetem-regeszeti-gyujtemenye-fotok.html<\/a><\/li>\n<\/ul>\n<p><strong>Elsodort int\u00e9zetek. A kolozsv\u00e1ri \u00e9s a szegedi R\u00e9g\u00e9szeti Int\u00e9zet els\u0151 \u00f6tven \u00e9ve (1899\u20131949)<\/strong><\/p>\n<ul>\n<li><a href=\"http:\/\/szegedma.hu\/hir\/szeged\/2016\/04\/regeszeti-erdekessegek-a-tik-ben-fotok.html\" target=\"_blank\" rel=\"noopener\">http:\/\/szegedma.hu\/hir\/szeged\/2016\/04\/regeszeti-erdekessegek-a-tik-ben-fotok.html<\/a><\/li>\n<li><a href=\"http:\/\/www.u-szeged.hu\/tik\/szte-tik-2016-aprilis\/elsodort-intezetek\" target=\"_blank\" rel=\"noopener\">http:\/\/www.u-szeged.hu\/tik\/szte-tik-2016-aprilis\/elsodort-intezetek<\/a><\/li>\n<li><a href=\"http:\/\/szegedma.hu\/hir\/szeged\/2016\/04\/kiallitas-a-kolozsvari-es-szegedi-regeszeti-intezet-elso-otven-everol.html\" target=\"_blank\" rel=\"noopener\">http:\/\/szegedma.hu\/hir\/szeged\/2016\/04\/kiallitas-a-kolozsvari-es-szegedi-regeszeti-intezet-elso-otven-everol.html<\/a><\/li>\n<li><a href=\"http:\/\/ww2.bibl.u-szeged.hu\/index.php\/programok\/kiallitas\/1537-elsodort-intezetek\" target=\"_blank\" rel=\"noopener\">http:\/\/ww2.bibl.u-szeged.hu\/index.php\/programok\/kiallitas\/1537-elsodort-intezetek<\/a><\/li>\n<li><a href=\"http:\/\/promenad.hu\/cikk\/kiallitas-a-regeszeti-intezet-otven-everol-165254\" target=\"_blank\" rel=\"noopener\">http:\/\/promenad.hu\/cikk\/kiallitas-a-regeszeti-intezet-otven-everol-165254<\/a><\/li>\n<li><a href=\"http:\/\/iszeged.hu\/program\/elsodort-intezetek-a-kolozsvari-szegedi-regeszeti-intezet-elso-evtizedei-1899-1950-cimu-kiallitas-megnyitoja\" target=\"_blank\" rel=\"noopener\">http:\/\/iszeged.hu\/program\/elsodort-intezetek-a-kolozsvari-szegedi-regeszeti-intezet-elso-evtizedei-1899-1950-cimu-kiallitas-megnyitoja<\/a><\/li>\n<\/ul>\n<p><strong>R\u00e9g\u00e9szeti el\u0151ad\u00e1s a Vakok Klubj\u00e1ban<\/strong><\/p>\n<ul>\n<li><a href=\"http:\/\/szegedma.hu\/hir\/szeged\/2016\/04\/regeszeti-eloadas-a-szegedi-vakok-klubjaban-fotok.html\" target=\"_blank\" rel=\"noopener\">http:\/\/szegedma.hu\/hir\/szeged\/2016\/04\/regeszeti-eloadas-a-szegedi-vakok-klubjaban-fotok.html<\/a><\/li>\n<\/ul>\n<p><strong>Tansz\u00e9ki gy\u0171jtem\u00e9ny\u00fcnkr\u0151l<\/strong><\/p>\n<ul>\n<li><a href=\"http:\/\/szegedma.hu\/hir\/szeged\/2015\/11\/az-egyetem-regeszei-a-nagykozonseg-fele-nyitnanak.html\" target=\"_blank\" rel=\"noopener\">http:\/\/szegedma.hu\/hir\/szeged\/2015\/11\/az-egyetem-regeszei-a-nagykozonseg-fele-nyitnanak.html<\/a><\/li>\n<\/ul>\n<p><strong>PhD-hallgat\u00f3nk kutat\u00e1si eredm\u00e9nyei a Forbes-magazinban<\/strong><\/p>\n<ul>\n<li><a href=\"http:\/\/www.forbes.com\/sites\/kristinakillgrove\/2015\/09\/30\/brawny-bones-reveal-10th-century-hungarian-warriors-were-accomplished-archers\/\" target=\"_blank\" rel=\"noopener\">http:\/\/www.forbes.com\/sites\/kristinakillgrove\/2015\/09\/30\/brawny-bones-reveal-10th-century-hungarian-warriors-were-accomplished-archers\/<\/a><\/li>\n<\/ul>\n<p><strong>R\u00e9g\u00e9szhallgat\u00f3ink Kecskem\u00e9ten<\/strong><\/p>\n<ul>\n<li><a href=\"http:\/\/www.baon.hu\/bacs-kiskun\/kultura\/regeszeti-kuriozum-kecskemet-belvarosaban-620169\" target=\"_blank\" rel=\"noopener\">http:\/\/www.baon.hu\/bacs-kiskun\/kultura\/regeszeti-kuriozum-kecskemet-belvarosaban-620169<\/a><\/li>\n<\/ul>\n<p><strong>A domb\u00f3v\u00e1ri v\u00e1r felt\u00e1r\u00e1s\u00e1r\u00f3l<\/strong><\/p>\n<ul>\n<li><a href=\"http:\/\/mno.hu\/tudomany\/kozepkori-leletekre-bukkantak-a-dombovari-var-teruleten-1296365\" target=\"_blank\" rel=\"noopener\">http:\/\/mno.hu\/tudomany\/kozepkori-leletekre-bukkantak-a-dombovari-var-teruleten-1296365<\/a><\/li>\n<li><a href=\"http:\/\/hvg.hu\/instant_tudomany\/20140802_Boldogok_a_regeszek_talaltak_valamit_Domb\" target=\"_blank\" rel=\"noopener\">http:\/\/hvg.hu\/instant_tudomany\/20140802_Boldogok_a_regeszek_talaltak_valamit_Domb<\/a><\/li>\n<li><a href=\"http:\/\/dombo-tv.hu\/index.php\/home\/dombovar\/item\/1000-asatasok-a-gyolyavarnal\" target=\"_blank\" rel=\"noopener\">http:\/\/dombo-tv.hu\/index.php\/home\/dombovar\/item\/1000-asatasok-a-gyolyavarnal<\/a><\/li>\n<li><a href=\"http:\/\/www.metropol.hu\/kultura\/cikk\/1214393\" target=\"_blank\" rel=\"noopener\">http:\/\/www.metropol.hu\/kultura\/cikk\/1214393<\/a><\/li>\n<li><a href=\"http:\/\/profitline.hu\/hircentrum\/hir\/336254\/Feltartak-a-dombovari-var-kozepkori-reteget\" target=\"_blank\" rel=\"noopener\">http:\/\/profitline.hu\/hircentrum\/hir\/336254\/Feltartak-a-dombovari-var-kozepkori-reteget<\/a><\/li>\n<\/ul>\n<p><strong>Trogmayer Ott\u00f3r\u00f3l k\u00e9sz\u00fclt film az SZTEtelev\u00edzi\u00f3 SZTE BTK st\u00fadi\u00f3 Professzorok c\u00edm\u0171 portr\u00e9film sorozatban<\/strong><\/p>\n<ul>\n<li><a href=\"http:\/\/www.u-szeged.hu\/egyetemrol-141002\/professzorok\/dr-trogmayer-otto-regesz\" target=\"_blank\" rel=\"noopener\">http:\/\/www.u-szeged.hu\/egyetemrol-141002\/professzorok\/dr-trogmayer-otto-regesz<\/a><\/li>\n<\/ul>\n<p><strong>Tansz\u00e9k\u00fcnk essz\u00e9p\u00e1ly\u00e1zat\u00e1r\u00f3l<\/strong><\/p>\n<ul>\n<li><a href=\"http:\/\/makohirado.hu\/hirek\/szines\/2015\/01\/22\/inokai-mate-mora-ferenccel-lett-az-elso.html\" target=\"_blank\" rel=\"noopener\">http:\/\/makohirado.hu\/hirek\/szines\/2015\/01\/22\/inokai-mate-mora-ferenccel-lett-az-elso.html<\/a><\/li>\n<\/ul>\n<p><strong>A H\u00f3dmez\u0151v\u00e1s\u00e1rhely \u2013 Gorzsa, X. homokb\u00e1nya felt\u00e1r\u00e1s\u00e1r\u00f3l:<\/strong><\/p>\n<ul>\n<li><a href=\"https:\/\/www.youtube.com\/watch?v=xhjGWT32yjA\" target=\"_blank\" rel=\"noopener\">https:\/\/www.youtube.com\/watch?v=xhjGWT32yjA<\/a><\/li>\n<li><a href=\"http:\/\/szegedma.hu\/hir\/szeged\/2014\/03\/arpad-kori-malomjatekot-mutattak-be-hodmezovasarhelyen.html\" target=\"_blank\" rel=\"noopener\">http:\/\/szegedma.hu\/hir\/szeged\/2014\/03\/arpad-kori-malomjatekot-mutattak-be-hodmezovasarhelyen.html<\/a><\/li>\n<li><a href=\"http:\/\/szegedma.hu\/hir\/szeged\/2009\/10\/gorzsaban-asnak-a-regeszek-es-a-regeszhallgatok.html\" target=\"_blank\" rel=\"noopener\">http:\/\/szegedma.hu\/hir\/szeged\/2009\/10\/gorzsaban-asnak-a-regeszek-es-a-regeszhallgatok.html<\/a><\/li>\n<li><a href=\"http:\/\/mult-kor.hu\/20140320_arpadkori_malomjatekot_mutattak_be\" target=\"_blank\" rel=\"noopener\">http:\/\/mult-kor.hu\/20140320_arpadkori_malomjatekot_mutattak_be<\/a><\/li>\n<li><a href=\"http:\/\/promenad.hu\/cikk\/kulonleges-gorzsai-kincs-a-tornyaiban-140807\" target=\"_blank\" rel=\"noopener\">http:\/\/promenad.hu\/cikk\/kulonleges-gorzsai-kincs-a-tornyaiban-140807<\/a><\/li>\n<li><a href=\"http:\/\/www.vasarhelyihirek.hu\/mesel_a_gazdag_leletanyag\" target=\"_blank\" rel=\"noopener\">http:\/\/www.vasarhelyihirek.hu\/mesel_a_gazdag_leletanyag<\/a><\/li>\n<li><a href=\"https:\/\/www.delmagyar.hu\/hodmezovasarhely-es-kornyeke\/2009\/09\/evezredes-telepulest-talaltak\" target=\"_blank\" rel=\"noopener\">https:\/\/www.delmagyar.hu\/hodmezovasarhely-es-kornyeke\/2009\/09\/evezredes-telepulest-talaltak<\/a><\/li>\n<\/ul>\n<p><strong>A dabasi honfoglal\u00e1s kori lel\u0151hely felt\u00e1r\u00e1s\u00e1r\u00f3l:<\/strong><\/p>\n<ul>\n<li><a href=\"http:\/\/sirasok.blog.hu\/2011\/02\/14\/dabas_2\" target=\"_blank\" rel=\"noopener\">http:\/\/sirasok.blog.hu\/2011\/02\/14\/dabas_2<\/a><\/li>\n<li><a href=\"http:\/\/mult-kor.hu\/20101013_honfoglalas_kori_temetot_tartak_fel_dabason\" target=\"_blank\" rel=\"noopener\">http:\/\/mult-kor.hu\/20101013_honfoglalas_kori_temetot_tartak_fel_dabason<\/a><\/li>\n<\/ul>\n<p><strong>A szentesi m\u00fazeummal k\u00f6z\u00f6s m\u00fazeumpedag\u00f3giai foglalkoz\u00e1sr\u00f3l:<\/strong><\/p>\n<ul>\n<li><a href=\"http:\/\/www.delmagyar.hu\/szentes_hirek\/egyetemistak_tanitottak_a_deakosokat\/2283560\/\" target=\"_blank\" rel=\"noopener\">http:\/\/www.delmagyar.hu\/szentes_hirek\/egyetemistak_tanitottak_a_deakosokat\/2283560\/<\/a><\/li>\n<\/ul>\n<p><strong>Szeged, Kiskundorozsma, IV. homokb\u00e1nya kelta kori lel\u0151hely felt\u00e1r\u00e1s\u00e1r\u00f3l:<\/strong><\/p>\n<ul>\n<li><a href=\"http:\/\/szegedma.hu\/hir\/szeged\/2010\/05\/tanasatas-keltak-kozt-tanultak-a-szakmat-a-hallgatok.html\" target=\"_blank\" rel=\"noopener\">http:\/\/szegedma.hu\/hir\/szeged\/2010\/05\/tanasatas-keltak-kozt-tanultak-a-szakmat-a-hallgatok.html<\/a><\/li>\n<li><a href=\"http:\/\/www.rtlklub.hu\/video\/52756\" target=\"_blank\" rel=\"noopener\">http:\/\/www.rtlklub.hu\/video\/52756<\/a><\/li>\n<li><a href=\"http:\/\/www.delmagyar.hu\/szeged_hirek\/szenzacios_kelta_sirok_szegednel\/2095553\/\" target=\"_blank\" rel=\"noopener\">http:\/\/www.delmagyar.hu\/szeged_hirek\/szenzacios_kelta_sirok_szegednel\/2095553\/<\/a><\/li>\n<li><a href=\"http:\/\/atv.hu\/eletmod\/090418_szenzacio__kelta_falut_talaltak_a_regeszek_szegeden_.html\" target=\"_blank\" rel=\"noopener\">http:\/\/atv.hu\/eletmod\/090418_szenzacio__kelta_falut_talaltak_a_regeszek_szegeden_.html<\/a><\/li>\n<li><a href=\"http:\/\/hevesmegye.hir6.hu\/cikk\/28887\/090418_kelta_temetot_talaltak_szeged_kozeleben\" target=\"_blank\" rel=\"noopener\">http:\/\/hevesmegye.hir6.hu\/cikk\/28887\/090418_kelta_temetot_talaltak_szeged_kozeleben<\/a><\/li>\n<li><a href=\"http:\/\/www.rtlklub.hu\/hirek\/belfold\/cikk\/260014\" target=\"_blank\" rel=\"noopener\">http:\/\/www.rtlklub.hu\/hirek\/belfold\/cikk\/260014<\/a><\/li>\n<li><a href=\"http:\/\/www.szegedon.hu\/szeged-vezeto-hir\/kelta-temetot-talaltak-szeged-kozeleben\" target=\"_blank\" rel=\"noopener\">http:\/\/www.szegedon.hu\/szeged-vezeto-hir\/kelta-temetot-talaltak-szeged-kozeleben<\/a><\/li>\n<\/ul>\n<p><strong>A margati v\u00e1r felt\u00e1r\u00e1s\u00e1r\u00f3l k\u00e9sz\u00fclt ki\u00e1ll\u00edt\u00e1sr\u00f3l:<\/strong><\/p>\n<ul>\n<li><a href=\"https:\/\/www.youtube.com\/watch?t=62&amp;v=WNPvFlgvUaM\" target=\"_blank\" rel=\"noopener\">https:\/\/www.youtube.com\/watch?t=62&amp;v=WNPvFlgvUaM<\/a><\/li>\n<\/ul>\n","protected":false},"excerpt":{"rendered":"<p>Tan\u00e1sat\u00e1sb\u00f3l tangy\u0171jtem\u00e9ny. V\u00e1logat\u00e1s a szegedi R\u00e9g\u00e9szeti Tansz\u00e9k leleteib\u0151l http:\/\/szegedma.hu\/hir\/szeged\/2016\/10\/a-szegedi-regeszeti-tanszek-leleteibol-nyilik-kiallitas-november-2-an.html http:\/\/tiszatajonline.hu\/?p=100784 http:\/\/vtvszeged.hu\/sa_hirek\/i_tudomany_9\/i_regeszeti_tarlat_nyilt_az_egyetem_folyosojan_19569\/t_R%C3%A9g%C3%A9szeti%20t%C3%A1rlat%20ny%C3%ADlt%20az%20egyetem%20folyos%C3%B3j%C3%A1n\/index.html http:\/\/szegedhirado.hu\/regeszeti-kincseket-allitottak-ki-az-egyetemen http:\/\/szegedma.hu\/hir\/szeged\/2016\/11\/kozkinccse-valt-a-szegedi-egyetem-regeszeti-gyujtemenye-fotok.html Elsodort int\u00e9zetek. A kolozsv\u00e1ri \u00e9s a szegedi R\u00e9g\u00e9szeti Int\u00e9zet els\u0151 \u00f6tven \u00e9ve (1899\u20131949) http:\/\/szegedma.hu\/hir\/szeged\/2016\/04\/regeszeti-erdekessegek-a-tik-ben-fotok.html http:\/\/www.u-szeged.hu\/tik\/szte-tik-2016-aprilis\/elsodort-intezetek http:\/\/szegedma.hu\/hir\/szeged\/2016\/04\/kiallitas-a-kolozsvari-es-szegedi-regeszeti-intezet-elso-otven-everol.html http:\/\/ww2.bibl.u-szeged.hu\/index.php\/programok\/kiallitas\/1537-elsodort-intezetek http:\/\/promenad.hu\/cikk\/kiallitas-a-regeszeti-intezet-otven-everol-165254 http:\/\/iszeged.hu\/program\/elsodort-intezetek-a-kolozsvari-szegedi-regeszeti-intezet-elso-evtizedei-1899-1950-cimu-kiallitas-megnyitoja R\u00e9g\u00e9szeti el\u0151ad\u00e1s a Vakok Klubj\u00e1ban http:\/\/szegedma.hu\/hir\/szeged\/2016\/04\/regeszeti-eloadas-a-szegedi-vakok-klubjaban-fotok.html Tansz\u00e9ki gy\u0171jtem\u00e9ny\u00fcnkr\u0151l http:\/\/szegedma.hu\/hir\/szeged\/2015\/11\/az-egyetem-regeszei-a-nagykozonseg-fele-nyitnanak.html PhD-hallgat\u00f3nk kutat\u00e1si eredm\u00e9nyei a Forbes-magazinban http:\/\/www.forbes.com\/sites\/kristinakillgrove\/2015\/09\/30\/brawny-bones-reveal-10th-century-hungarian-warriors-were-accomplished-archers\/ R\u00e9g\u00e9szhallgat\u00f3ink Kecskem\u00e9ten http:\/\/www.baon.hu\/bacs-kiskun\/kultura\/regeszeti-kuriozum-kecskemet-belvarosaban-620169 A domb\u00f3v\u00e1ri v\u00e1r felt\u00e1r\u00e1s\u00e1r\u00f3l http:\/\/mno.hu\/tudomany\/kozepkori-leletekre-bukkantak-a-dombovari-var-teruleten-1296365 &hellip; <a href=\"https:\/\/regeszet.bibl.u-szeged.hu\/index.php\/tanszekunk\/rolunk-irtak\/\" class=\"more-link\"><span class=\"screen-reader-text\">R\u00f3lunk \u00edrt\u00e1k<\/span> b\u0151vebben&#8230; <span class=\"meta-nav\">&rarr;<\/span><\/a><\/p>\n","protected":false},"author":1,"featured_media":0,"parent":37,"menu_order":3,"comment_status":"closed","ping_status":"closed","template":"","meta":{"footnotes":""},"class_list":["post-97","page","type-page","status-publish","hentry"],"_links":{"self":[{"href":"https:\/\/regeszet.bibl.u-szeged.hu\/index.php\/wp-json\/wp\/v2\/pages\/97","targetHints":{"allow":["GET"]}}],"collection":[{"href":"https:\/\/regeszet.bibl.u-szeged.hu\/index.php\/wp-json\/wp\/v2\/pages"}],"about":[{"href":"https:\/\/regeszet.bibl.u-szeged.hu\/index.php\/wp-json\/wp\/v2\/types\/page"}],"author":[{"embeddable":true,"href":"https:\/\/regeszet.bibl.u-szeged.hu\/index.php\/wp-json\/wp\/v2\/users\/1"}],"replies":[{"embeddable":true,"href":"https:\/\/regeszet.bibl.u-szeged.hu\/index.php\/wp-json\/wp\/v2\/comments?post=97"}],"version-history":[{"count":10,"href":"https:\/\/regeszet.bibl.u-szeged.hu\/index.php\/wp-json\/wp\/v2\/pages\/97\/revisions"}],"predecessor-version":[{"id":4551,"href":"https:\/\/regeszet.bibl.u-szeged.hu\/index.php\/wp-json\/wp\/v2\/pages\/97\/revisions\/4551"}],"up":[{"embeddable":true,"href":"https:\/\/regeszet.bibl.u-szeged.hu\/index.php\/wp-json\/wp\/v2\/pages\/37"}],"wp:attachment":[{"href":"https:\/\/regeszet.bibl.u-szeged.hu\/index.php\/wp-json\/wp\/v2\/media?parent=97"}],"curies":[{"name":"wp","href":"https:\/\/api.w.org\/{rel}","templated":true}]}}